{"id":1277,"date":"2023-06-27T09:08:33","date_gmt":"2023-06-27T07:08:33","guid":{"rendered":"https:\/\/mosel-kajak.de\/preise\/"},"modified":"2025-05-31T12:04:10","modified_gmt":"2025-05-31T10:04:10","slug":"preise","status":"publish","type":"page","link":"https:\/\/mosel-kajak.de\/de\/preise\/","title":{"rendered":"Trips &amp; Preise"},"content":{"rendered":"\n<hr class=\"wp-block-separator has-alpha-channel-opacity is-style-wide\"\/>\n\n<h3 class=\"wp-block-heading\" id=\"0-starting-from-palzem\">Ausflug ab Palzem<\/h3>\n\n<figure class=\"wp-block-image size-large is-resized\"><img data-recalc-dims=\"1\" loading=\"lazy\" decoding=\"async\" width=\"1024\" height=\"357\" src=\"https:\/\/i0.wp.com\/mosel-kajak.de\/wp-content\/uploads\/2025\/05\/Palzem-Tour.png?resize=1024%2C357&#038;ssl=1\" alt=\"\" class=\"wp-image-20754\" style=\"width:1200px;height:auto\" srcset=\"https:\/\/i0.wp.com\/mosel-kajak.de\/wp-content\/uploads\/2025\/05\/Palzem-Tour.png?resize=1024%2C357&amp;ssl=1 1024w, https:\/\/i0.wp.com\/mosel-kajak.de\/wp-content\/uploads\/2025\/05\/Palzem-Tour.png?resize=300%2C105&amp;ssl=1 300w, https:\/\/i0.wp.com\/mosel-kajak.de\/wp-content\/uploads\/2025\/05\/Palzem-Tour.png?resize=768%2C268&amp;ssl=1 768w, https:\/\/i0.wp.com\/mosel-kajak.de\/wp-content\/uploads\/2025\/05\/Palzem-Tour.png?resize=600%2C209&amp;ssl=1 600w, https:\/\/i0.wp.com\/mosel-kajak.de\/wp-content\/uploads\/2025\/05\/Palzem-Tour.png?w=1334&amp;ssl=1 1334w\" sizes=\"auto, (max-width: 1000px) 100vw, 1000px\" \/><\/figure>\n\n<p>Beginnen Sie Ihre Reise in <strong>Palzem<\/strong> und paddeln Sie gegen die <strong>sanfte Str\u00f6mung<\/strong> der <strong>Mosel<\/strong> in Richtung des <strong>Dreil\u00e4nderecks Schengen<\/strong>.<br\/>Fahren Sie so weit, wie Sie m\u00f6chten, bevor Sie mit der Str\u00f6mung zur\u00fccktreiben. <br\/><br\/><strong>Bootsbuchung 1 Stunde<\/strong> vor Abfahrt<strong>m\u00f6glich<\/strong> &#8211; bitte <strong>kontaktieren Sie uns<\/strong> oder <strong>buchen Sie online<\/strong> im Voraus, da das Personal nicht immer vor Ort ist.<\/p>\n\n<p><a href=\"https:\/\/mosel-kajak.de\/de\/standorte\/\" data-type=\"link\" data-id=\"https:\/\/mosel-kajak.de\/locations\/\">Siehe vollst\u00e4ndige Standortbeschreibung &amp; Details<\/a><\/p>\n<div class=\"wp-block-ub-content-toggle wp-block-ub-content-toggle-block\" id=\"ub-content-toggle-block-38eea253-9dba-4860-a5fe-332a90fe78b5\" data-mobilecollapse=\"false\" data-desktopcollapse=\"true\" data-preventcollapse=\"false\" data-showonlyone=\"false\">\n<div class=\"wp-block-ub-content-toggle-accordion\" style=\"border-color: #f1f1f1; \" id=\"ub-content-toggle-panel-block-\">\n\t\t\t<div class=\"wp-block-ub-content-toggle-accordion-title-wrap\" style=\"background-color: #f1f1f1;\" aria-controls=\"ub-content-toggle-panel-0-38eea253-9dba-4860-a5fe-332a90fe78b5\" tabindex=\"0\">\n\t\t\t<h3 class=\"wp-block-ub-content-toggle-accordion-title ub-content-toggle-title-38eea253-9dba-4860-a5fe-332a90fe78b5\" style=\"color: #000000; \"><strong>Prices for Palzem:<\/strong> (click) <\/h3>\n\t\t\t<div class=\"wp-block-ub-content-toggle-accordion-toggle-wrap left\" style=\"color: #000000;\"><span class=\"wp-block-ub-content-toggle-accordion-state-indicator wp-block-ub-chevron-down\"><\/span><\/div>\n\t\t<\/div>\n\t\t\t<div role=\"region\" aria-expanded=\"false\" class=\"wp-block-ub-content-toggle-accordion-content-wrap ub-hide\" id=\"ub-content-toggle-panel-0-38eea253-9dba-4860-a5fe-332a90fe78b5\">\n\n<p><strong>(Wasserdichte Taschen, Paddel und Schwimmwesten sind im Preis inbegriffen)  <\/strong><\/p>\n\n\n\n<figure class=\"wp-block-table\"><table class=\"has-fixed-layout\"><tbody><tr><td><strong>Stunden (Minimum 2 Stunden)  <\/strong><\/td><td><strong>Preis (pro Person)<\/strong><\/td><td><strong>Preis (2x Personen)<\/strong><\/td><\/tr><tr><td><strong>1h<\/strong><\/td><td>15\u20ac<\/td><td>30\u20ac<\/td><\/tr><tr><td><strong>2h<\/strong><\/td><td>30\u20ac<\/td><td>60\u20ac<\/td><\/tr><tr><td><strong>3h<\/strong><\/td><td>45\u20ac<\/td><td>90\u20ac<\/td><\/tr><tr><td><strong>4h<\/strong><\/td><td>60\u20ac<\/td><td>120\u20ac<\/td><\/tr><tr><td><strong>5h<\/strong><\/td><td>75\u20ac<\/td><td>150\u20ac<\/td><\/tr><tr><td><strong>6h<\/strong><\/td><td>90\u20ac<\/td><td>180\u20ac<\/td><\/tr><tr><td>&#8230;<\/td><td>&#8230;<\/td><td>&#8230;<\/td><\/tr><\/tbody><\/table><\/figure>\n\n<\/div>\n\t\t<\/div>\n<\/div>\n<hr class=\"wp-block-separator has-alpha-channel-opacity is-style-wide\"\/>\n\n<div style=\"height:66px\" aria-hidden=\"true\" class=\"wp-block-spacer\"><\/div>\n\n<h3 class=\"wp-block-heading\" id=\"2-starting-from-perl\">Reise ab Perl<\/h3>\n\n<figure class=\"wp-block-image size-large is-resized\"><img data-recalc-dims=\"1\" loading=\"lazy\" decoding=\"async\" width=\"1024\" height=\"433\" src=\"https:\/\/i0.wp.com\/mosel-kajak.de\/wp-content\/uploads\/2025\/04\/Tour-Map-Perl-Palzem-.png?resize=1024%2C433&#038;ssl=1\" alt=\"\" class=\"wp-image-20536\" style=\"width:1200px;height:auto\" srcset=\"https:\/\/i0.wp.com\/mosel-kajak.de\/wp-content\/uploads\/2025\/04\/Tour-Map-Perl-Palzem-.png?resize=1024%2C433&amp;ssl=1 1024w, https:\/\/i0.wp.com\/mosel-kajak.de\/wp-content\/uploads\/2025\/04\/Tour-Map-Perl-Palzem-.png?resize=300%2C127&amp;ssl=1 300w, https:\/\/i0.wp.com\/mosel-kajak.de\/wp-content\/uploads\/2025\/04\/Tour-Map-Perl-Palzem-.png?resize=768%2C324&amp;ssl=1 768w, https:\/\/i0.wp.com\/mosel-kajak.de\/wp-content\/uploads\/2025\/04\/Tour-Map-Perl-Palzem-.png?resize=600%2C254&amp;ssl=1 600w, https:\/\/i0.wp.com\/mosel-kajak.de\/wp-content\/uploads\/2025\/04\/Tour-Map-Perl-Palzem-.png?w=1342&amp;ssl=1 1342w\" sizes=\"auto, (max-width: 1000px) 100vw, 1000px\" \/><\/figure>\n\n<p>Beginnen Sie Ihr Abenteuer in <strong>Perl<\/strong> und paddeln Sie von der <strong>H\u00f6he des Dreil\u00e4nderecks Schengen<\/strong> in Richtung <strong>Palzem<\/strong>. Diese <strong>10 km lange Strecke<\/strong> bietet eine ruhige Fahrt mit der Str\u00f6mung, was eine angenehme und landschaftlich reizvolle Reise erm\u00f6glicht. <br\/>Rechnen Sie mit mindestens <strong>2 Stunden<\/strong> auf dem Wasser, obwohl die Fahrt je nach Tempo bis zu <strong>3 Stunden<\/strong> dauern kann. <strong>Parkm\u00f6glichkeiten vorhanden<\/strong>. <br\/>F\u00fcr <strong>die Lieferung des Bootes wird eine Geb\u00fchr von 15\u20ac<\/strong> erhoben. <strong>Abholung innerhalb von 1 Stunde m\u00f6glich &#8211; bitte<\/strong> <strong>kontaktieren Sie uns<\/strong> oder <strong>buchen Sie online<\/strong> im Voraus. <\/p>\n\n<p><a href=\"https:\/\/mosel-kajak.de\/de\/perl-palzem-reise\/\" data-type=\"page\" data-id=\"20518\">Siehe vollst\u00e4ndige Standortbeschreibung &amp; Details  <\/a><\/p>\n<div class=\"wp-block-ub-content-toggle wp-block-ub-content-toggle-block\" id=\"ub-content-toggle-block-fb2889eb-6501-44be-8461-040bc6391e50\" data-mobilecollapse=\"false\" data-desktopcollapse=\"true\" data-preventcollapse=\"false\" data-showonlyone=\"false\">\n<div class=\"wp-block-ub-content-toggle-accordion\" style=\"border-color: #f1f1f1; \" id=\"ub-content-toggle-panel-block-\">\n\t\t\t<div class=\"wp-block-ub-content-toggle-accordion-title-wrap\" style=\"background-color: #f1f1f1;\" aria-controls=\"ub-content-toggle-panel-0-fb2889eb-6501-44be-8461-040bc6391e50\" tabindex=\"0\">\n\t\t\t<h3 class=\"wp-block-ub-content-toggle-accordion-title ub-content-toggle-title-fb2889eb-6501-44be-8461-040bc6391e50\" style=\"color: #000000; \">Prices for Perl: (click)<\/h3>\n\t\t\t<div class=\"wp-block-ub-content-toggle-accordion-toggle-wrap left\" style=\"color: #000000;\"><span class=\"wp-block-ub-content-toggle-accordion-state-indicator wp-block-ub-chevron-down\"><\/span><\/div>\n\t\t<\/div>\n\t\t\t<div role=\"region\" aria-expanded=\"false\" class=\"wp-block-ub-content-toggle-accordion-content-wrap ub-hide\" id=\"ub-content-toggle-panel-0-fb2889eb-6501-44be-8461-040bc6391e50\">\n\n<p><strong>(Wasserdichte Taschen, Paddel und Schwimmwesten sind im Preis inbegriffen)  <\/strong><\/p>\n\n\n\n<figure class=\"wp-block-table\"><table class=\"has-fixed-layout\"><tbody><tr><td><strong>Dauer der Reise<\/strong><\/td><td><strong>Preis (pro Person)<\/strong><\/td><td><strong>Preis (2x Personen)<\/strong><\/td><\/tr><tr><td><strong>3h Standard Reisedauer inklusive<\/strong><\/td><td>55\u20ac<\/td><td>110\u20ac<\/td><\/tr><tr><td><strong>+1h (zus\u00e4tzliche Stunden)<\/strong><\/td><td>20\u20ac<\/td><td><\/td><\/tr><\/tbody><\/table><\/figure>\n\n\n\n<p><strong><mark style=\"background-color:rgba(0, 0, 0, 0);color:#ff0000\" class=\"has-inline-color\">Dies ist nicht unser Gesch\u00e4ftssitz, daher wird die Lieferung der Boote und der Ausr\u00fcstung mit 15\u20ac berechnet.<\/mark><\/strong><mark style=\"background-color:rgba(0, 0, 0, 0);color:#ff0000\" class=\"has-inline-color\"><strong>(im Preis inbegriffen)<\/strong><\/mark><br><mark style=\"background-color:rgba(0, 0, 0, 0);color:#ff0000\" class=\"has-inline-color\">Auch die R\u00fcckfahrt zu Ihrem Auto m\u00fcssen Sie selbst organisieren, Zugtickets sind bei <a href=\"https:\/\/www.bahn.de\/\" data-type=\"link\" data-id=\"https:\/\/www.bahn.de\/\">Bahn.de<\/a> erh\u00e4ltlich.<\/mark><\/p>\n\n<\/div>\n\t\t<\/div>\n<\/div>\n<hr class=\"wp-block-separator has-alpha-channel-opacity is-style-wide\"\/>\n\n<p><\/p>\n","protected":false},"excerpt":{"rendered":"<p>Ausflug ab Palzem Beginnen Sie Ihre Reise in Palzem und paddeln Sie gegen die sanfte Str\u00f6mung der Mosel in Richtung des Dreil\u00e4nderecks Schengen.Fahren Sie so weit, wie Sie m\u00f6chten, bevor Sie mit der Str\u00f6mung zur\u00fccktreiben. Bootsbuchung 1 Stunde vor Abfahrtm\u00f6glich &#8211; bitte kontaktieren Sie uns oder buchen Sie online im Voraus, da das Personal nicht [&hellip;]<\/p>\n","protected":false},"author":1,"featured_media":0,"parent":0,"menu_order":0,"comment_status":"closed","ping_status":"closed","template":"","meta":{"site-sidebar-layout":"default","site-content-layout":"","ast-site-content-layout":"default","site-content-style":"default","site-sidebar-style":"default","ast-global-header-display":"","ast-banner-title-visibility":"","ast-main-header-display":"","ast-hfb-above-header-display":"","ast-hfb-below-header-display":"","ast-hfb-mobile-header-display":"","site-post-title":"","ast-breadcrumbs-content":"","ast-featured-img":"","footer-sml-layout":"","ast-disable-related-posts":"","theme-transparent-header-meta":"","adv-header-id-meta":"","stick-header-meta":"","header-above-stick-meta":"","header-main-stick-meta":"","header-below-stick-meta":"","astra-migrate-meta-layouts":"set","ast-page-background-enabled":"default","ast-page-background-meta":{"desktop":{"background-color":"var(--ast-global-color-4)","background-image":"","background-repeat":"repeat","background-position":"center center","background-size":"auto","background-attachment":"scroll","background-type":"","background-media":"","overlay-type":"","overlay-color":"","overlay-opacity":"","overlay-gradient":""},"tablet":{"background-color":"","background-image":"","background-repeat":"repeat","background-position":"center center","background-size":"auto","background-attachment":"scroll","background-type":"","background-media":"","overlay-type":"","overlay-color":"","overlay-opacity":"","overlay-gradient":""},"mobile":{"background-color":"","background-image":"","background-repeat":"repeat","background-position":"center center","background-size":"auto","background-attachment":"scroll","background-type":"","background-media":"","overlay-type":"","overlay-color":"","overlay-opacity":"","overlay-gradient":""}},"ast-content-background-meta":{"desktop":{"background-color":"var(--ast-global-color-5)","background-image":"","background-repeat":"repeat","background-position":"center center","background-size":"auto","background-attachment":"scroll","background-type":"","background-media":"","overlay-type":"","overlay-color":"","overlay-opacity":"","overlay-gradient":""},"tablet":{"background-color":"var(--ast-global-color-5)","background-image":"","background-repeat":"repeat","background-position":"center center","background-size":"auto","background-attachment":"scroll","background-type":"","background-media":"","overlay-type":"","overlay-color":"","overlay-opacity":"","overlay-gradient":""},"mobile":{"background-color":"var(--ast-global-color-5)","background-image":"","background-repeat":"repeat","background-position":"center center","background-size":"auto","background-attachment":"scroll","background-type":"","background-media":"","overlay-type":"","overlay-color":"","overlay-opacity":"","overlay-gradient":""}},"footnotes":""},"class_list":["post-1277","page","type-page","status-publish","hentry"],"featured_image_src":null,"jetpack_sharing_enabled":true,"_links":{"self":[{"href":"https:\/\/mosel-kajak.de\/de\/wp-json\/wp\/v2\/pages\/1277","targetHints":{"allow":["GET"]}}],"collection":[{"href":"https:\/\/mosel-kajak.de\/de\/wp-json\/wp\/v2\/pages"}],"about":[{"href":"https:\/\/mosel-kajak.de\/de\/wp-json\/wp\/v2\/types\/page"}],"author":[{"embeddable":true,"href":"https:\/\/mosel-kajak.de\/de\/wp-json\/wp\/v2\/users\/1"}],"replies":[{"embeddable":true,"href":"https:\/\/mosel-kajak.de\/de\/wp-json\/wp\/v2\/comments?post=1277"}],"version-history":[{"count":9,"href":"https:\/\/mosel-kajak.de\/de\/wp-json\/wp\/v2\/pages\/1277\/revisions"}],"predecessor-version":[{"id":23677,"href":"https:\/\/mosel-kajak.de\/de\/wp-json\/wp\/v2\/pages\/1277\/revisions\/23677"}],"wp:attachment":[{"href":"https:\/\/mosel-kajak.de\/de\/wp-json\/wp\/v2\/media?parent=1277"}],"curies":[{"name":"wp","href":"https:\/\/api.w.org\/{rel}","templated":true}]}}