{"id":1469,"date":"2023-06-02T07:30:20","date_gmt":"2023-06-02T05:30:20","guid":{"rendered":"https:\/\/mosel-kajak.de\/rechtlicher-hinweis\/"},"modified":"2025-05-29T12:43:18","modified_gmt":"2025-05-29T10:43:18","slug":"rechtlicher-hinweis","status":"publish","type":"page","link":"https:\/\/mosel-kajak.de\/de\/rechtlicher-hinweis\/","title":{"rendered":"Rechtlicher Hinweis"},"content":{"rendered":"\n<p>Eigent\u00fcmer:<br\/>Jos\u00e9 Alexandre Gulyayev Arroteia <br\/>Bahnhofstr. 1, 54439 Palzem <\/p>\n\n<p>Kontakt:<br\/>service@mosel-kajak.de<br\/>+491707065408<\/p>\n\n<p>EU-Streitbeilegung<br\/>Die Europ\u00e4ische Kommission stellt eine Plattform f\u00fcr die Online-Streitbeilegung (OS) zur Verf\u00fcgung: https:\/\/ec.europa.eu\/consumers\/odr\/.<br\/>Unsere E-Mail-Adresse finden Sie im Impressum oben.<\/p>\n\n<p>Verbraucherstreitbeilegung\/Universelle Schlichtungsstelle<br\/>Wir sind nicht bereit oder verpflichtet, an einem Streitbeilegungsverfahren vor einer Verbraucherschlichtungsstelle teilzunehmen.<\/p>\n","protected":false},"excerpt":{"rendered":"<p>Eigent\u00fcmer:Jos\u00e9 Alexandre Gulyayev Arroteia Bahnhofstr. 1, 54439 Palzem Kontakt:service@mosel-kajak.de+491707065408 EU-StreitbeilegungDie Europ\u00e4ische Kommission stellt eine Plattform f\u00fcr die Online-Streitbeilegung (OS) zur Verf\u00fcgung: https:\/\/ec.europa.eu\/consumers\/odr\/.Unsere E-Mail-Adresse finden Sie im Impressum oben. Verbraucherstreitbeilegung\/Universelle SchlichtungsstelleWir sind nicht bereit oder verpflichtet, an einem Streitbeilegungsverfahren vor einer Verbraucherschlichtungsstelle teilzunehmen.<\/p>\n","protected":false},"author":1,"featured_media":0,"parent":0,"menu_order":0,"comment_status":"closed","ping_status":"closed","template":"","meta":{"site-sidebar-layout":"no-sidebar","site-content-layout":"","ast-site-content-layout":"default","site-content-style":"default","site-sidebar-style":"default","ast-global-header-display":"","ast-banner-title-visibility":"","ast-main-header-display":"","ast-hfb-above-header-display":"","ast-hfb-below-header-display":"","ast-hfb-mobile-header-display":"","site-post-title":"","ast-breadcrumbs-content":"","ast-featured-img":"","footer-sml-layout":"","ast-disable-related-posts":"","theme-transparent-header-meta":"","adv-header-id-meta":"","stick-header-meta":"","header-above-stick-meta":"","header-main-stick-meta":"","header-below-stick-meta":"","astra-migrate-meta-layouts":"default","ast-page-background-enabled":"default","ast-page-background-meta":{"desktop":{"background-color":"var(--ast-global-color-4)","background-image":"","background-repeat":"repeat","background-position":"center center","background-size":"auto","background-attachment":"scroll","background-type":"","background-media":"","overlay-type":"","overlay-color":"","overlay-opacity":"","overlay-gradient":""},"tablet":{"background-color":"","background-image":"","background-repeat":"repeat","background-position":"center center","background-size":"auto","background-attachment":"scroll","background-type":"","background-media":"","overlay-type":"","overlay-color":"","overlay-opacity":"","overlay-gradient":""},"mobile":{"background-color":"","background-image":"","background-repeat":"repeat","background-position":"center center","background-size":"auto","background-attachment":"scroll","background-type":"","background-media":"","overlay-type":"","overlay-color":"","overlay-opacity":"","overlay-gradient":""}},"ast-content-background-meta":{"desktop":{"background-color":"var(--ast-global-color-5)","background-image":"","background-repeat":"repeat","background-position":"center center","background-size":"auto","background-attachment":"scroll","background-type":"","background-media":"","overlay-type":"","overlay-color":"","overlay-opacity":"","overlay-gradient":""},"tablet":{"background-color":"var(--ast-global-color-5)","background-image":"","background-repeat":"repeat","background-position":"center center","background-size":"auto","background-attachment":"scroll","background-type":"","background-media":"","overlay-type":"","overlay-color":"","overlay-opacity":"","overlay-gradient":""},"mobile":{"background-color":"var(--ast-global-color-5)","background-image":"","background-repeat":"repeat","background-position":"center center","background-size":"auto","background-attachment":"scroll","background-type":"","background-media":"","overlay-type":"","overlay-color":"","overlay-opacity":"","overlay-gradient":""}},"footnotes":""},"class_list":["post-1469","page","type-page","status-publish","hentry"],"featured_image_src":null,"jetpack_sharing_enabled":true,"_links":{"self":[{"href":"https:\/\/mosel-kajak.de\/de\/wp-json\/wp\/v2\/pages\/1469","targetHints":{"allow":["GET"]}}],"collection":[{"href":"https:\/\/mosel-kajak.de\/de\/wp-json\/wp\/v2\/pages"}],"about":[{"href":"https:\/\/mosel-kajak.de\/de\/wp-json\/wp\/v2\/types\/page"}],"author":[{"embeddable":true,"href":"https:\/\/mosel-kajak.de\/de\/wp-json\/wp\/v2\/users\/1"}],"replies":[{"embeddable":true,"href":"https:\/\/mosel-kajak.de\/de\/wp-json\/wp\/v2\/comments?post=1469"}],"version-history":[{"count":4,"href":"https:\/\/mosel-kajak.de\/de\/wp-json\/wp\/v2\/pages\/1469\/revisions"}],"predecessor-version":[{"id":21158,"href":"https:\/\/mosel-kajak.de\/de\/wp-json\/wp\/v2\/pages\/1469\/revisions\/21158"}],"wp:attachment":[{"href":"https:\/\/mosel-kajak.de\/de\/wp-json\/wp\/v2\/media?parent=1469"}],"curies":[{"name":"wp","href":"https:\/\/api.w.org\/{rel}","templated":true}]}}