{"id":1542,"date":"2023-06-02T12:35:32","date_gmt":"2023-06-02T10:35:32","guid":{"rendered":"https:\/\/mosel-kajak.de\/bedingungen-und-konditionen\/"},"modified":"2025-06-08T23:44:58","modified_gmt":"2025-06-08T21:44:58","slug":"bedingungen-und-konditionen","status":"publish","type":"page","link":"https:\/\/mosel-kajak.de\/de\/bedingungen-und-konditionen\/","title":{"rendered":"Bedingungen und Konditionen"},"content":{"rendered":"\n<h2 class=\"wp-block-heading\"><strong>Allgemeine Bedingungen und Konditionen<\/strong> <\/h2>\n\n<p><strong>1.<\/strong> Der Vermieter stellt dem Mieter ein technisch einwandfreies Mietobjekt zur pers\u00f6nlichen Nutzung zur Verf\u00fcgung.  <\/p>\n\n<p><strong>2.<\/strong> Bei Beendigung des Vertrags ist der Mietgegenstand in demselben Zustand zur\u00fcckzugeben, in dem er \u00fcbernommen wurde, wobei die normale Abnutzung zu ber\u00fccksichtigen ist. Sch\u00e4den, die ohne eigenes Verschulden oder durch normale Abnutzung entstanden sind, m\u00fcssen dem Vermieter gemeldet werden.  <\/p>\n\n<p><strong>3.<\/strong> Hat der Mieter schuldhaft einen Schaden an der Mietsache verursacht, so ist er dem Vermieter zum Schadenersatz verpflichtet. Die Kosten f\u00fcr eine \u00f6rtliche Reparaturwerkstatt oder direkt vom Hersteller werden als Entsch\u00e4digung in Rechnung gestellt.  <\/p>\n\n<p><strong>4.<\/strong> Der Mieter haftet verschuldensunabh\u00e4ngig f\u00fcr den Verlust des Mietgegenstandes, auch f\u00fcr Sch\u00e4den, die durch einen Unfall entstehen.  <\/p>\n\n<p><strong>5.<\/strong> Der Vermieter haftet, au\u00dfer bei Vorsatz oder grober Fahrl\u00e4ssigkeit, nicht f\u00fcr Sch\u00e4den, die dem Mieter oder Dritten durch das Mietobjekt oder dessen Gebrauch entstehen.  <\/p>\n\n<p><strong>6.<\/strong> Der Mieter verpflichtet sich, das Mietobjekt pfleglich zu behandeln und es p\u00fcnktlich und in sauberem Zustand zum vereinbarten Zeitpunkt zur\u00fcckzugeben.  <\/p>\n\n<p><strong>7.<\/strong> Der Vermieter weist darauf hin, dass das Mietobjekt jederzeit zu beaufsichtigen und ggf. gegen Diebstahl zu sichern ist.  <\/p>\n\n<p><strong>8.<\/strong> Bei Verlust oder nicht behebbarer Besch\u00e4digung des Mietgegenstandes ist dem Vermieter der Zeitwert des Mietgegenstandes zu erstatten.  <\/p>\n\n<p><strong>9.<\/strong> Die \u00c4nderung des Termins oder die Stornierung des Mietobjekts durch den Mieter ist kostenlos, wenn der Mieter die \u00c4nderung des Termins oder die Stornierung am Tag des Termins bis zu 1 Stunde vor dem Termin telefonisch ank\u00fcndigt. Bei einer sp\u00e4teren Stornierung wird eine Geb\u00fchr von 30,00 EUR erhoben.  <\/p>\n\n<p><strong>10.<\/strong> Der Mieter best\u00e4tigt, dass die Nutzer des Mietobjekts Schwimmer sind. Schwimmwesten sind f\u00fcr alle Benutzer unserer Boote obligatorisch. Eigene Westen sind erw\u00fcnscht, ansonsten k\u00f6nnen sie ausgeliehen werden. Der Vermieter schlie\u00dft die Haftung f\u00fcr Personensch\u00e4den aus. Die Benutzer werden darauf hingewiesen, dass sie wegen der Unfallgefahr Schwimmwesten tragen m\u00fcssen. Schwimmwesten sind Pflicht.<\/p>\n\n<p>Die Schwimmwesten werden vom Vermieter kostenlos zur Verf\u00fcgung gestellt.  <\/p>\n\n<p>Aufblasbare Schwimmhilfen sind nicht erlaubt. Die Nutzung des Mietobjektes ist nur unter Einhaltung der \u00f6rtlichen Richtlinien gestattet, Missachtung ist ausdr\u00fccklich untersagt.  <\/p>\n\n<p><strong>11.<\/strong> Die Benutzer erhalten kostenlos eine wasserfeste Tasche, die im Paket enthalten ist. Der Benutzer ist daf\u00fcr verantwortlich, wie er seine eigenen Waren an Bord der Boote aufbewahrt und wir k\u00f6nnen nicht garantieren, dass die Waren nicht durch falsche Verwendung besch\u00e4digt werden.<\/p>\n\n<p><strong>12.<\/strong> click my business (www.Mosel-Kajak.de)(Moselstr. 51A, 54439 Palzem, Deutschland) haftet nicht f\u00fcr Personen-, Sach- oder Transportsch\u00e4den, da es sich um einen reinen Mietservice handelt.  <\/p>\n\n<p>F\u00fcr verlorene oder besch\u00e4digte Wertsachen, Ausweise, Handys, Kameras usw. wird keine Haftung \u00fcbernommen. Der Vermieter haftet weder vertraglich noch au\u00dfervertraglich f\u00fcr Sch\u00e4den, die dem Nutzer oder Dritten im Zusammenhang mit der Anmietung der Mietsachen entstehen. Der Nutzer haftet und stellt den Vermieter im Falle von Anspr\u00fcchen Dritter aufgrund von Unf\u00e4llen frei.  <\/p>\n\n<p>Der Nutzer stellt den Vermieter von allen Anspr\u00fcchen frei, die sich aus der Verletzung von Gesetzen, Verordnungen oder sonstigen Vorschriften im Zusammenhang mit dem Gebrauch der Mietgegenst\u00e4nde durch ihn oder einen Dritten ergeben.  <\/p>\n\n<p><strong>13.<\/strong> Treten unvorhergesehene Umst\u00e4nde ein, die eine rechtzeitige R\u00fcckgabe des Mietmaterials unm\u00f6glich machen oder eine vorzeitige Beendigung erfordern, ist der Kunde verpflichtet, den Vermieter unverz\u00fcglich zu informieren, damit eine einfache und kosteng\u00fcnstige L\u00f6sung vereinbart werden kann. Sieht sich der Verleiher zur Wahrung seiner Interessen und\/oder zur Vermeidung m\u00f6glicher Besch\u00e4digungen\/Verluste des Materials gezwungen, das Mietmaterial ganz oder teilweise &#8211; entgegen den Vereinbarungen &#8211; zur\u00fcckzunehmen, so tr\u00e4gt der im Mietvertrag genannte Mieter die Kosten. F\u00fcr die Bergung etc. des\/der Gegenstandes\/Gegenst\u00e4nde werden 50,00 \u20ac* pro Stunde und 1,50 \u20ac* pro Kilometer f\u00fcr das Fahrzeug zuz\u00fcglich der \u00fcblichen Transportkosten berechnet (* zzgl. gesetzlicher MwSt.). Sachsch\u00e4den, die durch das Verhalten des Mieters oder eines seiner Teilnehmer verursacht werden, gehen zu Lasten des Mieters\/Auftraggebers.  <\/p>\n","protected":false},"excerpt":{"rendered":"<p>Allgemeine Bedingungen und Konditionen 1. Der Vermieter stellt dem Mieter ein technisch einwandfreies Mietobjekt zur pers\u00f6nlichen Nutzung zur Verf\u00fcgung. 2. Bei Beendigung des Vertrags ist der Mietgegenstand in demselben Zustand zur\u00fcckzugeben, in dem er \u00fcbernommen wurde, wobei die normale Abnutzung zu ber\u00fccksichtigen ist. Sch\u00e4den, die ohne eigenes Verschulden oder durch normale Abnutzung entstanden sind, m\u00fcssen [&hellip;]<\/p>\n","protected":false},"author":1,"featured_media":0,"parent":0,"menu_order":0,"comment_status":"closed","ping_status":"closed","template":"","meta":{"site-sidebar-layout":"default","site-content-layout":"","ast-site-content-layout":"default","site-content-style":"default","site-sidebar-style":"default","ast-global-header-display":"","ast-banner-title-visibility":"","ast-main-header-display":"","ast-hfb-above-header-display":"","ast-hfb-below-header-display":"","ast-hfb-mobile-header-display":"","site-post-title":"disabled","ast-breadcrumbs-content":"","ast-featured-img":"","footer-sml-layout":"","ast-disable-related-posts":"","theme-transparent-header-meta":"","adv-header-id-meta":"","stick-header-meta":"","header-above-stick-meta":"","header-main-stick-meta":"","header-below-stick-meta":"","astra-migrate-meta-layouts":"default","ast-page-background-enabled":"default","ast-page-background-meta":{"desktop":{"background-color":"var(--ast-global-color-4)","background-image":"","background-repeat":"repeat","background-position":"center center","background-size":"auto","background-attachment":"scroll","background-type":"","background-media":"","overlay-type":"","overlay-color":"","overlay-opacity":"","overlay-gradient":""},"tablet":{"background-color":"","background-image":"","background-repeat":"repeat","background-position":"center center","background-size":"auto","background-attachment":"scroll","background-type":"","background-media":"","overlay-type":"","overlay-color":"","overlay-opacity":"","overlay-gradient":""},"mobile":{"background-color":"","background-image":"","background-repeat":"repeat","background-position":"center center","background-size":"auto","background-attachment":"scroll","background-type":"","background-media":"","overlay-type":"","overlay-color":"","overlay-opacity":"","overlay-gradient":""}},"ast-content-background-meta":{"desktop":{"background-color":"var(--ast-global-color-5)","background-image":"","background-repeat":"repeat","background-position":"center center","background-size":"auto","background-attachment":"scroll","background-type":"","background-media":"","overlay-type":"","overlay-color":"","overlay-opacity":"","overlay-gradient":""},"tablet":{"background-color":"var(--ast-global-color-5)","background-image":"","background-repeat":"repeat","background-position":"center center","background-size":"auto","background-attachment":"scroll","background-type":"","background-media":"","overlay-type":"","overlay-color":"","overlay-opacity":"","overlay-gradient":""},"mobile":{"background-color":"var(--ast-global-color-5)","background-image":"","background-repeat":"repeat","background-position":"center center","background-size":"auto","background-attachment":"scroll","background-type":"","background-media":"","overlay-type":"","overlay-color":"","overlay-opacity":"","overlay-gradient":""}},"footnotes":""},"class_list":["post-1542","page","type-page","status-publish","hentry"],"featured_image_src":null,"jetpack_sharing_enabled":true,"_links":{"self":[{"href":"https:\/\/mosel-kajak.de\/de\/wp-json\/wp\/v2\/pages\/1542","targetHints":{"allow":["GET"]}}],"collection":[{"href":"https:\/\/mosel-kajak.de\/de\/wp-json\/wp\/v2\/pages"}],"about":[{"href":"https:\/\/mosel-kajak.de\/de\/wp-json\/wp\/v2\/types\/page"}],"author":[{"embeddable":true,"href":"https:\/\/mosel-kajak.de\/de\/wp-json\/wp\/v2\/users\/1"}],"replies":[{"embeddable":true,"href":"https:\/\/mosel-kajak.de\/de\/wp-json\/wp\/v2\/comments?post=1542"}],"version-history":[{"count":4,"href":"https:\/\/mosel-kajak.de\/de\/wp-json\/wp\/v2\/pages\/1542\/revisions"}],"predecessor-version":[{"id":23747,"href":"https:\/\/mosel-kajak.de\/de\/wp-json\/wp\/v2\/pages\/1542\/revisions\/23747"}],"wp:attachment":[{"href":"https:\/\/mosel-kajak.de\/de\/wp-json\/wp\/v2\/media?parent=1542"}],"curies":[{"name":"wp","href":"https:\/\/api.w.org\/{rel}","templated":true}]}}