{"id":1596,"date":"2023-05-31T09:13:14","date_gmt":"2023-05-31T07:13:14","guid":{"rendered":"https:\/\/mosel-kajak.de\/standorte\/"},"modified":"2025-06-04T19:13:39","modified_gmt":"2025-06-04T17:13:39","slug":"standorte","status":"publish","type":"page","link":"https:\/\/mosel-kajak.de\/de\/standorte\/","title":{"rendered":"Standort"},"content":{"rendered":"\n<h1 class=\"wp-block-heading\">Wo Sie uns finden k\u00f6nnen:<\/h1>\n\n<div style=\"height:42px\" aria-hidden=\"true\" class=\"wp-block-spacer\"><\/div>\n\n<h2 class=\"wp-block-heading\">Wo Sie uns finden wenn Sie in Palzem starten: (Betriebsstandort)<\/h2>\n\n<iframe src=\"https:\/\/www.google.com\/maps\/embed?pb=!1m18!1m12!1m3!1d165689.7144557369!2d6.191608557451207!3d49.54300567757025!2m3!1f0!2f0!3f0!3m2!1i1024!2i768!4f13.1!3m3!1m2!1s0x47956bf425e6f681%3A0xdab4f4d8c35474ed!2sMosel%20Kajak!5e0!3m2!1sde!2sde!4v1685569288400!5m2!1sde!2sde\" width=\"600\" height=\"450\" style=\"border:0;\" allowfullscreen=\"\" loading=\"lazy\" referrerpolicy=\"no-referrer-when-downgrade\"><\/iframe>\n\n<p>Wenn Sie Ihre Kayak Tour in Palzem Starten m\u00f6chten, finden Sie uns unter der folgenden Adresse: \u201eBahnhofstr. 1, 54439 Palzem\u201c. Bitte folgen Sie den Schildern \u201eCamping Platz Opa Schuler\u201c die Sie in Palzem an der Hauptrasse finden, der Standort ist direkt am Fluss, nachdem Sie die kleine Br\u00fccke \u00fcberquert haben auf der linken Seite den H\u00fcgel hinunter.<\/p>\n\n<p>Parken Sie direkt am Fluss.<\/p>\n\n<p><strong>DIESER SERVICE IST KOSTENLOS UND IN DER BUCHUNG ENTHALTEN.<\/strong><\/p>\n\n<h2 class=\"wp-block-heading\">Wohin Sie gehen m\u00fcssen, wenn Sie in Perl anfangen: (Drop-off Location)<\/h2>\n\n<p>Wenn Sie eine Kajaktour buchen, die in Perl beginnt und in Palzem endet, k\u00f6nnen Sie den Treffpunkt hier finden:<br\/><a href=\"https:\/\/mosel-kajak.de\/de\/perl-palzem-reise\/\">Perl &#8211; Palzem Trip &#8211; Mosel Kajak<\/a><\/p>\n\n<p>Parken Sie direkt am Fluss.<\/p>\n\n<p><mark style=\"background-color:rgba(0, 0, 0, 0);color:#ff0000\" class=\"has-inline-color\">*BITTE BEACHTEN SIE, DASS DER EINSTIEGSPUNKT, AN DEM DIE KAJAKS INS WASSER GELASSEN WERDEN, IN KEINER WEISE FESTGELEGT IST UND DER MIETER SELBST UND AUF EIGENES RISIKO ENTSCHEIDEN MUSS, WO ER IN DEN FLUSS EINSTEIGT*.<\/mark><\/p>\n\n<p><\/p>\n","protected":false},"excerpt":{"rendered":"<p>Wo Sie uns finden k\u00f6nnen: Wo Sie uns finden wenn Sie in Palzem starten: (Betriebsstandort) Wenn Sie Ihre Kayak Tour in Palzem Starten m\u00f6chten, finden Sie uns unter der folgenden Adresse: \u201eBahnhofstr. 1, 54439 Palzem\u201c. Bitte folgen Sie den Schildern \u201eCamping Platz Opa Schuler\u201c die Sie in Palzem an der Hauptrasse finden, der Standort ist [&hellip;]<\/p>\n","protected":false},"author":1,"featured_media":0,"parent":0,"menu_order":0,"comment_status":"closed","ping_status":"closed","template":"","meta":{"site-sidebar-layout":"default","site-content-layout":"","ast-site-content-layout":"default","site-content-style":"default","site-sidebar-style":"default","ast-global-header-display":"","ast-banner-title-visibility":"","ast-main-header-display":"","ast-hfb-above-header-display":"","ast-hfb-below-header-display":"","ast-hfb-mobile-header-display":"","site-post-title":"disabled","ast-breadcrumbs-content":"","ast-featured-img":"","footer-sml-layout":"","ast-disable-related-posts":"","theme-transparent-header-meta":"","adv-header-id-meta":"","stick-header-meta":"","header-above-stick-meta":"","header-main-stick-meta":"","header-below-stick-meta":"","astra-migrate-meta-layouts":"default","ast-page-background-enabled":"default","ast-page-background-meta":{"desktop":{"background-color":"var(--ast-global-color-4)","background-image":"","background-repeat":"repeat","background-position":"center center","background-size":"auto","background-attachment":"scroll","background-type":"","background-media":"","overlay-type":"","overlay-color":"","overlay-opacity":"","overlay-gradient":""},"tablet":{"background-color":"","background-image":"","background-repeat":"repeat","background-position":"center center","background-size":"auto","background-attachment":"scroll","background-type":"","background-media":"","overlay-type":"","overlay-color":"","overlay-opacity":"","overlay-gradient":""},"mobile":{"background-color":"","background-image":"","background-repeat":"repeat","background-position":"center center","background-size":"auto","background-attachment":"scroll","background-type":"","background-media":"","overlay-type":"","overlay-color":"","overlay-opacity":"","overlay-gradient":""}},"ast-content-background-meta":{"desktop":{"background-color":"var(--ast-global-color-5)","background-image":"","background-repeat":"repeat","background-position":"center center","background-size":"auto","background-attachment":"scroll","background-type":"","background-media":"","overlay-type":"","overlay-color":"","overlay-opacity":"","overlay-gradient":""},"tablet":{"background-color":"var(--ast-global-color-5)","background-image":"","background-repeat":"repeat","background-position":"center center","background-size":"auto","background-attachment":"scroll","background-type":"","background-media":"","overlay-type":"","overlay-color":"","overlay-opacity":"","overlay-gradient":""},"mobile":{"background-color":"var(--ast-global-color-5)","background-image":"","background-repeat":"repeat","background-position":"center center","background-size":"auto","background-attachment":"scroll","background-type":"","background-media":"","overlay-type":"","overlay-color":"","overlay-opacity":"","overlay-gradient":""}},"footnotes":""},"class_list":["post-1596","page","type-page","status-publish","hentry"],"featured_image_src":null,"jetpack_sharing_enabled":true,"_links":{"self":[{"href":"https:\/\/mosel-kajak.de\/de\/wp-json\/wp\/v2\/pages\/1596","targetHints":{"allow":["GET"]}}],"collection":[{"href":"https:\/\/mosel-kajak.de\/de\/wp-json\/wp\/v2\/pages"}],"about":[{"href":"https:\/\/mosel-kajak.de\/de\/wp-json\/wp\/v2\/types\/page"}],"author":[{"embeddable":true,"href":"https:\/\/mosel-kajak.de\/de\/wp-json\/wp\/v2\/users\/1"}],"replies":[{"embeddable":true,"href":"https:\/\/mosel-kajak.de\/de\/wp-json\/wp\/v2\/comments?post=1596"}],"version-history":[{"count":9,"href":"https:\/\/mosel-kajak.de\/de\/wp-json\/wp\/v2\/pages\/1596\/revisions"}],"predecessor-version":[{"id":23734,"href":"https:\/\/mosel-kajak.de\/de\/wp-json\/wp\/v2\/pages\/1596\/revisions\/23734"}],"wp:attachment":[{"href":"https:\/\/mosel-kajak.de\/de\/wp-json\/wp\/v2\/media?parent=1596"}],"curies":[{"name":"wp","href":"https:\/\/api.w.org\/{rel}","templated":true}]}}