{"id":20838,"date":"2025-04-25T16:47:07","date_gmt":"2025-04-25T14:47:07","guid":{"rendered":"https:\/\/mosel-kajak.de\/perl-palzem-reise\/"},"modified":"2025-06-04T19:01:48","modified_gmt":"2025-06-04T17:01:48","slug":"perl-palzem-reise","status":"publish","type":"page","link":"https:\/\/mosel-kajak.de\/de\/perl-palzem-reise\/","title":{"rendered":"Perl &#8211; Palzem Reise"},"content":{"rendered":"\n<h1 class=\"wp-block-heading has-text-align-left\">Perl &#8211; Palzem Tour mit dem Kajak (10Km ohne F\u00fchrung)<\/h1>\n\n<figure class=\"wp-block-image size-large\"><img data-recalc-dims=\"1\" loading=\"lazy\" decoding=\"async\" width=\"1024\" height=\"433\" src=\"https:\/\/i0.wp.com\/mosel-kajak.de\/wp-content\/uploads\/2025\/04\/Tour-Map-Perl-Palzem-.png?resize=1024%2C433&#038;ssl=1\" alt=\"\" class=\"wp-image-20536\" srcset=\"https:\/\/i0.wp.com\/mosel-kajak.de\/wp-content\/uploads\/2025\/04\/Tour-Map-Perl-Palzem-.png?resize=1024%2C433&amp;ssl=1 1024w, https:\/\/i0.wp.com\/mosel-kajak.de\/wp-content\/uploads\/2025\/04\/Tour-Map-Perl-Palzem-.png?resize=300%2C127&amp;ssl=1 300w, https:\/\/i0.wp.com\/mosel-kajak.de\/wp-content\/uploads\/2025\/04\/Tour-Map-Perl-Palzem-.png?resize=768%2C324&amp;ssl=1 768w, https:\/\/i0.wp.com\/mosel-kajak.de\/wp-content\/uploads\/2025\/04\/Tour-Map-Perl-Palzem-.png?resize=600%2C254&amp;ssl=1 600w, https:\/\/i0.wp.com\/mosel-kajak.de\/wp-content\/uploads\/2025\/04\/Tour-Map-Perl-Palzem-.png?w=1342&amp;ssl=1 1342w\" sizes=\"auto, (max-width: 1000px) 100vw, 1000px\" \/><\/figure>\n\n<h2 class=\"wp-block-heading\">Beschreibung:<\/h2>\n\n<p>Genie\u00dfen Sie eine entspannende 10 km lange Kajaktour auf der Mosel mit bis zu 10 Personen, beginnend in Perl, Deutschland.<\/p>\n\n<p>Die Teilnehmer sollten zum <a href=\"https:\/\/maps.app.goo.gl\/MDroyfLVWbfHQUWu5\" data-type=\"link\" data-id=\"https:\/\/maps.app.goo.gl\/MDroyfLVWbfHQUWu5\">Bahnhof<\/a> Perl fahren (f\u00fcr GPS-Nutzung: Maim\u00fchle 1, 66706 Perl) und der Stra\u00dfe folgen, die am Bahnhof vorbei zu einem Tunnel f\u00fchrt, der Sie in die N\u00e4he des Flussbetts bringt, wo kostenlose Parkpl\u00e4tze zur Verf\u00fcgung stehen und ein Teammitglied auf Sie wartet.<br\/>Genaue Einzelheiten werden bei der Buchung mitgeteilt.<\/p>\n\n<div class=\"wp-block-jetpack-slideshow aligncenter\" data-effect=\"slide\"><div class=\"wp-block-jetpack-slideshow_container swiper-container\"><ul class=\"wp-block-jetpack-slideshow_swiper-wrapper swiper-wrapper\"><li class=\"wp-block-jetpack-slideshow_slide swiper-slide\"><figure><img data-recalc-dims=\"1\" loading=\"lazy\" decoding=\"async\" width=\"2048\" height=\"1536\" alt=\"\" class=\"wp-block-jetpack-slideshow_image wp-image-23679\" data-id=\"23679\" src=\"https:\/\/i0.wp.com\/mosel-kajak.de\/wp-content\/uploads\/2025\/06\/IMG_5074.jpeg?resize=2048%2C1536&#038;ssl=1\" srcset=\"https:\/\/i0.wp.com\/mosel-kajak.de\/wp-content\/uploads\/2025\/06\/IMG_5074.jpeg?w=2048&amp;ssl=1 2048w, https:\/\/i0.wp.com\/mosel-kajak.de\/wp-content\/uploads\/2025\/06\/IMG_5074.jpeg?resize=300%2C225&amp;ssl=1 300w, https:\/\/i0.wp.com\/mosel-kajak.de\/wp-content\/uploads\/2025\/06\/IMG_5074.jpeg?resize=1024%2C768&amp;ssl=1 1024w, https:\/\/i0.wp.com\/mosel-kajak.de\/wp-content\/uploads\/2025\/06\/IMG_5074.jpeg?resize=768%2C576&amp;ssl=1 768w, https:\/\/i0.wp.com\/mosel-kajak.de\/wp-content\/uploads\/2025\/06\/IMG_5074.jpeg?resize=1536%2C1152&amp;ssl=1 1536w, https:\/\/i0.wp.com\/mosel-kajak.de\/wp-content\/uploads\/2025\/06\/IMG_5074.jpeg?resize=600%2C450&amp;ssl=1 600w\" sizes=\"(max-width: 1000px) 100vw, 1000px\" \/><\/figure><\/li><li class=\"wp-block-jetpack-slideshow_slide swiper-slide\"><figure><img data-recalc-dims=\"1\" loading=\"lazy\" decoding=\"async\" width=\"2048\" height=\"1536\" alt=\"\" class=\"wp-block-jetpack-slideshow_image wp-image-23684\" data-id=\"23684\" src=\"https:\/\/i0.wp.com\/mosel-kajak.de\/wp-content\/uploads\/2025\/06\/IMG_5075.jpeg?resize=2048%2C1536&#038;ssl=1\" srcset=\"https:\/\/i0.wp.com\/mosel-kajak.de\/wp-content\/uploads\/2025\/06\/IMG_5075.jpeg?w=2048&amp;ssl=1 2048w, https:\/\/i0.wp.com\/mosel-kajak.de\/wp-content\/uploads\/2025\/06\/IMG_5075.jpeg?resize=300%2C225&amp;ssl=1 300w, https:\/\/i0.wp.com\/mosel-kajak.de\/wp-content\/uploads\/2025\/06\/IMG_5075.jpeg?resize=1024%2C768&amp;ssl=1 1024w, https:\/\/i0.wp.com\/mosel-kajak.de\/wp-content\/uploads\/2025\/06\/IMG_5075.jpeg?resize=768%2C576&amp;ssl=1 768w, https:\/\/i0.wp.com\/mosel-kajak.de\/wp-content\/uploads\/2025\/06\/IMG_5075.jpeg?resize=1536%2C1152&amp;ssl=1 1536w, https:\/\/i0.wp.com\/mosel-kajak.de\/wp-content\/uploads\/2025\/06\/IMG_5075.jpeg?resize=600%2C450&amp;ssl=1 600w\" sizes=\"(max-width: 1000px) 100vw, 1000px\" \/><\/figure><\/li><li class=\"wp-block-jetpack-slideshow_slide swiper-slide\"><figure><img data-recalc-dims=\"1\" loading=\"lazy\" decoding=\"async\" width=\"2048\" height=\"1536\" alt=\"\" class=\"wp-block-jetpack-slideshow_image wp-image-23689\" data-id=\"23689\" src=\"https:\/\/i0.wp.com\/mosel-kajak.de\/wp-content\/uploads\/2025\/06\/IMG_5077.jpeg?resize=2048%2C1536&#038;ssl=1\" srcset=\"https:\/\/i0.wp.com\/mosel-kajak.de\/wp-content\/uploads\/2025\/06\/IMG_5077.jpeg?w=2048&amp;ssl=1 2048w, https:\/\/i0.wp.com\/mosel-kajak.de\/wp-content\/uploads\/2025\/06\/IMG_5077.jpeg?resize=300%2C225&amp;ssl=1 300w, https:\/\/i0.wp.com\/mosel-kajak.de\/wp-content\/uploads\/2025\/06\/IMG_5077.jpeg?resize=1024%2C768&amp;ssl=1 1024w, https:\/\/i0.wp.com\/mosel-kajak.de\/wp-content\/uploads\/2025\/06\/IMG_5077.jpeg?resize=768%2C576&amp;ssl=1 768w, https:\/\/i0.wp.com\/mosel-kajak.de\/wp-content\/uploads\/2025\/06\/IMG_5077.jpeg?resize=1536%2C1152&amp;ssl=1 1536w, https:\/\/i0.wp.com\/mosel-kajak.de\/wp-content\/uploads\/2025\/06\/IMG_5077.jpeg?resize=600%2C450&amp;ssl=1 600w\" sizes=\"(max-width: 1000px) 100vw, 1000px\" \/><\/figure><\/li><li class=\"wp-block-jetpack-slideshow_slide swiper-slide\"><figure><img data-recalc-dims=\"1\" loading=\"lazy\" decoding=\"async\" width=\"2048\" height=\"1536\" alt=\"\" class=\"wp-block-jetpack-slideshow_image wp-image-23694\" data-id=\"23694\" src=\"https:\/\/i0.wp.com\/mosel-kajak.de\/wp-content\/uploads\/2025\/06\/IMG_5078.jpeg?resize=2048%2C1536&#038;ssl=1\" srcset=\"https:\/\/i0.wp.com\/mosel-kajak.de\/wp-content\/uploads\/2025\/06\/IMG_5078.jpeg?w=2048&amp;ssl=1 2048w, https:\/\/i0.wp.com\/mosel-kajak.de\/wp-content\/uploads\/2025\/06\/IMG_5078.jpeg?resize=300%2C225&amp;ssl=1 300w, https:\/\/i0.wp.com\/mosel-kajak.de\/wp-content\/uploads\/2025\/06\/IMG_5078.jpeg?resize=1024%2C768&amp;ssl=1 1024w, https:\/\/i0.wp.com\/mosel-kajak.de\/wp-content\/uploads\/2025\/06\/IMG_5078.jpeg?resize=768%2C576&amp;ssl=1 768w, https:\/\/i0.wp.com\/mosel-kajak.de\/wp-content\/uploads\/2025\/06\/IMG_5078.jpeg?resize=1536%2C1152&amp;ssl=1 1536w, https:\/\/i0.wp.com\/mosel-kajak.de\/wp-content\/uploads\/2025\/06\/IMG_5078.jpeg?resize=600%2C450&amp;ssl=1 600w\" sizes=\"(max-width: 1000px) 100vw, 1000px\" \/><\/figure><\/li><li class=\"wp-block-jetpack-slideshow_slide swiper-slide\"><figure><img data-recalc-dims=\"1\" loading=\"lazy\" decoding=\"async\" width=\"2048\" height=\"1536\" alt=\"\" class=\"wp-block-jetpack-slideshow_image wp-image-23699\" data-id=\"23699\" src=\"https:\/\/i0.wp.com\/mosel-kajak.de\/wp-content\/uploads\/2025\/06\/IMG_5081.jpeg?resize=2048%2C1536&#038;ssl=1\" srcset=\"https:\/\/i0.wp.com\/mosel-kajak.de\/wp-content\/uploads\/2025\/06\/IMG_5081.jpeg?w=2048&amp;ssl=1 2048w, https:\/\/i0.wp.com\/mosel-kajak.de\/wp-content\/uploads\/2025\/06\/IMG_5081.jpeg?resize=300%2C225&amp;ssl=1 300w, https:\/\/i0.wp.com\/mosel-kajak.de\/wp-content\/uploads\/2025\/06\/IMG_5081.jpeg?resize=1024%2C768&amp;ssl=1 1024w, https:\/\/i0.wp.com\/mosel-kajak.de\/wp-content\/uploads\/2025\/06\/IMG_5081.jpeg?resize=768%2C576&amp;ssl=1 768w, https:\/\/i0.wp.com\/mosel-kajak.de\/wp-content\/uploads\/2025\/06\/IMG_5081.jpeg?resize=1536%2C1152&amp;ssl=1 1536w, https:\/\/i0.wp.com\/mosel-kajak.de\/wp-content\/uploads\/2025\/06\/IMG_5081.jpeg?resize=600%2C450&amp;ssl=1 600w\" sizes=\"(max-width: 1000px) 100vw, 1000px\" \/><\/figure><\/li><\/ul><a class=\"wp-block-jetpack-slideshow_button-prev swiper-button-prev swiper-button-white\" role=\"button\"><\/a><a class=\"wp-block-jetpack-slideshow_button-next swiper-button-next swiper-button-white\" role=\"button\"><\/a><a aria-label=\"Pause Slideshow\" class=\"wp-block-jetpack-slideshow_button-pause\" role=\"button\"><\/a><div class=\"wp-block-jetpack-slideshow_pagination swiper-pagination swiper-pagination-white\"><\/div><\/div><\/div>\n\n<p>Der Transport von Palzem zur\u00fcck nach Perl erfolgt bequem mit dem Zug. Bitte beachten Sie, dass die Zugtickets <strong><mark style=\"background-color:rgba(0, 0, 0, 0);color:#cf2e2e\" class=\"has-inline-color\">NICHT<\/mark><\/strong> und m\u00fcssen selbst gebucht werden. Bitte informieren Sie sich auf der <a href=\"https:\/\/www.bahn.de\/\" data-type=\"link\" data-id=\"https:\/\/www.bahn.de\/\">offiziellen Website der Deutschen Bahn.<\/a><\/p>\n\n<p>W\u00e4hrend der Tour kommen Sie an verschiedenen Sehensw\u00fcrdigkeiten vorbei, darunter Seeen mit Wildtieren und mehrere kleine Orte wie Besch, Schwebsange (mit seinem Yachthafen), Bech Kleinmacher, Nennig und Remich.<\/p>\n\n<p>Die Kajaktour von Perl nach Palzem dauert in der Regel bis zu 2 Stunden und 30 Minuten, je nach dem Grad der Sportlichkeit des Paddlers. <br\/>Die Tour kostet 55 \u20ac pro Person und beinhaltet eine ausf\u00fchrliche Anleitung und F\u00fchrung, um ein reibungsloses und angenehmes Erlebnis zu gew\u00e4hrleisten.<br\/><br\/>Die Lieferung der Kajaks zum Startpunkt ist inbegriffen, Sie k\u00f6nnen ein Stahldrahtschloss buchen, um die Kajaks beim Verlassen des Wassers sicher zu befestigen. <br\/><br\/>So k\u00f6nnen Sie bei Pausen oder Zwischenstopps auf dem Weg sicher sein.<\/p>\n\n<figure class=\"wp-block-image size-large\"><img data-recalc-dims=\"1\" loading=\"lazy\" decoding=\"async\" width=\"1024\" height=\"768\" src=\"https:\/\/i0.wp.com\/mosel-kajak.de\/wp-content\/uploads\/2025\/04\/IMG_7500.jpeg?resize=1024%2C768&#038;ssl=1\" alt=\"Bootsanleger Palzem  \" class=\"wp-image-20561\" srcset=\"https:\/\/i0.wp.com\/mosel-kajak.de\/wp-content\/uploads\/2025\/04\/IMG_7500.jpeg?resize=1024%2C768&amp;ssl=1 1024w, https:\/\/i0.wp.com\/mosel-kajak.de\/wp-content\/uploads\/2025\/04\/IMG_7500.jpeg?resize=300%2C225&amp;ssl=1 300w, https:\/\/i0.wp.com\/mosel-kajak.de\/wp-content\/uploads\/2025\/04\/IMG_7500.jpeg?resize=768%2C576&amp;ssl=1 768w, https:\/\/i0.wp.com\/mosel-kajak.de\/wp-content\/uploads\/2025\/04\/IMG_7500.jpeg?resize=1536%2C1152&amp;ssl=1 1536w, https:\/\/i0.wp.com\/mosel-kajak.de\/wp-content\/uploads\/2025\/04\/IMG_7500.jpeg?resize=600%2C450&amp;ssl=1 600w, https:\/\/i0.wp.com\/mosel-kajak.de\/wp-content\/uploads\/2025\/04\/IMG_7500.jpeg?w=2048&amp;ssl=1 2048w\" sizes=\"auto, (max-width: 1000px) 100vw, 1000px\" \/><\/figure>\n\n<p>Die Tour endet in der Pizzeria L&#8217;italiano in Palzem, direkt am Flussbett, mit einer Steinplattform, die als Anlegestelle dient.  <br\/>Sobald Sie angekommen sind, k\u00f6nnen Sie uns anrufen und die Abholung des Bootes arrangieren.  <br\/><br\/>Genie\u00dfen Sie in der Zwischenzeit ein Getr\u00e4nk oder eine gute Mahlzeit in der Pizzeria l&#8217;Italiano, w\u00e4hrend Sie die friedliche Aussicht auf die Mosel genie\u00dfen.<br\/>Die Gegend ist f\u00fcr ihre zahlreichen Winzer wie die Sauerweins bekannt und bietet die M\u00f6glichkeit, lokale Weine zu entdecken.  <br\/><br\/>Au\u00dferdem gibt es in Palzem verschiedene Restaurants, in denen Sie nach einer Kajaktour eine Mahlzeit genie\u00dfen k\u00f6nnen.  <br\/>F\u00fcr diejenigen, die ihren Aufenthalt verl\u00e4ngern m\u00f6chten, bietet die Stadt M\u00f6glichkeiten f\u00fcr Hotels und andere \u00dcbernachtungsm\u00f6glichkeiten.<\/p>\n\n<p>Diese Tour ist f\u00fcr alle K\u00f6nnerstufen geeignet und bietet die M\u00f6glichkeit, die ruhige und malerische Mosel bequem zu erleben.<\/p>\n\n<div class=\"wp-block-buttons is-content-justification-left is-layout-flex wp-container-core-buttons-is-layout-fc4fd283 wp-block-buttons-is-layout-flex\">\n<div class=\"wp-block-button\"><a class=\"wp-block-button__link has-text-align-center wp-element-button\" href=\"https:\/\/mosel-kajak.de\/de\/kontakt\/\">Tour buchen<\/a><\/div>\n<\/div>\n\n<p><\/p>\n","protected":false},"excerpt":{"rendered":"<p>Perl &#8211; Palzem Tour mit dem Kajak (10Km ohne F\u00fchrung) Beschreibung: Genie\u00dfen Sie eine entspannende 10 km lange Kajaktour auf der Mosel mit bis zu 10 Personen, beginnend in Perl, Deutschland. Die Teilnehmer sollten zum Bahnhof Perl fahren (f\u00fcr GPS-Nutzung: Maim\u00fchle 1, 66706 Perl) und der Stra\u00dfe folgen, die am Bahnhof vorbei zu einem Tunnel [&hellip;]<\/p>\n","protected":false},"author":3,"featured_media":0,"parent":0,"menu_order":0,"comment_status":"closed","ping_status":"closed","template":"","meta":{"site-sidebar-layout":"default","site-content-layout":"","ast-site-content-layout":"default","site-content-style":"default","site-sidebar-style":"default","ast-global-header-display":"","ast-banner-title-visibility":"","ast-main-header-display":"","ast-hfb-above-header-display":"","ast-hfb-below-header-display":"","ast-hfb-mobile-header-display":"","site-post-title":"disabled","ast-breadcrumbs-content":"","ast-featured-img":"","footer-sml-layout":"","ast-disable-related-posts":"","theme-transparent-header-meta":"","adv-header-id-meta":"","stick-header-meta":"","header-above-stick-meta":"","header-main-stick-meta":"","header-below-stick-meta":"","astra-migrate-meta-layouts":"default","ast-page-background-enabled":"default","ast-page-background-meta":{"desktop":{"background-color":"var(--ast-global-color-4)","background-image":"","background-repeat":"repeat","background-position":"center center","background-size":"auto","background-attachment":"scroll","background-type":"","background-media":"","overlay-type":"","overlay-color":"","overlay-opacity":"","overlay-gradient":""},"tablet":{"background-color":"","background-image":"","background-repeat":"repeat","background-position":"center center","background-size":"auto","background-attachment":"scroll","background-type":"","background-media":"","overlay-type":"","overlay-color":"","overlay-opacity":"","overlay-gradient":""},"mobile":{"background-color":"","background-image":"","background-repeat":"repeat","background-position":"center center","background-size":"auto","background-attachment":"scroll","background-type":"","background-media":"","overlay-type":"","overlay-color":"","overlay-opacity":"","overlay-gradient":""}},"ast-content-background-meta":{"desktop":{"background-color":"var(--ast-global-color-5)","background-image":"","background-repeat":"repeat","background-position":"center center","background-size":"auto","background-attachment":"scroll","background-type":"","background-media":"","overlay-type":"","overlay-color":"","overlay-opacity":"","overlay-gradient":""},"tablet":{"background-color":"var(--ast-global-color-5)","background-image":"","background-repeat":"repeat","background-position":"center center","background-size":"auto","background-attachment":"scroll","background-type":"","background-media":"","overlay-type":"","overlay-color":"","overlay-opacity":"","overlay-gradient":""},"mobile":{"background-color":"var(--ast-global-color-5)","background-image":"","background-repeat":"repeat","background-position":"center center","background-size":"auto","background-attachment":"scroll","background-type":"","background-media":"","overlay-type":"","overlay-color":"","overlay-opacity":"","overlay-gradient":""}},"footnotes":""},"class_list":["post-20838","page","type-page","status-publish","hentry"],"featured_image_src":null,"jetpack_sharing_enabled":true,"_links":{"self":[{"href":"https:\/\/mosel-kajak.de\/de\/wp-json\/wp\/v2\/pages\/20838","targetHints":{"allow":["GET"]}}],"collection":[{"href":"https:\/\/mosel-kajak.de\/de\/wp-json\/wp\/v2\/pages"}],"about":[{"href":"https:\/\/mosel-kajak.de\/de\/wp-json\/wp\/v2\/types\/page"}],"author":[{"embeddable":true,"href":"https:\/\/mosel-kajak.de\/de\/wp-json\/wp\/v2\/users\/3"}],"replies":[{"embeddable":true,"href":"https:\/\/mosel-kajak.de\/de\/wp-json\/wp\/v2\/comments?post=20838"}],"version-history":[{"count":7,"href":"https:\/\/mosel-kajak.de\/de\/wp-json\/wp\/v2\/pages\/20838\/revisions"}],"predecessor-version":[{"id":23720,"href":"https:\/\/mosel-kajak.de\/de\/wp-json\/wp\/v2\/pages\/20838\/revisions\/23720"}],"wp:attachment":[{"href":"https:\/\/mosel-kajak.de\/de\/wp-json\/wp\/v2\/media?parent=20838"}],"curies":[{"name":"wp","href":"https:\/\/api.w.org\/{rel}","templated":true}]}}