{"id":3158,"date":"2023-05-31T09:09:52","date_gmt":"2023-05-31T07:09:52","guid":{"rendered":"https:\/\/mosel-kajak.de\/?page_id=3158"},"modified":"2023-08-05T20:45:38","modified_gmt":"2023-08-05T18:45:38","slug":"kajak-buchen","status":"publish","type":"page","link":"https:\/\/mosel-kajak.de\/de\/kajak-buchen\/","title":{"rendered":"Kajak buchen"},"content":{"rendered":"\n<div style=\"height:83px\" aria-hidden=\"true\" class=\"wp-block-spacer\"><\/div>\n\n<div class=\"wp-block-columns is-layout-flex wp-container-core-columns-is-layout-d7d455e7 wp-block-columns-is-layout-flex\" style=\"padding-top:0;padding-right:0;padding-bottom:0;padding-left:0\">\n<div class=\"wp-block-column is-layout-flow wp-block-column-is-layout-flow\">\n<h1 class=\"wp-block-heading has-text-align-center\">Buchen Sie noch heute ein Kajak!<\/h1>\n\n\n\n<div style=\"height:19px\" aria-hidden=\"true\" class=\"wp-block-spacer\"><\/div>\n<\/div>\n<\/div>\n\n<div class=\"wp-block-columns is-layout-flex wp-container-core-columns-is-layout-28f84493 wp-block-columns-is-layout-flex\">\n<div class=\"wp-block-column is-layout-flow wp-block-column-is-layout-flow\">\n<div class=\"wp-block-columns alignwide is-layout-flex wp-container-core-columns-is-layout-28f84493 wp-block-columns-is-layout-flex\">\n<div class=\"wp-block-column is-layout-flow wp-block-column-is-layout-flow\" style=\"flex-basis:25%\">\n<div class=\"wp-block-cover is-light has-custom-content-position is-position-top-left has-background-color has-text-color wp-duotone-unset-2\" style=\"padding-top:0.8em;min-height:130px;aspect-ratio:unset;\"><span aria-hidden=\"true\" class=\"wp-block-cover__background has-background-dim-100 has-background-dim\" style=\"background-color:#fcd700\"><\/span><div class=\"wp-block-cover__inner-container is-layout-flow wp-container-core-cover-is-layout-f76720b3 wp-block-cover-is-layout-flow\">\n<p class=\"has-base-color has-text-color has-large-font-size\" style=\"margin-top:4px;margin-right:0px;margin-bottom:0px;margin-left:0px;line-height:1\"><strong><sup><span style=\"text-decoration: underline\">Halber Tag  <\/span><\/sup><\/strong><\/p>\n\n\n\n<p class=\"has-base-color has-text-color has-large-font-size\" style=\"margin-top:4px;margin-right:0px;margin-bottom:0px;margin-left:0px;line-height:1\"><strong>45\u20ac  <\/strong><\/p>\n<\/div><\/div>\n\n\n\n<p class=\"has-text-align-left has-contrast-color has-text-color has-small-font-size\" style=\"margin-top:10px;margin-right:10px;margin-bottom:10px;margin-left:10px\">*35\u20ac f\u00fcr das Speedo-Kajak<\/p>\n<\/div>\n\n\n\n<div class=\"wp-block-column is-layout-flow wp-block-column-is-layout-flow\" style=\"flex-basis:25%\">\n<div class=\"wp-block-cover has-custom-content-position is-position-top-left has-background-color has-text-color\" style=\"padding-top:0.8em;min-height:130px;aspect-ratio:unset;\"><span aria-hidden=\"true\" class=\"wp-block-cover__background has-background-dim-100 has-background-dim\" style=\"background-color:#00d126\"><\/span><div class=\"wp-block-cover__inner-container is-layout-flow wp-container-core-cover-is-layout-f76720b3 wp-block-cover-is-layout-flow\">\n<p class=\"has-base-color has-text-color has-large-font-size\" style=\"margin-top:4px;margin-right:0px;margin-bottom:0px;margin-left:0px;line-height:1\"><strong><sup><span style=\"text-decoration: underline\">Ganzer Tag<\/span><\/sup><\/strong><\/p>\n\n\n\n<p class=\"has-base-color has-text-color has-large-font-size\" style=\"margin-top:4px;margin-right:0px;margin-bottom:0px;margin-left:0px;line-height:1\"><strong>75\u20ac<\/strong><\/p>\n<\/div><\/div>\n\n\n\n<p class=\"has-text-align-left has-contrast-color has-text-color has-small-font-size\" style=\"margin-top:10px;margin-right:10px;margin-bottom:10px;margin-left:10px\">*65\u20ac f\u00fcr das Speedo-Kajak<\/p>\n<\/div>\n\n\n\n<div class=\"wp-block-column is-layout-flow wp-block-column-is-layout-flow\" style=\"flex-basis:25%\">\n<div class=\"wp-block-cover has-custom-content-position is-position-top-left has-background-color has-text-color wp-duotone-unset-3\" style=\"padding-top:0.8em;min-height:130px;aspect-ratio:unset;\"><span aria-hidden=\"true\" class=\"wp-block-cover__background has-ast-global-color-0-background-color has-background-dim-100 has-background-dim\"><\/span><div class=\"wp-block-cover__inner-container is-layout-flow wp-container-core-cover-is-layout-f76720b3 wp-block-cover-is-layout-flow\">\n<p class=\"has-base-color has-text-color has-large-font-size\" style=\"margin-top:4px;margin-right:0px;margin-bottom:0px;margin-left:0px;line-height:1\"><strong><sup><span style=\"text-decoration: underline\">Kaution<\/span><\/sup><\/strong><\/p>\n\n\n\n<p class=\"has-base-color has-text-color has-large-font-size\" style=\"margin-top:4px;margin-right:0px;margin-bottom:0px;margin-left:0px;line-height:1\"><strong>100\u20ac  <\/strong><\/p>\n<\/div><\/div>\n\n\n\n<p class=\"has-text-align-left has-contrast-color has-text-color has-small-font-size\" style=\"margin-top:10px;margin-right:10px;margin-bottom:10px;margin-left:10px\">*pro Boot<\/p>\n<\/div>\n\n\n\n<div class=\"wp-block-column is-layout-flow wp-block-column-is-layout-flow\" style=\"flex-basis:25%\">\n<div class=\"wp-block-cover is-light has-custom-content-position is-position-top-left has-background-color has-text-color\" style=\"padding-top:0.8em;min-height:130px;aspect-ratio:unset;\"><span aria-hidden=\"true\" class=\"wp-block-cover__background has-background-dim-100 has-background-dim\" style=\"background-color:#04c3d1\"><\/span><div class=\"wp-block-cover__inner-container is-layout-flow wp-container-core-cover-is-layout-f76720b3 wp-block-cover-is-layout-flow\">\n<p class=\"has-base-color has-text-color has-large-font-size\" style=\"margin-top:4px;margin-right:0px;margin-bottom:0px;margin-left:0px;line-height:1\"><strong><sup>Paddel<\/sup><\/strong><\/p>\n\n\n\n<p class=\"has-base-color has-text-color has-large-font-size\" style=\"margin-top:4px;margin-right:0px;margin-bottom:0px;margin-left:0px;line-height:1\"><strong><sup>inklusive<\/sup><\/strong><\/p>\n<\/div><\/div>\n<\/div>\n\n\n\n<div class=\"wp-block-column is-layout-flow wp-block-column-is-layout-flow\" style=\"flex-basis:25%\">\n<div class=\"wp-block-cover is-light has-custom-content-position is-position-top-left has-background-color has-text-color\" style=\"padding-top:0.8em;min-height:130px;aspect-ratio:unset;\"><span aria-hidden=\"true\" class=\"wp-block-cover__background has-background-dim-100 has-background-dim\" style=\"background-color:#04c3d1\"><\/span><div class=\"wp-block-cover__inner-container is-layout-flow wp-container-core-cover-is-layout-f76720b3 wp-block-cover-is-layout-flow\">\n<p class=\"has-base-color has-text-color has-large-font-size\" style=\"margin-top:4px;margin-right:0px;margin-bottom:0px;margin-left:0px;line-height:1\"><strong><sup>Taschen<\/sup><\/strong><\/p>\n\n\n\n<p class=\"has-base-color has-text-color has-large-font-size\" style=\"margin-top:4px;margin-right:0px;margin-bottom:0px;margin-left:0px;line-height:1\"><strong><sup>inklusive<\/sup><\/strong><\/p>\n<\/div><\/div>\n<\/div>\n<\/div>\n<\/div>\n<\/div>\n\n<p class=\"has-text-align-center\" style=\"font-size:28px\"><sub><mark style=\"color:#ff0000\" class=\"has-inline-color\"><span style=\"text-decoration: underline\">Derzeit werden nur Barzahlungen akzeptiert  <\/span><\/mark><\/sub><\/p>\n\n<div class=\"wp-block-columns is-layout-flex wp-container-core-columns-is-layout-d7d455e7 wp-block-columns-is-layout-flex\" style=\"padding-top:0;padding-right:0;padding-bottom:0;padding-left:0\">\n<div class=\"wp-block-column is-layout-flow wp-block-column-is-layout-flow\">\n<h2 class=\"wp-block-heading has-text-align-center\">Verf\u00fcgbare Kajaktypen:<\/h2>\n\n\n\n<div style=\"height:17px\" aria-hidden=\"true\" class=\"wp-block-spacer\"><\/div>\n<\/div>\n<\/div>\n\n<div class=\"wp-block-columns alignwide is-layout-flex wp-container-core-columns-is-layout-28f84493 wp-block-columns-is-layout-flex\">\n<div class=\"wp-block-column is-layout-flow wp-block-column-is-layout-flow\">\n<figure class=\"wp-block-gallery has-nested-images columns-default is-cropped wp-block-gallery-4 is-layout-flex wp-block-gallery-is-layout-flex\">\n<figure class=\"wp-block-image size-large\"><img data-recalc-dims=\"1\" height=\"768\" width=\"1024\" decoding=\"async\" data-id=\"271\" src=\"https:\/\/i0.wp.com\/mosel-kajak.de\/wp-content\/uploads\/2023\/06\/IMG_7021.jpeg?resize=1024%2C768&#038;ssl=1\" alt=\"\" class=\"wp-image-271\" \/><\/figure><\/figure>\n<\/div>\n\n\n\n<div class=\"wp-block-column is-layout-flow wp-block-column-is-layout-flow\">\n<h2 class=\"wp-block-heading\">Der <span class=\"notranslate\"> Skipper<\/span><\/h2>\n\n\n\n<p>Dies ist ein komfortables einsitziges Kajak, das Sicherheit mit Komfort und Spa\u00df verbindet!<br \/>Perfekt f\u00fcr jedermann bietet es einen gro\u00dfen Einstiegsbereich und liegt stabil im Wasser.<\/p>\n\n\n\n<p><strong>Merkmale:<\/strong><br \/>&#8211; Beinpedale (einstellbar)<br \/>&#8211; Stauraum  <br \/>&#8211; Getr\u00e4nkehalter  <\/p>\n\n\n\n<p>Der perfekte Allrounder!<\/p>\n\n\n\n<a href=\"tel:+491707065408\">Rufen Sie uns an unter +491707065408<\/a>\n<\/div>\n<\/div>\n\n<div class=\"wp-block-columns alignwide is-layout-flex wp-container-core-columns-is-layout-28f84493 wp-block-columns-is-layout-flex\">\n<div class=\"wp-block-column is-layout-flow wp-block-column-is-layout-flow\">\n<figure class=\"wp-block-gallery has-nested-images columns-default is-cropped wp-block-gallery-5 is-layout-flex wp-block-gallery-is-layout-flex\">\n<figure class=\"wp-block-image size-large\"><img data-recalc-dims=\"1\" loading=\"lazy\" decoding=\"async\" width=\"1024\" height=\"768\" data-id=\"265\" src=\"https:\/\/i0.wp.com\/mosel-kajak.de\/wp-content\/uploads\/2023\/06\/IMG_6849.jpeg?resize=1024%2C768&#038;ssl=1\" alt=\"\" class=\"wp-image-265\" srcset=\"https:\/\/i0.wp.com\/mosel-kajak.de\/wp-content\/uploads\/2023\/06\/IMG_6849.jpeg?resize=1024%2C768&amp;ssl=1 1024w, https:\/\/i0.wp.com\/mosel-kajak.de\/wp-content\/uploads\/2023\/06\/IMG_6849.jpeg?resize=300%2C225&amp;ssl=1 300w, https:\/\/i0.wp.com\/mosel-kajak.de\/wp-content\/uploads\/2023\/06\/IMG_6849.jpeg?resize=768%2C576&amp;ssl=1 768w, https:\/\/i0.wp.com\/mosel-kajak.de\/wp-content\/uploads\/2023\/06\/IMG_6849.jpeg?resize=1536%2C1152&amp;ssl=1 1536w, https:\/\/i0.wp.com\/mosel-kajak.de\/wp-content\/uploads\/2023\/06\/IMG_6849.jpeg?resize=600%2C450&amp;ssl=1 600w, https:\/\/i0.wp.com\/mosel-kajak.de\/wp-content\/uploads\/2023\/06\/IMG_6849.jpeg?w=2048&amp;ssl=1 2048w\" sizes=\"auto, (max-width: 1000px) 100vw, 1000px\" \/><\/figure><\/figure>\n<\/div>\n\n\n\n<div class=\"wp-block-column is-layout-flow wp-block-column-is-layout-flow\">\n<h2 class=\"wp-block-heading\">Der Hai<\/h2>\n\n\n\n<p>Der Hai ist das gleiche komfortable Modell, das Sicherheit mit Komfort und Spa\u00df verbindet!<br \/>Perfekt f\u00fcr jedermann bietet es einen gro\u00dfen Einstiegsbereich und liegt stabil im Wasser.<\/p>\n\n\n\n<p><strong>Merkmale:<\/strong><br \/>&#8211; Beinpedale (einstellbar)<br \/>&#8211; Stauraum  <br \/>&#8211; Getr\u00e4nkehalter  <\/p>\n\n\n\n<p>Der perfekte Allrounder!<\/p>\n\n\n\n<a href=\"tel:+491707065408\">Rufen Sie uns an unter +491707065408<\/a>\n<\/div>\n<\/div>\n\n<div class=\"wp-block-columns alignwide is-layout-flex wp-container-core-columns-is-layout-28f84493 wp-block-columns-is-layout-flex\">\n<div class=\"wp-block-column is-layout-flow wp-block-column-is-layout-flow\">\n<figure class=\"wp-block-gallery has-nested-images columns-default is-cropped wp-block-gallery-6 is-layout-flex wp-block-gallery-is-layout-flex\">\n<figure class=\"wp-block-image size-large\"><img data-recalc-dims=\"1\" loading=\"lazy\" decoding=\"async\" width=\"1024\" height=\"768\" data-id=\"267\" src=\"https:\/\/i0.wp.com\/mosel-kajak.de\/wp-content\/uploads\/2023\/06\/IMG_6856.jpeg?resize=1024%2C768&#038;ssl=1\" alt=\"\" class=\"wp-image-267\" srcset=\"https:\/\/i0.wp.com\/mosel-kajak.de\/wp-content\/uploads\/2023\/06\/IMG_6856.jpeg?resize=1024%2C768&amp;ssl=1 1024w, https:\/\/i0.wp.com\/mosel-kajak.de\/wp-content\/uploads\/2023\/06\/IMG_6856.jpeg?resize=300%2C225&amp;ssl=1 300w, https:\/\/i0.wp.com\/mosel-kajak.de\/wp-content\/uploads\/2023\/06\/IMG_6856.jpeg?resize=768%2C576&amp;ssl=1 768w, https:\/\/i0.wp.com\/mosel-kajak.de\/wp-content\/uploads\/2023\/06\/IMG_6856.jpeg?resize=1536%2C1152&amp;ssl=1 1536w, https:\/\/i0.wp.com\/mosel-kajak.de\/wp-content\/uploads\/2023\/06\/IMG_6856.jpeg?resize=600%2C450&amp;ssl=1 600w, https:\/\/i0.wp.com\/mosel-kajak.de\/wp-content\/uploads\/2023\/06\/IMG_6856.jpeg?w=2048&amp;ssl=1 2048w\" sizes=\"auto, (max-width: 1000px) 100vw, 1000px\" \/><\/figure><\/figure>\n<\/div>\n\n\n\n<div class=\"wp-block-column is-layout-flow wp-block-column-is-layout-flow\">\n<h2 class=\"wp-block-heading\">Die <span class=\"notranslate\">Tachoscheibe<\/span><\/h2>\n\n\n\n<p>Ein \u00e4lteres Modell, das zwar schnellere Reisegeschwindigkeiten bietet, aber f\u00fcr gr\u00f6\u00dfere Menschen nicht so bequem ist, da es schwieriger zu steuern ist und schwerer die Richtung zu halten ist.<br \/>F\u00fcr dieses Sportboot kommen nur fortgeschrittene Benutzer in Frage.<\/p>\n\n\n\n<p>Perfekt f\u00fcr alle, die den Wettbewerb lieben!<\/p>\n\n\n\n<a href=\"tel:+491707065408\">Rufen Sie uns an unter +491707065408<\/a>\n<\/div>\n<\/div>\n\n<h1 class=\"wp-block-heading has-text-align-center\">Haben Sie noch Fragen?<\/h1>\n\n<h3 class=\"wp-block-heading\">Wie lange im Voraus sollte ich buchen?<\/h3>\n\n<p class=\"has-medium-font-size\">Wir ben\u00f6tigen mindestens <strong>24 Stunden<\/strong> vor dem Buchungstag, Sie k\u00f6nnen uns aber auch anrufen und um eine <strong>Buchung am selben Tag<\/strong> bitten.<\/p>\n\n<h3 class=\"wp-block-heading\">Wo kann ich die Boote abholen?<\/h3>\n\n<p class=\"has-medium-font-size\">Sie k\u00f6nnen die Boote abholen an unserem <a href=\"https:\/\/mosel-kajak.de\/standorte\/?lang=de\" data-type=\"page\" data-id=\"76\">\n  <strong>\n    <span style=\"text-decoration: underline\">Abholort<\/span>\n  <\/strong>\n<\/a> oder einen bestimmten Ort anfragen.<\/p>\n\n<h3 class=\"wp-block-heading\">Was ist, wenn ich meine Buchung stornieren muss?<\/h3>\n\n<p class=\"has-medium-font-size\">Wenn Sie Ihre Buchung stornieren m\u00fcssen, k\u00f6nnen Sie <a href=\"https:\/\/mosel-kajak.de\/kontakt\/?lang=de\" data-type=\"page\" data-id=\"75\">\n  <strong>\n    <span style=\"text-decoration: underline\">uns anrufen<\/span>\n  <\/strong>\n<\/a> und wir werden sie kostenlos stornieren. Die Stornierung ist <strong>24 Stunden vor der Abholung<\/strong> m\u00f6glich.<\/p>\n\n<h3 class=\"wp-block-heading\">Was ist, wenn es regnet?<\/h3>\n\n<p class=\"has-medium-font-size\">Wenn es regnet, k\u00f6nnen wir die Buchung kostenlos auf einen anderen Tag verschieben.<\/p>\n\n<p><\/p>\n","protected":false},"excerpt":{"rendered":"<p>Buchen Sie noch heute ein Kajak! *35\u20ac f\u00fcr das Speedo-Kajak *65\u20ac f\u00fcr das Speedo-Kajak *pro Boot Derzeit werden nur Barzahlungen akzeptiert Verf\u00fcgbare Kajaktypen: Der Skipper Dies ist ein komfortables einsitziges Kajak, das Sicherheit mit Komfort und Spa\u00df verbindet!Perfekt f\u00fcr jedermann bietet es einen gro\u00dfen Einstiegsbereich und liegt stabil im Wasser. Merkmale:&#8211; Beinpedale (einstellbar)&#8211; Stauraum &#8211; [&hellip;]<\/p>\n","protected":false},"author":1,"featured_media":0,"parent":0,"menu_order":0,"comment_status":"closed","ping_status":"closed","template":"","meta":{"site-sidebar-layout":"default","site-content-layout":"","ast-site-content-layout":"default","site-content-style":"default","site-sidebar-style":"default","ast-global-header-display":"","ast-banner-title-visibility":"","ast-main-header-display":"","ast-hfb-above-header-display":"","ast-hfb-below-header-display":"","ast-hfb-mobile-header-display":"","site-post-title":"disabled","ast-breadcrumbs-content":"","ast-featured-img":"","footer-sml-layout":"","ast-disable-related-posts":"","theme-transparent-header-meta":"","adv-header-id-meta":"","stick-header-meta":"","header-above-stick-meta":"","header-main-stick-meta":"","header-below-stick-meta":"","astra-migrate-meta-layouts":"default","ast-page-background-enabled":"default","ast-page-background-meta":{"desktop":{"background-color":"var(--ast-global-color-4)","background-image":"","background-repeat":"repeat","background-position":"center center","background-size":"auto","background-attachment":"scroll","background-type":"","background-media":"","overlay-type":"","overlay-color":"","overlay-opacity":"","overlay-gradient":""},"tablet":{"background-color":"","background-image":"","background-repeat":"repeat","background-position":"center center","background-size":"auto","background-attachment":"scroll","background-type":"","background-media":"","overlay-type":"","overlay-color":"","overlay-opacity":"","overlay-gradient":""},"mobile":{"background-color":"","background-image":"","background-repeat":"repeat","background-position":"center center","background-size":"auto","background-attachment":"scroll","background-type":"","background-media":"","overlay-type":"","overlay-color":"","overlay-opacity":"","overlay-gradient":""}},"ast-content-background-meta":{"desktop":{"background-color":"var(--ast-global-color-5)","background-image":"","background-repeat":"repeat","background-position":"center center","background-size":"auto","background-attachment":"scroll","background-type":"","background-media":"","overlay-type":"","overlay-color":"","overlay-opacity":"","overlay-gradient":""},"tablet":{"background-color":"var(--ast-global-color-5)","background-image":"","background-repeat":"repeat","background-position":"center center","background-size":"auto","background-attachment":"scroll","background-type":"","background-media":"","overlay-type":"","overlay-color":"","overlay-opacity":"","overlay-gradient":""},"mobile":{"background-color":"var(--ast-global-color-5)","background-image":"","background-repeat":"repeat","background-position":"center center","background-size":"auto","background-attachment":"scroll","background-type":"","background-media":"","overlay-type":"","overlay-color":"","overlay-opacity":"","overlay-gradient":""}},"footnotes":""},"class_list":["post-3158","page","type-page","status-publish","hentry"],"featured_image_src":null,"jetpack_sharing_enabled":true,"_links":{"self":[{"href":"https:\/\/mosel-kajak.de\/de\/wp-json\/wp\/v2\/pages\/3158","targetHints":{"allow":["GET"]}}],"collection":[{"href":"https:\/\/mosel-kajak.de\/de\/wp-json\/wp\/v2\/pages"}],"about":[{"href":"https:\/\/mosel-kajak.de\/de\/wp-json\/wp\/v2\/types\/page"}],"author":[{"embeddable":true,"href":"https:\/\/mosel-kajak.de\/de\/wp-json\/wp\/v2\/users\/1"}],"replies":[{"embeddable":true,"href":"https:\/\/mosel-kajak.de\/de\/wp-json\/wp\/v2\/comments?post=3158"}],"version-history":[{"count":6,"href":"https:\/\/mosel-kajak.de\/de\/wp-json\/wp\/v2\/pages\/3158\/revisions"}],"predecessor-version":[{"id":3194,"href":"https:\/\/mosel-kajak.de\/de\/wp-json\/wp\/v2\/pages\/3158\/revisions\/3194"}],"wp:attachment":[{"href":"https:\/\/mosel-kajak.de\/de\/wp-json\/wp\/v2\/media?parent=3158"}],"curies":[{"name":"wp","href":"https:\/\/api.w.org\/{rel}","templated":true}]}}