{"id":1274,"date":"2023-06-27T09:08:33","date_gmt":"2023-06-27T07:08:33","guid":{"rendered":"https:\/\/mosel-kajak.de\/prix\/"},"modified":"2025-05-31T12:04:10","modified_gmt":"2025-05-31T10:04:10","slug":"prix","status":"publish","type":"page","link":"https:\/\/mosel-kajak.de\/fr\/prix\/","title":{"rendered":"Voyages et tarifs"},"content":{"rendered":"\n<hr class=\"wp-block-separator has-alpha-channel-opacity is-style-wide\"\/>\n\n<h3 class=\"wp-block-heading\" id=\"0-starting-from-palzem\">Voyage au d\u00e9part de Palzem<\/h3>\n\n<figure class=\"wp-block-image size-large is-resized\"><img data-recalc-dims=\"1\" loading=\"lazy\" decoding=\"async\" width=\"1024\" height=\"357\" src=\"https:\/\/i0.wp.com\/mosel-kajak.de\/wp-content\/uploads\/2025\/05\/Palzem-Tour.png?resize=1024%2C357&#038;ssl=1\" alt=\"\" class=\"wp-image-20754\" style=\"width:1200px;height:auto\" srcset=\"https:\/\/i0.wp.com\/mosel-kajak.de\/wp-content\/uploads\/2025\/05\/Palzem-Tour.png?resize=1024%2C357&amp;ssl=1 1024w, https:\/\/i0.wp.com\/mosel-kajak.de\/wp-content\/uploads\/2025\/05\/Palzem-Tour.png?resize=300%2C105&amp;ssl=1 300w, https:\/\/i0.wp.com\/mosel-kajak.de\/wp-content\/uploads\/2025\/05\/Palzem-Tour.png?resize=768%2C268&amp;ssl=1 768w, https:\/\/i0.wp.com\/mosel-kajak.de\/wp-content\/uploads\/2025\/05\/Palzem-Tour.png?resize=600%2C209&amp;ssl=1 600w, https:\/\/i0.wp.com\/mosel-kajak.de\/wp-content\/uploads\/2025\/05\/Palzem-Tour.png?w=1334&amp;ssl=1 1334w\" sizes=\"auto, (max-width: 1000px) 100vw, 1000px\" \/><\/figure>\n\n<p>Commencez votre voyage \u00e0 <strong>Palzem<\/strong>, en pagayant \u00e0 <strong>contre-courant<\/strong> de la <strong>Moselle<\/strong> en direction de la <strong>ville aux trois fronti\u00e8res de Schengen<\/strong>.<br\/>Allez aussi loin que vous le souhaitez avant de vous laisser porter par le courant, <strong>parking disponible<\/strong>. <br\/><br\/><strong>R\u00e9servation de bateau possible 1 heure<\/strong> avant le d\u00e9part &#8211; veuillez <strong>nous contacter<\/strong> ou <strong>r\u00e9server en ligne<\/strong> \u00e0 l&rsquo;avance car le personnel n&rsquo;est pas toujours pr\u00e9sent \u00e0 la propri\u00e9t\u00e9.<\/p>\n\n<p><a href=\"https:\/\/mosel-kajak.de\/fr\/localisation-des-sites\/\" data-type=\"link\" data-id=\"https:\/\/mosel-kajak.de\/locations\/\">Voir la description compl\u00e8te de l&#8217;emplacement et les d\u00e9tails<\/a><\/p>\n<div class=\"wp-block-ub-content-toggle wp-block-ub-content-toggle-block\" id=\"ub-content-toggle-block-38eea253-9dba-4860-a5fe-332a90fe78b5\" data-mobilecollapse=\"false\" data-desktopcollapse=\"true\" data-preventcollapse=\"false\" data-showonlyone=\"false\">\n<div class=\"wp-block-ub-content-toggle-accordion\" style=\"border-color: #f1f1f1; \" id=\"ub-content-toggle-panel-block-\">\n\t\t\t<div class=\"wp-block-ub-content-toggle-accordion-title-wrap\" style=\"background-color: #f1f1f1;\" aria-controls=\"ub-content-toggle-panel-0-38eea253-9dba-4860-a5fe-332a90fe78b5\" tabindex=\"0\">\n\t\t\t<h3 class=\"wp-block-ub-content-toggle-accordion-title ub-content-toggle-title-38eea253-9dba-4860-a5fe-332a90fe78b5\" style=\"color: #000000; \"><strong>Prices for Palzem:<\/strong> (click) <\/h3>\n\t\t\t<div class=\"wp-block-ub-content-toggle-accordion-toggle-wrap left\" style=\"color: #000000;\"><span class=\"wp-block-ub-content-toggle-accordion-state-indicator wp-block-ub-chevron-down\"><\/span><\/div>\n\t\t<\/div>\n\t\t\t<div role=\"region\" aria-expanded=\"false\" class=\"wp-block-ub-content-toggle-accordion-content-wrap ub-hide\" id=\"ub-content-toggle-panel-0-38eea253-9dba-4860-a5fe-332a90fe78b5\">\n\n<p><strong>(sacs \u00e9tanches, pagaies et gilets de sauvetage inclus dans le prix)  <\/strong><\/p>\n\n\n\n<figure class=\"wp-block-table\"><table class=\"has-fixed-layout\"><tbody><tr><td><strong>Heures (minimum 2 heures)  <\/strong><\/td><td><strong>Prix (par personne)<\/strong><\/td><td><strong>Prix (2 personnes)<\/strong><\/td><\/tr><tr><td><strong>1h<\/strong><\/td><td>15\u20ac<\/td><td>30\u20ac<\/td><\/tr><tr><td><strong>2h<\/strong><\/td><td>30\u20ac<\/td><td>60\u20ac<\/td><\/tr><tr><td><strong>3h<\/strong><\/td><td>45\u20ac<\/td><td>90\u20ac<\/td><\/tr><tr><td><strong>4h<\/strong><\/td><td>60\u20ac<\/td><td>120\u20ac<\/td><\/tr><tr><td><strong>5h<\/strong><\/td><td>75\u20ac<\/td><td>150\u20ac<\/td><\/tr><tr><td><strong>6h<\/strong><\/td><td>90\u20ac<\/td><td>180\u20ac<\/td><\/tr><tr><td>&#8230;<\/td><td>&#8230;<\/td><td>&#8230;<\/td><\/tr><\/tbody><\/table><\/figure>\n\n<\/div>\n\t\t<\/div>\n<\/div>\n<hr class=\"wp-block-separator has-alpha-channel-opacity is-style-wide\"\/>\n\n<div style=\"height:66px\" aria-hidden=\"true\" class=\"wp-block-spacer\"><\/div>\n\n<h3 class=\"wp-block-heading\" id=\"2-starting-from-perl\">Voyage \u00e0 partir de Perl<\/h3>\n\n<figure class=\"wp-block-image size-large is-resized\"><img data-recalc-dims=\"1\" loading=\"lazy\" decoding=\"async\" width=\"1024\" height=\"433\" src=\"https:\/\/i0.wp.com\/mosel-kajak.de\/wp-content\/uploads\/2025\/04\/Tour-Map-Perl-Palzem-.png?resize=1024%2C433&#038;ssl=1\" alt=\"\" class=\"wp-image-20536\" style=\"width:1200px;height:auto\" srcset=\"https:\/\/i0.wp.com\/mosel-kajak.de\/wp-content\/uploads\/2025\/04\/Tour-Map-Perl-Palzem-.png?resize=1024%2C433&amp;ssl=1 1024w, https:\/\/i0.wp.com\/mosel-kajak.de\/wp-content\/uploads\/2025\/04\/Tour-Map-Perl-Palzem-.png?resize=300%2C127&amp;ssl=1 300w, https:\/\/i0.wp.com\/mosel-kajak.de\/wp-content\/uploads\/2025\/04\/Tour-Map-Perl-Palzem-.png?resize=768%2C324&amp;ssl=1 768w, https:\/\/i0.wp.com\/mosel-kajak.de\/wp-content\/uploads\/2025\/04\/Tour-Map-Perl-Palzem-.png?resize=600%2C254&amp;ssl=1 600w, https:\/\/i0.wp.com\/mosel-kajak.de\/wp-content\/uploads\/2025\/04\/Tour-Map-Perl-Palzem-.png?w=1342&amp;ssl=1 1342w\" sizes=\"auto, (max-width: 1000px) 100vw, 1000px\" \/><\/figure>\n\n<p>Commencez votre aventure \u00e0 <strong>Perl<\/strong>, en pagayant depuis les <strong>hauteurs de la ville des trois fronti\u00e8res de Schengen<\/strong> vers <strong>Palzem<\/strong>. Cet <strong>itin\u00e9raire de 10 km<\/strong> se d\u00e9roule en douceur avec le courant, ce qui en fait un voyage agr\u00e9able et pittoresque. <br\/>Pr\u00e9voyez un minimum de <strong>2 heures<\/strong> sur l&rsquo;eau, mais le trajet peut durer jusqu&rsquo;\u00e0 <strong>3 heures<\/strong> en fonction du rythme. <strong>Parking disponible<\/strong>. <br\/>Des <strong>frais de livraison du bateau de 15 \u20ac<\/strong> s&rsquo;appliquent. <strong>Prise en charge possible dans un d\u00e9lai d&rsquo;une heure &#8211; veuillez<\/strong> <strong>nous contacter<\/strong> ou <strong>r\u00e9server en ligne<\/strong> \u00e0 l&rsquo;avance.<\/p>\n\n<p><a href=\"https:\/\/mosel-kajak.de\/fr\/perl-palzem-trip\/\" data-type=\"page\" data-id=\"20518\">Voir la description compl\u00e8te de l&#8217;emplacement et les d\u00e9tails  <\/a><\/p>\n<div class=\"wp-block-ub-content-toggle wp-block-ub-content-toggle-block\" id=\"ub-content-toggle-block-fb2889eb-6501-44be-8461-040bc6391e50\" data-mobilecollapse=\"false\" data-desktopcollapse=\"true\" data-preventcollapse=\"false\" data-showonlyone=\"false\">\n<div class=\"wp-block-ub-content-toggle-accordion\" style=\"border-color: #f1f1f1; \" id=\"ub-content-toggle-panel-block-\">\n\t\t\t<div class=\"wp-block-ub-content-toggle-accordion-title-wrap\" style=\"background-color: #f1f1f1;\" aria-controls=\"ub-content-toggle-panel-0-fb2889eb-6501-44be-8461-040bc6391e50\" tabindex=\"0\">\n\t\t\t<h3 class=\"wp-block-ub-content-toggle-accordion-title ub-content-toggle-title-fb2889eb-6501-44be-8461-040bc6391e50\" style=\"color: #000000; \">Prices for Perl: (click)<\/h3>\n\t\t\t<div class=\"wp-block-ub-content-toggle-accordion-toggle-wrap left\" style=\"color: #000000;\"><span class=\"wp-block-ub-content-toggle-accordion-state-indicator wp-block-ub-chevron-down\"><\/span><\/div>\n\t\t<\/div>\n\t\t\t<div role=\"region\" aria-expanded=\"false\" class=\"wp-block-ub-content-toggle-accordion-content-wrap ub-hide\" id=\"ub-content-toggle-panel-0-fb2889eb-6501-44be-8461-040bc6391e50\">\n\n<p><strong>(sacs \u00e9tanches, pagaies et gilets de sauvetage inclus dans le prix)  <\/strong><\/p>\n\n\n\n<figure class=\"wp-block-table\"><table class=\"has-fixed-layout\"><tbody><tr><td><strong>Dur\u00e9e du voyage<\/strong><\/td><td><strong>Prix (par personne)<\/strong><\/td><td><strong>Prix (2 personnes)<\/strong><\/td><\/tr><tr><td><strong>3h par d\u00e9faut Dur\u00e9e du voyage incluse<\/strong><\/td><td>55\u20ac<\/td><td>110\u20ac<\/td><\/tr><tr><td><strong>+1h (heures suppl\u00e9mentaires)<\/strong><\/td><td>20\u20ac<\/td><td><\/td><\/tr><\/tbody><\/table><\/figure>\n\n\n\n<p><strong><mark style=\"background-color:rgba(0, 0, 0, 0);color:#ff0000\" class=\"has-inline-color\">Il ne s&rsquo;agit pas d&rsquo;un lieu d&rsquo;affaires, par cons\u00e9quent la livraison des bateaux et de l&rsquo;\u00e9quipement vous sera factur\u00e9e 15\u20ac (inclus dans le prix).<\/mark><\/strong><mark style=\"background-color:rgba(0, 0, 0, 0);color:#ff0000\" class=\"has-inline-color\"><strong>(inclus dans le prix)<\/strong>.<\/mark><br><mark style=\"background-color:rgba(0, 0, 0, 0);color:#ff0000\" class=\"has-inline-color\">Le retour \u00e0 votre voiture doit \u00eatre g\u00e9r\u00e9 par vous-m\u00eame. Les billets de train sont disponibles sur <a href=\"https:\/\/www.bahn.de\/\" data-type=\"link\" data-id=\"https:\/\/www.bahn.de\/\">Bahn.de.<\/a><\/mark><\/p>\n\n<\/div>\n\t\t<\/div>\n<\/div>\n<hr class=\"wp-block-separator has-alpha-channel-opacity is-style-wide\"\/>\n\n<p><\/p>\n","protected":false},"excerpt":{"rendered":"<p>Voyage au d\u00e9part de Palzem Commencez votre voyage \u00e0 Palzem, en pagayant \u00e0 contre-courant de la Moselle en direction de la ville aux trois fronti\u00e8res de Schengen.Allez aussi loin que vous le souhaitez avant de vous laisser porter par le courant, parking disponible. R\u00e9servation de bateau possible 1 heure avant le d\u00e9part &#8211; veuillez nous [&hellip;]<\/p>\n","protected":false},"author":1,"featured_media":0,"parent":0,"menu_order":0,"comment_status":"closed","ping_status":"closed","template":"","meta":{"site-sidebar-layout":"default","site-content-layout":"","ast-site-content-layout":"default","site-content-style":"default","site-sidebar-style":"default","ast-global-header-display":"","ast-banner-title-visibility":"","ast-main-header-display":"","ast-hfb-above-header-display":"","ast-hfb-below-header-display":"","ast-hfb-mobile-header-display":"","site-post-title":"","ast-breadcrumbs-content":"","ast-featured-img":"","footer-sml-layout":"","ast-disable-related-posts":"","theme-transparent-header-meta":"","adv-header-id-meta":"","stick-header-meta":"","header-above-stick-meta":"","header-main-stick-meta":"","header-below-stick-meta":"","astra-migrate-meta-layouts":"default","ast-page-background-enabled":"default","ast-page-background-meta":{"desktop":{"background-color":"var(--ast-global-color-4)","background-image":"","background-repeat":"repeat","background-position":"center center","background-size":"auto","background-attachment":"scroll","background-type":"","background-media":"","overlay-type":"","overlay-color":"","overlay-opacity":"","overlay-gradient":""},"tablet":{"background-color":"","background-image":"","background-repeat":"repeat","background-position":"center center","background-size":"auto","background-attachment":"scroll","background-type":"","background-media":"","overlay-type":"","overlay-color":"","overlay-opacity":"","overlay-gradient":""},"mobile":{"background-color":"","background-image":"","background-repeat":"repeat","background-position":"center center","background-size":"auto","background-attachment":"scroll","background-type":"","background-media":"","overlay-type":"","overlay-color":"","overlay-opacity":"","overlay-gradient":""}},"ast-content-background-meta":{"desktop":{"background-color":"var(--ast-global-color-5)","background-image":"","background-repeat":"repeat","background-position":"center center","background-size":"auto","background-attachment":"scroll","background-type":"","background-media":"","overlay-type":"","overlay-color":"","overlay-opacity":"","overlay-gradient":""},"tablet":{"background-color":"var(--ast-global-color-5)","background-image":"","background-repeat":"repeat","background-position":"center center","background-size":"auto","background-attachment":"scroll","background-type":"","background-media":"","overlay-type":"","overlay-color":"","overlay-opacity":"","overlay-gradient":""},"mobile":{"background-color":"var(--ast-global-color-5)","background-image":"","background-repeat":"repeat","background-position":"center center","background-size":"auto","background-attachment":"scroll","background-type":"","background-media":"","overlay-type":"","overlay-color":"","overlay-opacity":"","overlay-gradient":""}},"footnotes":""},"class_list":["post-1274","page","type-page","status-publish","hentry"],"featured_image_src":null,"jetpack_sharing_enabled":true,"_links":{"self":[{"href":"https:\/\/mosel-kajak.de\/fr\/wp-json\/wp\/v2\/pages\/1274","targetHints":{"allow":["GET"]}}],"collection":[{"href":"https:\/\/mosel-kajak.de\/fr\/wp-json\/wp\/v2\/pages"}],"about":[{"href":"https:\/\/mosel-kajak.de\/fr\/wp-json\/wp\/v2\/types\/page"}],"author":[{"embeddable":true,"href":"https:\/\/mosel-kajak.de\/fr\/wp-json\/wp\/v2\/users\/1"}],"replies":[{"embeddable":true,"href":"https:\/\/mosel-kajak.de\/fr\/wp-json\/wp\/v2\/comments?post=1274"}],"version-history":[{"count":7,"href":"https:\/\/mosel-kajak.de\/fr\/wp-json\/wp\/v2\/pages\/1274\/revisions"}],"predecessor-version":[{"id":23676,"href":"https:\/\/mosel-kajak.de\/fr\/wp-json\/wp\/v2\/pages\/1274\/revisions\/23676"}],"wp:attachment":[{"href":"https:\/\/mosel-kajak.de\/fr\/wp-json\/wp\/v2\/media?parent=1274"}],"curies":[{"name":"wp","href":"https:\/\/api.w.org\/{rel}","templated":true}]}}