{"id":1539,"date":"2023-06-02T12:35:32","date_gmt":"2023-06-02T10:35:32","guid":{"rendered":"https:\/\/mosel-kajak.de\/conditions-generales\/"},"modified":"2025-06-08T23:44:57","modified_gmt":"2025-06-08T21:44:57","slug":"conditions-generales","status":"publish","type":"page","link":"https:\/\/mosel-kajak.de\/fr\/conditions-generales\/","title":{"rendered":"conditions g\u00e9n\u00e9rales"},"content":{"rendered":"\n<h2 class=\"wp-block-heading\"><strong>Conditions g\u00e9n\u00e9rales d&rsquo;utilisation<\/strong> <\/h2>\n\n<p><strong>1.<\/strong> Le bailleur met \u00e0 la disposition du locataire un bien locatif techniquement parfait pour son usage personnel.  <\/p>\n\n<p><strong>2.<\/strong> \u00c0 la fin du contrat, le bien lou\u00e9 doit \u00eatre rendu dans le m\u00eame \u00e9tat que celui dans lequel il a \u00e9t\u00e9 accept\u00e9, en tenant compte de l&rsquo;usure normale. Les dommages caus\u00e9s sans faute de la part du propri\u00e9taire ou l&rsquo;usure normale doivent \u00eatre signal\u00e9s au propri\u00e9taire.  <\/p>\n\n<p><strong>3.<\/strong> Si le locataire a caus\u00e9 de mani\u00e8re fautive des dommages au bien lou\u00e9, il est tenu de verser une indemnit\u00e9 au bailleur. Les frais d&rsquo;un atelier de r\u00e9paration local ou directement du fabricant seront factur\u00e9s \u00e0 titre de d\u00e9dommagement.  <\/p>\n\n<p><strong>4.<\/strong> Le locataire est responsable de la perte de l&rsquo;objet lou\u00e9, ind\u00e9pendamment de toute faute, y compris les dommages r\u00e9sultant d&rsquo;un accident.  <\/p>\n\n<p><strong>5.<\/strong> Sauf en cas d&rsquo;intention ou de n\u00e9gligence grave, le bailleur n&rsquo;est pas responsable des dommages subis par le locataire ou des tiers du fait du bien lou\u00e9 ou de son utilisation.  <\/p>\n\n<p><strong>6.<\/strong> Le locataire s&rsquo;engage \u00e0 traiter le bien lou\u00e9 avec soin et \u00e0 le rendre ponctuellement et en bon \u00e9tat \u00e0 la date convenue.  <\/p>\n\n<p><strong>7.<\/strong> Le bailleur rappelle que le bien lou\u00e9 doit \u00eatre surveill\u00e9 en permanence et, le cas \u00e9ch\u00e9ant, gard\u00e9 ou s\u00e9curis\u00e9 contre le vol.  <\/p>\n\n<p><strong>8.<\/strong> En cas de perte ou de dommages irr\u00e9parables de l&rsquo;objet lou\u00e9, la valeur marchande actuelle de l&rsquo;objet lou\u00e9 doit \u00eatre rembours\u00e9e au bailleur.  <\/p>\n\n<p><strong>9.<\/strong> Le changement de date ou l&rsquo;annulation de la location par le locataire est gratuit si le locataire annonce le changement de date ou l&rsquo;annulation par t\u00e9l\u00e9phone jusqu&rsquo;\u00e0 1 heure avant le rendez-vous le jour du rendez-vous. En cas d&rsquo;annulation tardive, des frais de 30,00 EUR seront factur\u00e9s.  <\/p>\n\n<p><strong>10.<\/strong> Le locataire confirme que les utilisateurs du bien lou\u00e9 sont des nageurs. Les gilets de sauvetage sont obligatoires pour tous les utilisateurs de nos bateaux. Il est souhaitable de poss\u00e9der son propre gilet, sinon il est possible de le louer. Le propri\u00e9taire exclut toute responsabilit\u00e9 en cas de dommages corporels. Les utilisateurs sont sensibilis\u00e9s \u00e0 la n\u00e9cessit\u00e9 de porter des gilets de sauvetage en raison du risque d&rsquo;accident. Les gilets de sauvetage sont obligatoires.<\/p>\n\n<p>Les gilets de sauvetage sont fournis gratuitement par le loueur.  <\/p>\n\n<p>Les aides \u00e0 la natation gonflables ne sont pas autoris\u00e9es. L&rsquo;utilisation du bien lou\u00e9 n&rsquo;est autoris\u00e9e que dans le respect des directives locales, le non-respect \u00e9tant express\u00e9ment interdit.  <\/p>\n\n<p><strong>11.<\/strong> L&rsquo;utilisateur est responsable de la mani\u00e8re dont il stocke ses propres biens \u00e0 bord des bateaux et nous ne pouvons pas garantir que les biens ne seront pas endommag\u00e9s en raison d&rsquo;une mauvaise utilisation.<\/p>\n\n<p><strong>12.<\/strong> click my business (www.Mosel-Kajak.de) (Moselstr. 51A, 54439 Palzem, Allemagne) n&rsquo;est pas responsable des dommages corporels, mat\u00e9riels ou de transport car il s&rsquo;agit uniquement d&rsquo;un service de location.  <\/p>\n\n<p>Aucune responsabilit\u00e9 n&rsquo;est assum\u00e9e en cas de perte ou de d\u00e9t\u00e9rioration d&rsquo;objets de valeur, de cartes d&rsquo;identit\u00e9, de t\u00e9l\u00e9phones portables, d&rsquo;appareils photo, etc. Le bailleur n&rsquo;est pas responsable, ni contractuellement ni extracontractuellement, des dommages subis par l&rsquo;utilisateur ou des tiers dans le cadre de la location des objets lou\u00e9s. L&rsquo;utilisateur est responsable et exon\u00e8re le loueur en cas de r\u00e9clamations de tiers \u00e0 la suite d&rsquo;accidents.  <\/p>\n\n<p>L&rsquo;utilisateur exon\u00e8re le loueur de toute r\u00e9clamation d\u00e9coulant de la violation de lois, d&rsquo;ordonnances ou d&rsquo;autres r\u00e8glements en rapport avec l&rsquo;utilisation des articles lou\u00e9s par lui-m\u00eame ou par une tierce personne.  <\/p>\n\n<p><strong>13.<\/strong> Si des circonstances impr\u00e9vues emp\u00eachent de restituer le mat\u00e9riel lou\u00e9 en temps voulu ou n\u00e9cessitent une r\u00e9siliation anticip\u00e9e, le client est tenu d&rsquo;en informer imm\u00e9diatement le loueur afin qu&rsquo;une solution simple et \u00e9conomique puisse \u00eatre convenue. Si, afin de sauvegarder ses int\u00e9r\u00eats et\/ou d&rsquo;\u00e9viter d&rsquo;\u00e9ventuels dommages\/pertes de mat\u00e9riel, le pr\u00eateur se voit contraint de reprendre tout ou partie du mat\u00e9riel lou\u00e9 &#8211; contrairement aux accords &#8211; le locataire d\u00e9sign\u00e9 dans le contrat de location en supportera les frais. Pour la r\u00e9cup\u00e9ration, etc. de l&rsquo;objet, 50,00 \u20ac* par heure et 1,50 \u20ac* par kilom\u00e8tre pour le v\u00e9hicule, plus les frais de transport habituels, seront factur\u00e9s (* plus la TVA l\u00e9gale). Tout dommage mat\u00e9riel caus\u00e9 par le comportement du locataire ou de l&rsquo;un de ses participants doit \u00eatre support\u00e9 par le locataire\/client.  <\/p>\n","protected":false},"excerpt":{"rendered":"<p>Conditions g\u00e9n\u00e9rales d&rsquo;utilisation 1. Le bailleur met \u00e0 la disposition du locataire un bien locatif techniquement parfait pour son usage personnel. 2. \u00c0 la fin du contrat, le bien lou\u00e9 doit \u00eatre rendu dans le m\u00eame \u00e9tat que celui dans lequel il a \u00e9t\u00e9 accept\u00e9, en tenant compte de l&rsquo;usure normale. Les dommages caus\u00e9s sans [&hellip;]<\/p>\n","protected":false},"author":1,"featured_media":0,"parent":0,"menu_order":0,"comment_status":"closed","ping_status":"closed","template":"","meta":{"site-sidebar-layout":"default","site-content-layout":"","ast-site-content-layout":"default","site-content-style":"default","site-sidebar-style":"default","ast-global-header-display":"","ast-banner-title-visibility":"","ast-main-header-display":"","ast-hfb-above-header-display":"","ast-hfb-below-header-display":"","ast-hfb-mobile-header-display":"","site-post-title":"disabled","ast-breadcrumbs-content":"","ast-featured-img":"","footer-sml-layout":"","ast-disable-related-posts":"","theme-transparent-header-meta":"","adv-header-id-meta":"","stick-header-meta":"","header-above-stick-meta":"","header-main-stick-meta":"","header-below-stick-meta":"","astra-migrate-meta-layouts":"default","ast-page-background-enabled":"default","ast-page-background-meta":{"desktop":{"background-color":"var(--ast-global-color-4)","background-image":"","background-repeat":"repeat","background-position":"center center","background-size":"auto","background-attachment":"scroll","background-type":"","background-media":"","overlay-type":"","overlay-color":"","overlay-opacity":"","overlay-gradient":""},"tablet":{"background-color":"","background-image":"","background-repeat":"repeat","background-position":"center center","background-size":"auto","background-attachment":"scroll","background-type":"","background-media":"","overlay-type":"","overlay-color":"","overlay-opacity":"","overlay-gradient":""},"mobile":{"background-color":"","background-image":"","background-repeat":"repeat","background-position":"center center","background-size":"auto","background-attachment":"scroll","background-type":"","background-media":"","overlay-type":"","overlay-color":"","overlay-opacity":"","overlay-gradient":""}},"ast-content-background-meta":{"desktop":{"background-color":"var(--ast-global-color-5)","background-image":"","background-repeat":"repeat","background-position":"center center","background-size":"auto","background-attachment":"scroll","background-type":"","background-media":"","overlay-type":"","overlay-color":"","overlay-opacity":"","overlay-gradient":""},"tablet":{"background-color":"var(--ast-global-color-5)","background-image":"","background-repeat":"repeat","background-position":"center center","background-size":"auto","background-attachment":"scroll","background-type":"","background-media":"","overlay-type":"","overlay-color":"","overlay-opacity":"","overlay-gradient":""},"mobile":{"background-color":"var(--ast-global-color-5)","background-image":"","background-repeat":"repeat","background-position":"center center","background-size":"auto","background-attachment":"scroll","background-type":"","background-media":"","overlay-type":"","overlay-color":"","overlay-opacity":"","overlay-gradient":""}},"footnotes":""},"class_list":["post-1539","page","type-page","status-publish","hentry"],"featured_image_src":null,"jetpack_sharing_enabled":true,"_links":{"self":[{"href":"https:\/\/mosel-kajak.de\/fr\/wp-json\/wp\/v2\/pages\/1539","targetHints":{"allow":["GET"]}}],"collection":[{"href":"https:\/\/mosel-kajak.de\/fr\/wp-json\/wp\/v2\/pages"}],"about":[{"href":"https:\/\/mosel-kajak.de\/fr\/wp-json\/wp\/v2\/types\/page"}],"author":[{"embeddable":true,"href":"https:\/\/mosel-kajak.de\/fr\/wp-json\/wp\/v2\/users\/1"}],"replies":[{"embeddable":true,"href":"https:\/\/mosel-kajak.de\/fr\/wp-json\/wp\/v2\/comments?post=1539"}],"version-history":[{"count":4,"href":"https:\/\/mosel-kajak.de\/fr\/wp-json\/wp\/v2\/pages\/1539\/revisions"}],"predecessor-version":[{"id":23746,"href":"https:\/\/mosel-kajak.de\/fr\/wp-json\/wp\/v2\/pages\/1539\/revisions\/23746"}],"wp:attachment":[{"href":"https:\/\/mosel-kajak.de\/fr\/wp-json\/wp\/v2\/media?parent=1539"}],"curies":[{"name":"wp","href":"https:\/\/api.w.org\/{rel}","templated":true}]}}