{"id":1578,"date":"2023-05-31T09:13:14","date_gmt":"2023-05-31T07:13:14","guid":{"rendered":"https:\/\/mosel-kajak.de\/localisation-des-sites\/"},"modified":"2025-06-04T19:07:57","modified_gmt":"2025-06-04T17:07:57","slug":"localisation-des-sites","status":"publish","type":"page","link":"https:\/\/mosel-kajak.de\/fr\/localisation-des-sites\/","title":{"rendered":"Localisation"},"content":{"rendered":"\n<h1 class=\"wp-block-heading\">O\u00f9 nous trouver :<\/h1>\n\n<div style=\"height:42px\" aria-hidden=\"true\" class=\"wp-block-spacer\"><\/div>\n\n<h2 class=\"wp-block-heading\">O\u00f9 aller quand on commence \u00e0 Palzem : (Emplacement de la propri\u00e9t\u00e9)<\/h2>\n\n<iframe src=\"https:\/\/www.google.com\/maps\/embed?pb=!1m18!1m12!1m3!1d165689.7144557369!2d6.191608557451207!3d49.54300567757025!2m3!1f0!2f0!3f0!3m2!1i1024!2i768!4f13.1!3m3!1m2!1s0x47956bf425e6f681%3A0xdab4f4d8c35474ed!2sMosel%20Kajak!5e0!3m2!1sde!2sde!4v1685569288400!5m2!1sde!2sde\" width=\"600\" height=\"450\" style=\"border:0;\" allowfullscreen=\"\" loading=\"lazy\" referrerpolicy=\"no-referrer-when-downgrade\"><\/iframe>\n\n<p>Lorsque vous r\u00e9servez un kayak Starting \u00e0 Palzem, le lieu de prise en charge et de restitution par d\u00e9faut sera sous l&rsquo;adresse suivante : \u00ab Bahnhofstr. 1, 54439 Palzem \u00bb, Veuillez suivre les panneaux \u00ab Camping Platz Opa Schuler \u00bb que vous devriez voir dans le centre de Palzem en direction de la rivi\u00e8re Mosel et vous devriez nous trouver juste au bord de la rivi\u00e8re apr\u00e8s avoir pass\u00e9 le petit pont sur la gauche en descendant la colline.<\/p>\n\n<p>Parking \u00e0 proximit\u00e9 de la rivi\u00e8re.<\/p>\n\n<p><strong>CE SERVICE EST GRATUIT ET INCLUS DANS LA R\u00c9SERVATION.<\/strong><\/p>\n\n<h2 class=\"wp-block-heading\">O\u00f9 aller lorsque l&rsquo;on d\u00e9bute en Perl : (Drop off Location)<\/h2>\n\n<p>Si vous r\u00e9servez une excursion en kayak commen\u00e7ant \u00e0 Perl et se terminant \u00e0 Palzem, le lieu de rendez-vous est indiqu\u00e9 ici :<br\/><a href=\"https:\/\/mosel-kajak.de\/fr\/perl-palzem-trip\/\">Perl &#8211; Palzem Trip &#8211; Mosel Kajak<\/a><\/p>\n\n<p>Parking \u00e0 proximit\u00e9 de la rivi\u00e8re.<\/p>\n\n<p><mark style=\"background-color:rgba(0, 0, 0, 0);color:#ff0000\" class=\"has-inline-color\">*VEUILLEZ NOTER QUE LE POINT D&rsquo;ENTR\u00c9E DES KAYAKS DANS L&rsquo;EAU N&rsquo;EST EN AUCUN CAS D\u00c9FINI ET QUE LE LOCATAIRE DOIT D\u00c9CIDER DE L&rsquo;ENDROIT O\u00d9 IL ENTRE DANS LA RIVI\u00c8RE, \u00c0 SES RISQUES ET P\u00c9RILS.<\/mark><\/p>\n\n<p><\/p>\n","protected":false},"excerpt":{"rendered":"<p>O\u00f9 nous trouver : O\u00f9 aller quand on commence \u00e0 Palzem : (Emplacement de la propri\u00e9t\u00e9) Lorsque vous r\u00e9servez un kayak Starting \u00e0 Palzem, le lieu de prise en charge et de restitution par d\u00e9faut sera sous l&rsquo;adresse suivante : \u00ab Bahnhofstr. 1, 54439 Palzem \u00bb, Veuillez suivre les panneaux \u00ab Camping Platz Opa Schuler [&hellip;]<\/p>\n","protected":false},"author":1,"featured_media":0,"parent":0,"menu_order":0,"comment_status":"closed","ping_status":"closed","template":"","meta":{"site-sidebar-layout":"default","site-content-layout":"","ast-site-content-layout":"default","site-content-style":"default","site-sidebar-style":"default","ast-global-header-display":"","ast-banner-title-visibility":"","ast-main-header-display":"","ast-hfb-above-header-display":"","ast-hfb-below-header-display":"","ast-hfb-mobile-header-display":"","site-post-title":"disabled","ast-breadcrumbs-content":"","ast-featured-img":"","footer-sml-layout":"","ast-disable-related-posts":"","theme-transparent-header-meta":"","adv-header-id-meta":"","stick-header-meta":"","header-above-stick-meta":"","header-main-stick-meta":"","header-below-stick-meta":"","astra-migrate-meta-layouts":"default","ast-page-background-enabled":"default","ast-page-background-meta":{"desktop":{"background-color":"var(--ast-global-color-4)","background-image":"","background-repeat":"repeat","background-position":"center center","background-size":"auto","background-attachment":"scroll","background-type":"","background-media":"","overlay-type":"","overlay-color":"","overlay-opacity":"","overlay-gradient":""},"tablet":{"background-color":"","background-image":"","background-repeat":"repeat","background-position":"center center","background-size":"auto","background-attachment":"scroll","background-type":"","background-media":"","overlay-type":"","overlay-color":"","overlay-opacity":"","overlay-gradient":""},"mobile":{"background-color":"","background-image":"","background-repeat":"repeat","background-position":"center center","background-size":"auto","background-attachment":"scroll","background-type":"","background-media":"","overlay-type":"","overlay-color":"","overlay-opacity":"","overlay-gradient":""}},"ast-content-background-meta":{"desktop":{"background-color":"var(--ast-global-color-5)","background-image":"","background-repeat":"repeat","background-position":"center center","background-size":"auto","background-attachment":"scroll","background-type":"","background-media":"","overlay-type":"","overlay-color":"","overlay-opacity":"","overlay-gradient":""},"tablet":{"background-color":"var(--ast-global-color-5)","background-image":"","background-repeat":"repeat","background-position":"center center","background-size":"auto","background-attachment":"scroll","background-type":"","background-media":"","overlay-type":"","overlay-color":"","overlay-opacity":"","overlay-gradient":""},"mobile":{"background-color":"var(--ast-global-color-5)","background-image":"","background-repeat":"repeat","background-position":"center center","background-size":"auto","background-attachment":"scroll","background-type":"","background-media":"","overlay-type":"","overlay-color":"","overlay-opacity":"","overlay-gradient":""}},"footnotes":""},"class_list":["post-1578","page","type-page","status-publish","hentry"],"featured_image_src":null,"jetpack_sharing_enabled":true,"_links":{"self":[{"href":"https:\/\/mosel-kajak.de\/fr\/wp-json\/wp\/v2\/pages\/1578","targetHints":{"allow":["GET"]}}],"collection":[{"href":"https:\/\/mosel-kajak.de\/fr\/wp-json\/wp\/v2\/pages"}],"about":[{"href":"https:\/\/mosel-kajak.de\/fr\/wp-json\/wp\/v2\/types\/page"}],"author":[{"embeddable":true,"href":"https:\/\/mosel-kajak.de\/fr\/wp-json\/wp\/v2\/users\/1"}],"replies":[{"embeddable":true,"href":"https:\/\/mosel-kajak.de\/fr\/wp-json\/wp\/v2\/comments?post=1578"}],"version-history":[{"count":7,"href":"https:\/\/mosel-kajak.de\/fr\/wp-json\/wp\/v2\/pages\/1578\/revisions"}],"predecessor-version":[{"id":23730,"href":"https:\/\/mosel-kajak.de\/fr\/wp-json\/wp\/v2\/pages\/1578\/revisions\/23730"}],"wp:attachment":[{"href":"https:\/\/mosel-kajak.de\/fr\/wp-json\/wp\/v2\/media?parent=1578"}],"curies":[{"name":"wp","href":"https:\/\/api.w.org\/{rel}","templated":true}]}}