{"id":20835,"date":"2025-04-25T16:47:07","date_gmt":"2025-04-25T14:47:07","guid":{"rendered":"https:\/\/mosel-kajak.de\/perl-palzem-trip\/"},"modified":"2025-06-04T19:01:14","modified_gmt":"2025-06-04T17:01:14","slug":"perl-palzem-trip","status":"publish","type":"page","link":"https:\/\/mosel-kajak.de\/fr\/perl-palzem-trip\/","title":{"rendered":"Perl &#8211; Palzem Trip"},"content":{"rendered":"\n<h1 class=\"wp-block-heading has-text-align-left\">Perl &#8211; Palzem en kayak (10 km sans guide)<\/h1>\n\n<figure class=\"wp-block-image size-large\"><img data-recalc-dims=\"1\" loading=\"lazy\" decoding=\"async\" width=\"1024\" height=\"433\" src=\"https:\/\/i0.wp.com\/mosel-kajak.de\/wp-content\/uploads\/2025\/04\/Tour-Map-Perl-Palzem-.png?resize=1024%2C433&#038;ssl=1\" alt=\"\" class=\"wp-image-20536\" srcset=\"https:\/\/i0.wp.com\/mosel-kajak.de\/wp-content\/uploads\/2025\/04\/Tour-Map-Perl-Palzem-.png?resize=1024%2C433&amp;ssl=1 1024w, https:\/\/i0.wp.com\/mosel-kajak.de\/wp-content\/uploads\/2025\/04\/Tour-Map-Perl-Palzem-.png?resize=300%2C127&amp;ssl=1 300w, https:\/\/i0.wp.com\/mosel-kajak.de\/wp-content\/uploads\/2025\/04\/Tour-Map-Perl-Palzem-.png?resize=768%2C324&amp;ssl=1 768w, https:\/\/i0.wp.com\/mosel-kajak.de\/wp-content\/uploads\/2025\/04\/Tour-Map-Perl-Palzem-.png?resize=600%2C254&amp;ssl=1 600w, https:\/\/i0.wp.com\/mosel-kajak.de\/wp-content\/uploads\/2025\/04\/Tour-Map-Perl-Palzem-.png?w=1342&amp;ssl=1 1342w\" sizes=\"auto, (max-width: 1000px) 100vw, 1000px\" \/><\/figure>\n\n<h2 class=\"wp-block-heading\">Description :<\/h2>\n\n<p>Profitez d&rsquo;une excursion relaxante de 10 km en kayak le long de la Moselle avec un maximum de 10 personnes, au d\u00e9part de Perl, en Allemagne.<\/p>\n\n<p>Les participants doivent se rendre en voiture \u00e0 la <a href=\"https:\/\/maps.app.goo.gl\/MDroyfLVWbfHQUWu5\" data-type=\"link\" data-id=\"https:\/\/maps.app.goo.gl\/MDroyfLVWbfHQUWu5\">gare de<\/a> Perl (pour utilisation du GPS : Maim\u00fchle 1, 66706 Perl) et suivre la route qui passe devant la gare et m\u00e8ne \u00e0 un tunnel, vous amenant pr\u00e8s du lit de la rivi\u00e8re, o\u00f9 un parking gratuit est disponible et o\u00f9 un membre de l&rsquo;\u00e9quipe vous attendra.<br\/>Des d\u00e9tails pr\u00e9cis seront fournis lors de la r\u00e9servation.<\/p>\n\n<div class=\"wp-block-jetpack-slideshow aligncenter\" data-effect=\"slide\"><div class=\"wp-block-jetpack-slideshow_container swiper-container\"><ul class=\"wp-block-jetpack-slideshow_swiper-wrapper swiper-wrapper\"><li class=\"wp-block-jetpack-slideshow_slide swiper-slide\"><figure><img data-recalc-dims=\"1\" loading=\"lazy\" decoding=\"async\" width=\"2048\" height=\"1536\" alt=\"\" class=\"wp-block-jetpack-slideshow_image wp-image-23679\" data-id=\"23679\" src=\"https:\/\/i0.wp.com\/mosel-kajak.de\/wp-content\/uploads\/2025\/06\/IMG_5074.jpeg?resize=2048%2C1536&#038;ssl=1\" srcset=\"https:\/\/i0.wp.com\/mosel-kajak.de\/wp-content\/uploads\/2025\/06\/IMG_5074.jpeg?w=2048&amp;ssl=1 2048w, https:\/\/i0.wp.com\/mosel-kajak.de\/wp-content\/uploads\/2025\/06\/IMG_5074.jpeg?resize=300%2C225&amp;ssl=1 300w, https:\/\/i0.wp.com\/mosel-kajak.de\/wp-content\/uploads\/2025\/06\/IMG_5074.jpeg?resize=1024%2C768&amp;ssl=1 1024w, https:\/\/i0.wp.com\/mosel-kajak.de\/wp-content\/uploads\/2025\/06\/IMG_5074.jpeg?resize=768%2C576&amp;ssl=1 768w, https:\/\/i0.wp.com\/mosel-kajak.de\/wp-content\/uploads\/2025\/06\/IMG_5074.jpeg?resize=1536%2C1152&amp;ssl=1 1536w, https:\/\/i0.wp.com\/mosel-kajak.de\/wp-content\/uploads\/2025\/06\/IMG_5074.jpeg?resize=600%2C450&amp;ssl=1 600w\" sizes=\"(max-width: 1000px) 100vw, 1000px\" \/><\/figure><\/li><li class=\"wp-block-jetpack-slideshow_slide swiper-slide\"><figure><img data-recalc-dims=\"1\" loading=\"lazy\" decoding=\"async\" width=\"2048\" height=\"1536\" alt=\"\" class=\"wp-block-jetpack-slideshow_image wp-image-23684\" data-id=\"23684\" src=\"https:\/\/i0.wp.com\/mosel-kajak.de\/wp-content\/uploads\/2025\/06\/IMG_5075.jpeg?resize=2048%2C1536&#038;ssl=1\" srcset=\"https:\/\/i0.wp.com\/mosel-kajak.de\/wp-content\/uploads\/2025\/06\/IMG_5075.jpeg?w=2048&amp;ssl=1 2048w, https:\/\/i0.wp.com\/mosel-kajak.de\/wp-content\/uploads\/2025\/06\/IMG_5075.jpeg?resize=300%2C225&amp;ssl=1 300w, https:\/\/i0.wp.com\/mosel-kajak.de\/wp-content\/uploads\/2025\/06\/IMG_5075.jpeg?resize=1024%2C768&amp;ssl=1 1024w, https:\/\/i0.wp.com\/mosel-kajak.de\/wp-content\/uploads\/2025\/06\/IMG_5075.jpeg?resize=768%2C576&amp;ssl=1 768w, https:\/\/i0.wp.com\/mosel-kajak.de\/wp-content\/uploads\/2025\/06\/IMG_5075.jpeg?resize=1536%2C1152&amp;ssl=1 1536w, https:\/\/i0.wp.com\/mosel-kajak.de\/wp-content\/uploads\/2025\/06\/IMG_5075.jpeg?resize=600%2C450&amp;ssl=1 600w\" sizes=\"(max-width: 1000px) 100vw, 1000px\" \/><\/figure><\/li><li class=\"wp-block-jetpack-slideshow_slide swiper-slide\"><figure><img data-recalc-dims=\"1\" loading=\"lazy\" decoding=\"async\" width=\"2048\" height=\"1536\" alt=\"\" class=\"wp-block-jetpack-slideshow_image wp-image-23689\" data-id=\"23689\" src=\"https:\/\/i0.wp.com\/mosel-kajak.de\/wp-content\/uploads\/2025\/06\/IMG_5077.jpeg?resize=2048%2C1536&#038;ssl=1\" srcset=\"https:\/\/i0.wp.com\/mosel-kajak.de\/wp-content\/uploads\/2025\/06\/IMG_5077.jpeg?w=2048&amp;ssl=1 2048w, https:\/\/i0.wp.com\/mosel-kajak.de\/wp-content\/uploads\/2025\/06\/IMG_5077.jpeg?resize=300%2C225&amp;ssl=1 300w, https:\/\/i0.wp.com\/mosel-kajak.de\/wp-content\/uploads\/2025\/06\/IMG_5077.jpeg?resize=1024%2C768&amp;ssl=1 1024w, https:\/\/i0.wp.com\/mosel-kajak.de\/wp-content\/uploads\/2025\/06\/IMG_5077.jpeg?resize=768%2C576&amp;ssl=1 768w, https:\/\/i0.wp.com\/mosel-kajak.de\/wp-content\/uploads\/2025\/06\/IMG_5077.jpeg?resize=1536%2C1152&amp;ssl=1 1536w, https:\/\/i0.wp.com\/mosel-kajak.de\/wp-content\/uploads\/2025\/06\/IMG_5077.jpeg?resize=600%2C450&amp;ssl=1 600w\" sizes=\"(max-width: 1000px) 100vw, 1000px\" \/><\/figure><\/li><li class=\"wp-block-jetpack-slideshow_slide swiper-slide\"><figure><img data-recalc-dims=\"1\" loading=\"lazy\" decoding=\"async\" width=\"2048\" height=\"1536\" alt=\"\" class=\"wp-block-jetpack-slideshow_image wp-image-23694\" data-id=\"23694\" src=\"https:\/\/i0.wp.com\/mosel-kajak.de\/wp-content\/uploads\/2025\/06\/IMG_5078.jpeg?resize=2048%2C1536&#038;ssl=1\" srcset=\"https:\/\/i0.wp.com\/mosel-kajak.de\/wp-content\/uploads\/2025\/06\/IMG_5078.jpeg?w=2048&amp;ssl=1 2048w, https:\/\/i0.wp.com\/mosel-kajak.de\/wp-content\/uploads\/2025\/06\/IMG_5078.jpeg?resize=300%2C225&amp;ssl=1 300w, https:\/\/i0.wp.com\/mosel-kajak.de\/wp-content\/uploads\/2025\/06\/IMG_5078.jpeg?resize=1024%2C768&amp;ssl=1 1024w, https:\/\/i0.wp.com\/mosel-kajak.de\/wp-content\/uploads\/2025\/06\/IMG_5078.jpeg?resize=768%2C576&amp;ssl=1 768w, https:\/\/i0.wp.com\/mosel-kajak.de\/wp-content\/uploads\/2025\/06\/IMG_5078.jpeg?resize=1536%2C1152&amp;ssl=1 1536w, https:\/\/i0.wp.com\/mosel-kajak.de\/wp-content\/uploads\/2025\/06\/IMG_5078.jpeg?resize=600%2C450&amp;ssl=1 600w\" sizes=\"(max-width: 1000px) 100vw, 1000px\" \/><\/figure><\/li><li class=\"wp-block-jetpack-slideshow_slide swiper-slide\"><figure><img data-recalc-dims=\"1\" loading=\"lazy\" decoding=\"async\" width=\"2048\" height=\"1536\" alt=\"\" class=\"wp-block-jetpack-slideshow_image wp-image-23699\" data-id=\"23699\" src=\"https:\/\/i0.wp.com\/mosel-kajak.de\/wp-content\/uploads\/2025\/06\/IMG_5081.jpeg?resize=2048%2C1536&#038;ssl=1\" srcset=\"https:\/\/i0.wp.com\/mosel-kajak.de\/wp-content\/uploads\/2025\/06\/IMG_5081.jpeg?w=2048&amp;ssl=1 2048w, https:\/\/i0.wp.com\/mosel-kajak.de\/wp-content\/uploads\/2025\/06\/IMG_5081.jpeg?resize=300%2C225&amp;ssl=1 300w, https:\/\/i0.wp.com\/mosel-kajak.de\/wp-content\/uploads\/2025\/06\/IMG_5081.jpeg?resize=1024%2C768&amp;ssl=1 1024w, https:\/\/i0.wp.com\/mosel-kajak.de\/wp-content\/uploads\/2025\/06\/IMG_5081.jpeg?resize=768%2C576&amp;ssl=1 768w, https:\/\/i0.wp.com\/mosel-kajak.de\/wp-content\/uploads\/2025\/06\/IMG_5081.jpeg?resize=1536%2C1152&amp;ssl=1 1536w, https:\/\/i0.wp.com\/mosel-kajak.de\/wp-content\/uploads\/2025\/06\/IMG_5081.jpeg?resize=600%2C450&amp;ssl=1 600w\" sizes=\"(max-width: 1000px) 100vw, 1000px\" \/><\/figure><\/li><\/ul><a class=\"wp-block-jetpack-slideshow_button-prev swiper-button-prev swiper-button-white\" role=\"button\"><\/a><a class=\"wp-block-jetpack-slideshow_button-next swiper-button-next swiper-button-white\" role=\"button\"><\/a><a aria-label=\"Pause Slideshow\" class=\"wp-block-jetpack-slideshow_button-pause\" role=\"button\"><\/a><div class=\"wp-block-jetpack-slideshow_pagination swiper-pagination swiper-pagination-white\"><\/div><\/div><\/div>\n\n<p>Le transport de Palzem \u00e0 Perl se fait commod\u00e9ment par train. <strong><mark style=\"background-color:rgba(0, 0, 0, 0);color:#cf2e2e\" class=\"has-inline-color\">PAS<\/mark><\/strong> Les billets de train ne sont pas inclus et doivent \u00eatre r\u00e9serv\u00e9s ind\u00e9pendamment, veuillez vous informer sur le <a href=\"https:\/\/www.bahn.de\/\" data-type=\"link\" data-id=\"https:\/\/www.bahn.de\/\">site officiel de la Deutsche Bahn<\/a>.<\/p>\n\n<p>Au cours de l&rsquo;excursion, vous passerez par divers points d&rsquo;int\u00e9r\u00eat, notamment des r\u00e9servoirs semblables \u00e0 des lacs avec des animaux sauvages et plusieurs villes charmantes telles que Besch, Schwebsange (avec sa marina), Bech Kleinmacher, Nennig et Remich.<\/p>\n\n<p>L&rsquo;excursion en kayak de Perl \u00e0 Palzem dure g\u00e9n\u00e9ralement 2 heures et 30 minutes, selon le niveau de sportivit\u00e9 du pagayeur. <br\/>Le co\u00fbt de l&rsquo;excursion est de 55 \u20ac par personne et comprend des instructions et des conseils d\u00e9taill\u00e9s pour garantir une exp\u00e9rience agr\u00e9able.<br\/><br\/>La livraison des kayaks au point de d\u00e9part est incluse, vous pouvez r\u00e9server un cadenas en fil d&rsquo;acier pour attacher solidement les kayaks \u00e0 la sortie de l&rsquo;eau. <br\/><br\/>Cela vous permet d&rsquo;avoir l&rsquo;esprit tranquille pendant les pauses ou les arr\u00eats en cours de route.<\/p>\n\n<figure class=\"wp-block-image size-large\"><img data-recalc-dims=\"1\" loading=\"lazy\" decoding=\"async\" width=\"1024\" height=\"768\" src=\"https:\/\/i0.wp.com\/mosel-kajak.de\/wp-content\/uploads\/2025\/04\/IMG_7500.jpeg?resize=1024%2C768&#038;ssl=1\" alt=\"Quai d'embarcation Palzem  \" class=\"wp-image-20561\" srcset=\"https:\/\/i0.wp.com\/mosel-kajak.de\/wp-content\/uploads\/2025\/04\/IMG_7500.jpeg?resize=1024%2C768&amp;ssl=1 1024w, https:\/\/i0.wp.com\/mosel-kajak.de\/wp-content\/uploads\/2025\/04\/IMG_7500.jpeg?resize=300%2C225&amp;ssl=1 300w, https:\/\/i0.wp.com\/mosel-kajak.de\/wp-content\/uploads\/2025\/04\/IMG_7500.jpeg?resize=768%2C576&amp;ssl=1 768w, https:\/\/i0.wp.com\/mosel-kajak.de\/wp-content\/uploads\/2025\/04\/IMG_7500.jpeg?resize=1536%2C1152&amp;ssl=1 1536w, https:\/\/i0.wp.com\/mosel-kajak.de\/wp-content\/uploads\/2025\/04\/IMG_7500.jpeg?resize=600%2C450&amp;ssl=1 600w, https:\/\/i0.wp.com\/mosel-kajak.de\/wp-content\/uploads\/2025\/04\/IMG_7500.jpeg?w=2048&amp;ssl=1 2048w\" sizes=\"auto, (max-width: 1000px) 100vw, 1000px\" \/><\/figure>\n\n<p>La visite se termine \u00e0 la Pizzeria L&rsquo;italiano \u00e0 Palzem, juste \u00e0 c\u00f4t\u00e9 du lit de la rivi\u00e8re, avec une plate-forme en pierre servant de quai.  <br\/>A votre arriv\u00e9e, vous pouvez nous appeler pour organiser la prise en charge du bateau.  <br\/><br\/>En attendant, prenez un verre ou un bon repas \u00e0 la pizzeria l&rsquo;Italiano tout en admirant la vue paisible sur la Moselle.<br\/>La r\u00e9gion est connue pour ses nombreux viticulteurs, comme les Sauerweins, qui offrent la possibilit\u00e9 de d\u00e9couvrir les vins locaux.  <br\/><br\/>En outre, Palzem compte plusieurs restaurants, parfaits pour savourer un repas apr\u00e8s une excursion en kayak.  <br\/>Pour ceux qui souhaitent prolonger leur s\u00e9jour, la ville propose des h\u00f4tels et d&rsquo;autres possibilit\u00e9s d&rsquo;h\u00e9bergement.<\/p>\n\n<p>Cette excursion convient \u00e0 tous les niveaux de comp\u00e9tence et permet de d\u00e9couvrir le calme et les paysages de la Moselle en tout confort.<\/p>\n\n<div class=\"wp-block-buttons is-content-justification-left is-layout-flex wp-container-core-buttons-is-layout-fc4fd283 wp-block-buttons-is-layout-flex\">\n<div class=\"wp-block-button\"><a class=\"wp-block-button__link has-text-align-center wp-element-button\" href=\"https:\/\/mosel-kajak.de\/fr\/contact\/\">Visite guid\u00e9e du livre<\/a><\/div>\n<\/div>\n\n<p><\/p>\n","protected":false},"excerpt":{"rendered":"<p>Perl &#8211; Palzem en kayak (10 km sans guide) Description : Profitez d&rsquo;une excursion relaxante de 10 km en kayak le long de la Moselle avec un maximum de 10 personnes, au d\u00e9part de Perl, en Allemagne. Les participants doivent se rendre en voiture \u00e0 la gare de Perl (pour utilisation du GPS : Maim\u00fchle [&hellip;]<\/p>\n","protected":false},"author":3,"featured_media":0,"parent":0,"menu_order":0,"comment_status":"closed","ping_status":"closed","template":"","meta":{"site-sidebar-layout":"default","site-content-layout":"","ast-site-content-layout":"default","site-content-style":"default","site-sidebar-style":"default","ast-global-header-display":"","ast-banner-title-visibility":"","ast-main-header-display":"","ast-hfb-above-header-display":"","ast-hfb-below-header-display":"","ast-hfb-mobile-header-display":"","site-post-title":"disabled","ast-breadcrumbs-content":"","ast-featured-img":"","footer-sml-layout":"","ast-disable-related-posts":"","theme-transparent-header-meta":"","adv-header-id-meta":"","stick-header-meta":"","header-above-stick-meta":"","header-main-stick-meta":"","header-below-stick-meta":"","astra-migrate-meta-layouts":"default","ast-page-background-enabled":"default","ast-page-background-meta":{"desktop":{"background-color":"var(--ast-global-color-4)","background-image":"","background-repeat":"repeat","background-position":"center center","background-size":"auto","background-attachment":"scroll","background-type":"","background-media":"","overlay-type":"","overlay-color":"","overlay-opacity":"","overlay-gradient":""},"tablet":{"background-color":"","background-image":"","background-repeat":"repeat","background-position":"center center","background-size":"auto","background-attachment":"scroll","background-type":"","background-media":"","overlay-type":"","overlay-color":"","overlay-opacity":"","overlay-gradient":""},"mobile":{"background-color":"","background-image":"","background-repeat":"repeat","background-position":"center center","background-size":"auto","background-attachment":"scroll","background-type":"","background-media":"","overlay-type":"","overlay-color":"","overlay-opacity":"","overlay-gradient":""}},"ast-content-background-meta":{"desktop":{"background-color":"var(--ast-global-color-5)","background-image":"","background-repeat":"repeat","background-position":"center center","background-size":"auto","background-attachment":"scroll","background-type":"","background-media":"","overlay-type":"","overlay-color":"","overlay-opacity":"","overlay-gradient":""},"tablet":{"background-color":"var(--ast-global-color-5)","background-image":"","background-repeat":"repeat","background-position":"center center","background-size":"auto","background-attachment":"scroll","background-type":"","background-media":"","overlay-type":"","overlay-color":"","overlay-opacity":"","overlay-gradient":""},"mobile":{"background-color":"var(--ast-global-color-5)","background-image":"","background-repeat":"repeat","background-position":"center center","background-size":"auto","background-attachment":"scroll","background-type":"","background-media":"","overlay-type":"","overlay-color":"","overlay-opacity":"","overlay-gradient":""}},"footnotes":""},"class_list":["post-20835","page","type-page","status-publish","hentry"],"featured_image_src":null,"jetpack_sharing_enabled":true,"_links":{"self":[{"href":"https:\/\/mosel-kajak.de\/fr\/wp-json\/wp\/v2\/pages\/20835","targetHints":{"allow":["GET"]}}],"collection":[{"href":"https:\/\/mosel-kajak.de\/fr\/wp-json\/wp\/v2\/pages"}],"about":[{"href":"https:\/\/mosel-kajak.de\/fr\/wp-json\/wp\/v2\/types\/page"}],"author":[{"embeddable":true,"href":"https:\/\/mosel-kajak.de\/fr\/wp-json\/wp\/v2\/users\/3"}],"replies":[{"embeddable":true,"href":"https:\/\/mosel-kajak.de\/fr\/wp-json\/wp\/v2\/comments?post=20835"}],"version-history":[{"count":7,"href":"https:\/\/mosel-kajak.de\/fr\/wp-json\/wp\/v2\/pages\/20835\/revisions"}],"predecessor-version":[{"id":23716,"href":"https:\/\/mosel-kajak.de\/fr\/wp-json\/wp\/v2\/pages\/20835\/revisions\/23716"}],"wp:attachment":[{"href":"https:\/\/mosel-kajak.de\/fr\/wp-json\/wp\/v2\/media?parent=20835"}],"curies":[{"name":"wp","href":"https:\/\/api.w.org\/{rel}","templated":true}]}}