{"id":3147,"date":"2023-05-31T09:09:52","date_gmt":"2023-05-31T07:09:52","guid":{"rendered":"https:\/\/mosel-kajak.de\/?page_id=3147"},"modified":"2023-08-05T20:45:38","modified_gmt":"2023-08-05T18:45:38","slug":"reserver-un-kajak","status":"publish","type":"page","link":"https:\/\/mosel-kajak.de\/fr\/reserver-un-kajak\/","title":{"rendered":"R\u00e9server un kajak"},"content":{"rendered":"\n<div style=\"height:83px\" aria-hidden=\"true\" class=\"wp-block-spacer\"><\/div>\n\n<div class=\"wp-block-columns is-layout-flex wp-container-core-columns-is-layout-d7d455e7 wp-block-columns-is-layout-flex\" style=\"padding-top:0;padding-right:0;padding-bottom:0;padding-left:0\">\n<div class=\"wp-block-column is-layout-flow wp-block-column-is-layout-flow\">\n<h1 class=\"wp-block-heading has-text-align-center\">R\u00e9servez un kayak d\u00e8s aujourd&rsquo;hui !<\/h1>\n\n\n\n<div style=\"height:19px\" aria-hidden=\"true\" class=\"wp-block-spacer\"><\/div>\n<\/div>\n<\/div>\n\n<div class=\"wp-block-columns is-layout-flex wp-container-core-columns-is-layout-28f84493 wp-block-columns-is-layout-flex\">\n<div class=\"wp-block-column is-layout-flow wp-block-column-is-layout-flow\">\n<div class=\"wp-block-columns alignwide is-layout-flex wp-container-core-columns-is-layout-28f84493 wp-block-columns-is-layout-flex\">\n<div class=\"wp-block-column is-layout-flow wp-block-column-is-layout-flow\" style=\"flex-basis:25%\">\n<div class=\"wp-block-cover is-light has-custom-content-position is-position-top-left has-background-color has-text-color wp-duotone-unset-2\" style=\"padding-top:0.8em;min-height:130px;aspect-ratio:unset;\"><span aria-hidden=\"true\" class=\"wp-block-cover__background has-background-dim-100 has-background-dim\" style=\"background-color:#fcd700\"><\/span><div class=\"wp-block-cover__inner-container is-layout-flow wp-container-core-cover-is-layout-f76720b3 wp-block-cover-is-layout-flow\">\n<p class=\"has-base-color has-text-color has-large-font-size\" style=\"margin-top:4px;margin-right:0px;margin-bottom:0px;margin-left:0px;line-height:1\"><strong><sup><span style=\"text-decoration: underline\">Demi-journ\u00e9e  <\/span><\/sup><\/strong><\/p>\n\n\n\n<p class=\"has-base-color has-text-color has-large-font-size\" style=\"margin-top:4px;margin-right:0px;margin-bottom:0px;margin-left:0px;line-height:1\"><strong>45\u20ac  <\/strong><\/p>\n<\/div><\/div>\n\n\n\n<p class=\"has-text-align-left has-contrast-color has-text-color has-small-font-size\" style=\"margin-top:10px;margin-right:10px;margin-bottom:10px;margin-left:10px\">*35\u20ac pour le Speedo-Kayak<\/p>\n<\/div>\n\n\n\n<div class=\"wp-block-column is-layout-flow wp-block-column-is-layout-flow\" style=\"flex-basis:25%\">\n<div class=\"wp-block-cover has-custom-content-position is-position-top-left has-background-color has-text-color\" style=\"padding-top:0.8em;min-height:130px;aspect-ratio:unset;\"><span aria-hidden=\"true\" class=\"wp-block-cover__background has-background-dim-100 has-background-dim\" style=\"background-color:#00d126\"><\/span><div class=\"wp-block-cover__inner-container is-layout-flow wp-container-core-cover-is-layout-f76720b3 wp-block-cover-is-layout-flow\">\n<p class=\"has-base-color has-text-color has-large-font-size\" style=\"margin-top:4px;margin-right:0px;margin-bottom:0px;margin-left:0px;line-height:1\"><strong><sup><span style=\"text-decoration: underline\">Journ\u00e9e enti\u00e8re<\/span><\/sup><\/strong><\/p>\n\n\n\n<p class=\"has-base-color has-text-color has-large-font-size\" style=\"margin-top:4px;margin-right:0px;margin-bottom:0px;margin-left:0px;line-height:1\"><strong>75\u20ac<\/strong><\/p>\n<\/div><\/div>\n\n\n\n<p class=\"has-text-align-left has-contrast-color has-text-color has-small-font-size\" style=\"margin-top:10px;margin-right:10px;margin-bottom:10px;margin-left:10px\">*65\u20ac pour le Speedo-Kayak<\/p>\n<\/div>\n\n\n\n<div class=\"wp-block-column is-layout-flow wp-block-column-is-layout-flow\" style=\"flex-basis:25%\">\n<div class=\"wp-block-cover has-custom-content-position is-position-top-left has-background-color has-text-color wp-duotone-unset-3\" style=\"padding-top:0.8em;min-height:130px;aspect-ratio:unset;\"><span aria-hidden=\"true\" class=\"wp-block-cover__background has-ast-global-color-0-background-color has-background-dim-100 has-background-dim\"><\/span><div class=\"wp-block-cover__inner-container is-layout-flow wp-container-core-cover-is-layout-f76720b3 wp-block-cover-is-layout-flow\">\n<p class=\"has-base-color has-text-color has-large-font-size\" style=\"margin-top:4px;margin-right:0px;margin-bottom:0px;margin-left:0px;line-height:1\"><strong><sup><span style=\"text-decoration: underline\">d\u00e9p\u00f4t<\/span><\/sup><\/strong><\/p>\n\n\n\n<p class=\"has-base-color has-text-color has-large-font-size\" style=\"margin-top:4px;margin-right:0px;margin-bottom:0px;margin-left:0px;line-height:1\"><strong>100\u20ac  <\/strong><\/p>\n<\/div><\/div>\n\n\n\n<p class=\"has-text-align-left has-contrast-color has-text-color has-small-font-size\" style=\"margin-top:10px;margin-right:10px;margin-bottom:10px;margin-left:10px\">*par bateau<\/p>\n<\/div>\n\n\n\n<div class=\"wp-block-column is-layout-flow wp-block-column-is-layout-flow\" style=\"flex-basis:25%\">\n<div class=\"wp-block-cover is-light has-custom-content-position is-position-top-left has-background-color has-text-color\" style=\"padding-top:0.8em;min-height:130px;aspect-ratio:unset;\"><span aria-hidden=\"true\" class=\"wp-block-cover__background has-background-dim-100 has-background-dim\" style=\"background-color:#04c3d1\"><\/span><div class=\"wp-block-cover__inner-container is-layout-flow wp-container-core-cover-is-layout-f76720b3 wp-block-cover-is-layout-flow\">\n<p class=\"has-base-color has-text-color has-large-font-size\" style=\"margin-top:4px;margin-right:0px;margin-bottom:0px;margin-left:0px;line-height:1\"><strong><sup>Pagaies<\/sup><\/strong><\/p>\n\n\n\n<p class=\"has-base-color has-text-color has-large-font-size\" style=\"margin-top:4px;margin-right:0px;margin-bottom:0px;margin-left:0px;line-height:1\"><strong><sup>inclus<\/sup><\/strong><\/p>\n<\/div><\/div>\n<\/div>\n\n\n\n<div class=\"wp-block-column is-layout-flow wp-block-column-is-layout-flow\" style=\"flex-basis:25%\">\n<div class=\"wp-block-cover is-light has-custom-content-position is-position-top-left has-background-color has-text-color\" style=\"padding-top:0.8em;min-height:130px;aspect-ratio:unset;\"><span aria-hidden=\"true\" class=\"wp-block-cover__background has-background-dim-100 has-background-dim\" style=\"background-color:#04c3d1\"><\/span><div class=\"wp-block-cover__inner-container is-layout-flow wp-container-core-cover-is-layout-f76720b3 wp-block-cover-is-layout-flow\">\n<p class=\"has-base-color has-text-color has-large-font-size\" style=\"margin-top:4px;margin-right:0px;margin-bottom:0px;margin-left:0px;line-height:1\"><strong><sup>Sacs<\/sup><\/strong><\/p>\n\n\n\n<p class=\"has-base-color has-text-color has-large-font-size\" style=\"margin-top:4px;margin-right:0px;margin-bottom:0px;margin-left:0px;line-height:1\"><strong><sup>inclus<\/sup><\/strong><\/p>\n<\/div><\/div>\n<\/div>\n<\/div>\n<\/div>\n<\/div>\n\n<p class=\"has-text-align-center\" style=\"font-size:28px\"><sub><mark style=\"color:#ff0000\" class=\"has-inline-color\"><span style=\"text-decoration: underline\">Actuellement, seuls les paiements en esp\u00e8ces sont accept\u00e9s  <\/span><\/mark><\/sub><\/p>\n\n<div class=\"wp-block-columns is-layout-flex wp-container-core-columns-is-layout-d7d455e7 wp-block-columns-is-layout-flex\" style=\"padding-top:0;padding-right:0;padding-bottom:0;padding-left:0\">\n<div class=\"wp-block-column is-layout-flow wp-block-column-is-layout-flow\">\n<h2 class=\"wp-block-heading has-text-align-center\">Types de kayaks disponibles :<\/h2>\n\n\n\n<div style=\"height:17px\" aria-hidden=\"true\" class=\"wp-block-spacer\"><\/div>\n<\/div>\n<\/div>\n\n<div class=\"wp-block-columns alignwide is-layout-flex wp-container-core-columns-is-layout-28f84493 wp-block-columns-is-layout-flex\">\n<div class=\"wp-block-column is-layout-flow wp-block-column-is-layout-flow\">\n<figure class=\"wp-block-gallery has-nested-images columns-default is-cropped wp-block-gallery-4 is-layout-flex wp-block-gallery-is-layout-flex\">\n<figure class=\"wp-block-image size-large\"><img data-recalc-dims=\"1\" height=\"768\" width=\"1024\" decoding=\"async\" data-id=\"271\" src=\"https:\/\/i0.wp.com\/mosel-kajak.de\/wp-content\/uploads\/2023\/06\/IMG_7021.jpeg?resize=1024%2C768&#038;ssl=1\" alt=\"\" class=\"wp-image-271\" \/><\/figure><\/figure>\n<\/div>\n\n\n\n<div class=\"wp-block-column is-layout-flow wp-block-column-is-layout-flow\">\n<h2 class=\"wp-block-heading\">Le <span class=\"notranslate\"> skipper<\/span><\/h2>\n\n\n\n<p>Il s&rsquo;agit d&rsquo;un kayak monoplace confortable qui allie la s\u00e9curit\u00e9 au confort et \u00e0 l&rsquo;amusement !<br \/>Parfait pour tout le monde, il offre un grand espace pour les jambes et reste stable dans l&rsquo;eau.<\/p>\n\n\n\n<p><strong>Caract\u00e9ristiques :<\/strong><br \/>&#8211; P\u00e9dales (r\u00e9glables)<br \/>&#8211; espace de rangement  <br \/>&#8211; porte-gobelet  <\/p>\n\n\n\n<p>Le parfait polyvalent !<\/p>\n\n\n\n<a href=\"tel:+491707065408\">Appelez-nous au +491707065408<\/a>\n<\/div>\n<\/div>\n\n<div class=\"wp-block-columns alignwide is-layout-flex wp-container-core-columns-is-layout-28f84493 wp-block-columns-is-layout-flex\">\n<div class=\"wp-block-column is-layout-flow wp-block-column-is-layout-flow\">\n<figure class=\"wp-block-gallery has-nested-images columns-default is-cropped wp-block-gallery-5 is-layout-flex wp-block-gallery-is-layout-flex\">\n<figure class=\"wp-block-image size-large\"><img data-recalc-dims=\"1\" loading=\"lazy\" decoding=\"async\" width=\"1024\" height=\"768\" data-id=\"265\" src=\"https:\/\/i0.wp.com\/mosel-kajak.de\/wp-content\/uploads\/2023\/06\/IMG_6849.jpeg?resize=1024%2C768&#038;ssl=1\" alt=\"\" class=\"wp-image-265\" srcset=\"https:\/\/i0.wp.com\/mosel-kajak.de\/wp-content\/uploads\/2023\/06\/IMG_6849.jpeg?resize=1024%2C768&amp;ssl=1 1024w, https:\/\/i0.wp.com\/mosel-kajak.de\/wp-content\/uploads\/2023\/06\/IMG_6849.jpeg?resize=300%2C225&amp;ssl=1 300w, https:\/\/i0.wp.com\/mosel-kajak.de\/wp-content\/uploads\/2023\/06\/IMG_6849.jpeg?resize=768%2C576&amp;ssl=1 768w, https:\/\/i0.wp.com\/mosel-kajak.de\/wp-content\/uploads\/2023\/06\/IMG_6849.jpeg?resize=1536%2C1152&amp;ssl=1 1536w, https:\/\/i0.wp.com\/mosel-kajak.de\/wp-content\/uploads\/2023\/06\/IMG_6849.jpeg?resize=600%2C450&amp;ssl=1 600w, https:\/\/i0.wp.com\/mosel-kajak.de\/wp-content\/uploads\/2023\/06\/IMG_6849.jpeg?w=2048&amp;ssl=1 2048w\" sizes=\"auto, (max-width: 1000px) 100vw, 1000px\" \/><\/figure><\/figure>\n<\/div>\n\n\n\n<div class=\"wp-block-column is-layout-flow wp-block-column-is-layout-flow\">\n<h2 class=\"wp-block-heading\">Le requin<\/h2>\n\n\n\n<p>Le requin est le m\u00eame mod\u00e8le confortable qui allie la s\u00e9curit\u00e9 au confort et \u00e0 l&rsquo;amusement !<br \/>Parfait pour tout le monde, il offre un grand espace pour les jambes et reste stable dans l&rsquo;eau.<\/p>\n\n\n\n<p><strong>Caract\u00e9ristiques :<\/strong><br \/>&#8211; P\u00e9dales (r\u00e9glables)<br \/>&#8211; espace de rangement  <br \/>&#8211; porte-gobelet  <\/p>\n\n\n\n<p>Le parfait polyvalent !<\/p>\n\n\n\n<a href=\"tel:+491707065408\">Appelez-nous au +491707065408<\/a>\n<\/div>\n<\/div>\n\n<div class=\"wp-block-columns alignwide is-layout-flex wp-container-core-columns-is-layout-28f84493 wp-block-columns-is-layout-flex\">\n<div class=\"wp-block-column is-layout-flow wp-block-column-is-layout-flow\">\n<figure class=\"wp-block-gallery has-nested-images columns-default is-cropped wp-block-gallery-6 is-layout-flex wp-block-gallery-is-layout-flex\">\n<figure class=\"wp-block-image size-large\"><img data-recalc-dims=\"1\" loading=\"lazy\" decoding=\"async\" width=\"1024\" height=\"768\" data-id=\"267\" src=\"https:\/\/i0.wp.com\/mosel-kajak.de\/wp-content\/uploads\/2023\/06\/IMG_6856.jpeg?resize=1024%2C768&#038;ssl=1\" alt=\"\" class=\"wp-image-267\" srcset=\"https:\/\/i0.wp.com\/mosel-kajak.de\/wp-content\/uploads\/2023\/06\/IMG_6856.jpeg?resize=1024%2C768&amp;ssl=1 1024w, https:\/\/i0.wp.com\/mosel-kajak.de\/wp-content\/uploads\/2023\/06\/IMG_6856.jpeg?resize=300%2C225&amp;ssl=1 300w, https:\/\/i0.wp.com\/mosel-kajak.de\/wp-content\/uploads\/2023\/06\/IMG_6856.jpeg?resize=768%2C576&amp;ssl=1 768w, https:\/\/i0.wp.com\/mosel-kajak.de\/wp-content\/uploads\/2023\/06\/IMG_6856.jpeg?resize=1536%2C1152&amp;ssl=1 1536w, https:\/\/i0.wp.com\/mosel-kajak.de\/wp-content\/uploads\/2023\/06\/IMG_6856.jpeg?resize=600%2C450&amp;ssl=1 600w, https:\/\/i0.wp.com\/mosel-kajak.de\/wp-content\/uploads\/2023\/06\/IMG_6856.jpeg?w=2048&amp;ssl=1 2048w\" sizes=\"auto, (max-width: 1000px) 100vw, 1000px\" \/><\/figure><\/figure>\n<\/div>\n\n\n\n<div class=\"wp-block-column is-layout-flow wp-block-column-is-layout-flow\">\n<h2 class=\"wp-block-heading\">Le <span class=\"notranslate\">Speedo<\/span><\/h2>\n\n\n\n<p>Un mod\u00e8le plus ancien qui offre des vitesses de croisi\u00e8re plus \u00e9lev\u00e9es mais qui n&rsquo;est pas aussi confortable pour les personnes de grande taille, il est plus difficile \u00e0 diriger et \u00e0 garder la direction.<br \/>Nous ne prenons en compte que les utilisateurs exp\u00e9riment\u00e9s pour ce bateau de plaisance.<\/p>\n\n\n\n<p>Parfait pour tous ceux qui aiment la comp\u00e9tition !<\/p>\n\n\n\n<a href=\"tel:+491707065408\">Appelez-nous au +491707065408<\/a>\n<\/div>\n<\/div>\n\n<h1 class=\"wp-block-heading has-text-align-center\">Vous avez encore des questions ?<\/h1>\n\n<h3 class=\"wp-block-heading\">Combien de temps \u00e0 l&rsquo;avance dois-je r\u00e9server ?<\/h3>\n\n<p class=\"has-medium-font-size\">Nous avons besoin d&rsquo;au moins <strong>24 heures<\/strong> avant le jour de la r\u00e9servation, mais vous pouvez toujours nous appeler et demander une <strong>r\u00e9servation le jour m\u00eame<\/strong>.<\/p>\n\n<h3 class=\"wp-block-heading\">O\u00f9 puis-je r\u00e9cup\u00e9rer les bateaux ?<\/h3>\n\n<p class=\"has-medium-font-size\">Vous pouvez r\u00e9cup\u00e9rer les bateaux \u00e0 notre <a href=\"https:\/\/mosel-kajak.de\/localisation-des-sites\/?lang=fr\" data-type=\"page\" data-id=\"76\">\n  <strong>\n    <span style=\"text-decoration: underline\">lieu d&rsquo;enl\u00e8vement<\/span>\n  <\/strong>\n<\/a> ou demander un lieu sp\u00e9cifique.<\/p>\n\n<h3 class=\"wp-block-heading\">Que se passe-t-il si je dois annuler ma r\u00e9servation ?<\/h3>\n\n<p class=\"has-medium-font-size\">Si vous devez annuler votre r\u00e9servation, vous pouvez <a href=\"https:\/\/mosel-kajak.de\/contact\/?lang=fr\" data-type=\"page\" data-id=\"75\">\n  <strong>\n    <span style=\"text-decoration: underline\">nous appeler<\/span>\n  <\/strong>\n<\/a> et nous l&rsquo;annulerons gratuitement. L&rsquo;annulation est possible <strong>24 heures avant la prise en charge<\/strong>.<\/p>\n\n<h3 class=\"wp-block-heading\">Et s&rsquo;il pleut ?<\/h3>\n\n<p class=\"has-medium-font-size\">En cas de pluie, nous pouvons d\u00e9placer la r\u00e9servation \u00e0 un autre jour disponible gratuitement.<\/p>\n\n<p><\/p>\n","protected":false},"excerpt":{"rendered":"<p>R\u00e9servez un kayak d\u00e8s aujourd&rsquo;hui ! *35\u20ac pour le Speedo-Kayak *65\u20ac pour le Speedo-Kayak *par bateau Actuellement, seuls les paiements en esp\u00e8ces sont accept\u00e9s Types de kayaks disponibles : Le skipper Il s&rsquo;agit d&rsquo;un kayak monoplace confortable qui allie la s\u00e9curit\u00e9 au confort et \u00e0 l&rsquo;amusement !Parfait pour tout le monde, il offre un grand [&hellip;]<\/p>\n","protected":false},"author":1,"featured_media":0,"parent":0,"menu_order":0,"comment_status":"closed","ping_status":"closed","template":"","meta":{"site-sidebar-layout":"default","site-content-layout":"","ast-site-content-layout":"default","site-content-style":"default","site-sidebar-style":"default","ast-global-header-display":"","ast-banner-title-visibility":"","ast-main-header-display":"","ast-hfb-above-header-display":"","ast-hfb-below-header-display":"","ast-hfb-mobile-header-display":"","site-post-title":"disabled","ast-breadcrumbs-content":"","ast-featured-img":"","footer-sml-layout":"","ast-disable-related-posts":"","theme-transparent-header-meta":"","adv-header-id-meta":"","stick-header-meta":"","header-above-stick-meta":"","header-main-stick-meta":"","header-below-stick-meta":"","astra-migrate-meta-layouts":"default","ast-page-background-enabled":"default","ast-page-background-meta":{"desktop":{"background-color":"var(--ast-global-color-4)","background-image":"","background-repeat":"repeat","background-position":"center center","background-size":"auto","background-attachment":"scroll","background-type":"","background-media":"","overlay-type":"","overlay-color":"","overlay-opacity":"","overlay-gradient":""},"tablet":{"background-color":"","background-image":"","background-repeat":"repeat","background-position":"center center","background-size":"auto","background-attachment":"scroll","background-type":"","background-media":"","overlay-type":"","overlay-color":"","overlay-opacity":"","overlay-gradient":""},"mobile":{"background-color":"","background-image":"","background-repeat":"repeat","background-position":"center center","background-size":"auto","background-attachment":"scroll","background-type":"","background-media":"","overlay-type":"","overlay-color":"","overlay-opacity":"","overlay-gradient":""}},"ast-content-background-meta":{"desktop":{"background-color":"var(--ast-global-color-5)","background-image":"","background-repeat":"repeat","background-position":"center center","background-size":"auto","background-attachment":"scroll","background-type":"","background-media":"","overlay-type":"","overlay-color":"","overlay-opacity":"","overlay-gradient":""},"tablet":{"background-color":"var(--ast-global-color-5)","background-image":"","background-repeat":"repeat","background-position":"center center","background-size":"auto","background-attachment":"scroll","background-type":"","background-media":"","overlay-type":"","overlay-color":"","overlay-opacity":"","overlay-gradient":""},"mobile":{"background-color":"var(--ast-global-color-5)","background-image":"","background-repeat":"repeat","background-position":"center center","background-size":"auto","background-attachment":"scroll","background-type":"","background-media":"","overlay-type":"","overlay-color":"","overlay-opacity":"","overlay-gradient":""}},"footnotes":""},"class_list":["post-3147","page","type-page","status-publish","hentry"],"featured_image_src":null,"jetpack_sharing_enabled":true,"_links":{"self":[{"href":"https:\/\/mosel-kajak.de\/fr\/wp-json\/wp\/v2\/pages\/3147","targetHints":{"allow":["GET"]}}],"collection":[{"href":"https:\/\/mosel-kajak.de\/fr\/wp-json\/wp\/v2\/pages"}],"about":[{"href":"https:\/\/mosel-kajak.de\/fr\/wp-json\/wp\/v2\/types\/page"}],"author":[{"embeddable":true,"href":"https:\/\/mosel-kajak.de\/fr\/wp-json\/wp\/v2\/users\/1"}],"replies":[{"embeddable":true,"href":"https:\/\/mosel-kajak.de\/fr\/wp-json\/wp\/v2\/comments?post=3147"}],"version-history":[{"count":6,"href":"https:\/\/mosel-kajak.de\/fr\/wp-json\/wp\/v2\/pages\/3147\/revisions"}],"predecessor-version":[{"id":3190,"href":"https:\/\/mosel-kajak.de\/fr\/wp-json\/wp\/v2\/pages\/3147\/revisions\/3190"}],"wp:attachment":[{"href":"https:\/\/mosel-kajak.de\/fr\/wp-json\/wp\/v2\/media?parent=3147"}],"curies":[{"name":"wp","href":"https:\/\/api.w.org\/{rel}","templated":true}]}}