{"id":1283,"date":"2023-06-27T09:08:33","date_gmt":"2023-06-27T07:08:33","guid":{"rendered":"https:\/\/mosel-kajak.de\/precos\/"},"modified":"2025-05-31T12:04:10","modified_gmt":"2025-05-31T10:04:10","slug":"precos","status":"publish","type":"page","link":"https:\/\/mosel-kajak.de\/pt-pt\/precos\/","title":{"rendered":"Viagens e pre\u00e7os"},"content":{"rendered":"\n<hr class=\"wp-block-separator has-alpha-channel-opacity is-style-wide\"\/>\n\n<h3 class=\"wp-block-heading\" id=\"0-starting-from-palzem\">Viagem a partir de Palzem<\/h3>\n\n<figure class=\"wp-block-image size-large is-resized\"><img data-recalc-dims=\"1\" loading=\"lazy\" decoding=\"async\" width=\"1024\" height=\"357\" src=\"https:\/\/i0.wp.com\/mosel-kajak.de\/wp-content\/uploads\/2025\/05\/Palzem-Tour.png?resize=1024%2C357&#038;ssl=1\" alt=\"\" class=\"wp-image-20754\" style=\"width:1200px;height:auto\" srcset=\"https:\/\/i0.wp.com\/mosel-kajak.de\/wp-content\/uploads\/2025\/05\/Palzem-Tour.png?resize=1024%2C357&amp;ssl=1 1024w, https:\/\/i0.wp.com\/mosel-kajak.de\/wp-content\/uploads\/2025\/05\/Palzem-Tour.png?resize=300%2C105&amp;ssl=1 300w, https:\/\/i0.wp.com\/mosel-kajak.de\/wp-content\/uploads\/2025\/05\/Palzem-Tour.png?resize=768%2C268&amp;ssl=1 768w, https:\/\/i0.wp.com\/mosel-kajak.de\/wp-content\/uploads\/2025\/05\/Palzem-Tour.png?resize=600%2C209&amp;ssl=1 600w, https:\/\/i0.wp.com\/mosel-kajak.de\/wp-content\/uploads\/2025\/05\/Palzem-Tour.png?w=1334&amp;ssl=1 1334w\" sizes=\"auto, (max-width: 1000px) 100vw, 1000px\" \/><\/figure>\n\n<p>Come\u00e7a a tua viagem em <strong>Palzem<\/strong>, remando contra a <strong>corrente suave<\/strong> do <strong>rio Mosel<\/strong> em dire\u00e7\u00e3o \u00e0 <strong>cidade de tr\u00eas fronteiras de Schengen<\/strong>.<br\/>Vai t\u00e3o longe quanto quiseres antes de voltares \u00e0 corrente, <strong>Estacionamento dispon\u00edvel<\/strong>. <br\/><br\/><strong>Reserva de barco poss\u00edvel 1 hora<\/strong> antes da partida &#8211; por favor, <strong>contacta-nos<\/strong> ou <strong>reserva online<\/strong> com anteced\u00eancia, pois o pessoal nem sempre est\u00e1 na propriedade.<\/p>\n\n<p><a href=\"https:\/\/mosel-kajak.de\/pt-pt\/localizacoes\/\" data-type=\"link\" data-id=\"https:\/\/mosel-kajak.de\/locations\/\">Ver descri\u00e7\u00e3o e detalhes completos da localiza\u00e7\u00e3o<\/a><\/p>\n<div class=\"wp-block-ub-content-toggle wp-block-ub-content-toggle-block\" id=\"ub-content-toggle-block-38eea253-9dba-4860-a5fe-332a90fe78b5\" data-mobilecollapse=\"false\" data-desktopcollapse=\"true\" data-preventcollapse=\"false\" data-showonlyone=\"false\">\n<div class=\"wp-block-ub-content-toggle-accordion\" style=\"border-color: #f1f1f1; \" id=\"ub-content-toggle-panel-block-\">\n\t\t\t<div class=\"wp-block-ub-content-toggle-accordion-title-wrap\" style=\"background-color: #f1f1f1;\" aria-controls=\"ub-content-toggle-panel-0-38eea253-9dba-4860-a5fe-332a90fe78b5\" tabindex=\"0\">\n\t\t\t<h3 class=\"wp-block-ub-content-toggle-accordion-title ub-content-toggle-title-38eea253-9dba-4860-a5fe-332a90fe78b5\" style=\"color: #000000; \"><strong>Prices for Palzem:<\/strong> (click) <\/h3>\n\t\t\t<div class=\"wp-block-ub-content-toggle-accordion-toggle-wrap left\" style=\"color: #000000;\"><span class=\"wp-block-ub-content-toggle-accordion-state-indicator wp-block-ub-chevron-down\"><\/span><\/div>\n\t\t<\/div>\n\t\t\t<div role=\"region\" aria-expanded=\"false\" class=\"wp-block-ub-content-toggle-accordion-content-wrap ub-hide\" id=\"ub-content-toggle-panel-0-38eea253-9dba-4860-a5fe-332a90fe78b5\">\n\n<p><strong>(Sacos estanques, remos e coletes de nata\u00e7\u00e3o inclu\u00eddos no pre\u00e7o)  <\/strong><\/p>\n\n\n\n<figure class=\"wp-block-table\"><table class=\"has-fixed-layout\"><tbody><tr><td><strong>Horas (m\u00ednimo 2 horas)  <\/strong><\/td><td><strong>Pre\u00e7o (por pessoa)<\/strong><\/td><td><strong>Pre\u00e7o (2x Pessoas)<\/strong><\/td><\/tr><tr><td><strong>1h<\/strong><\/td><td>15\u20ac<\/td><td>30\u20ac<\/td><\/tr><tr><td><strong>2h<\/strong><\/td><td>30\u20ac<\/td><td>60\u20ac<\/td><\/tr><tr><td><strong>3h<\/strong><\/td><td>45\u20ac<\/td><td>90\u20ac<\/td><\/tr><tr><td><strong>4h<\/strong><\/td><td>60\u20ac<\/td><td>120\u20ac<\/td><\/tr><tr><td><strong>5h<\/strong><\/td><td>75\u20ac<\/td><td>150\u20ac<\/td><\/tr><tr><td><strong>6h<\/strong><\/td><td>90\u20ac<\/td><td>180\u20ac<\/td><\/tr><tr><td>&#8230;<\/td><td>&#8230;<\/td><td>&#8230;<\/td><\/tr><\/tbody><\/table><\/figure>\n\n<\/div>\n\t\t<\/div>\n<\/div>\n<hr class=\"wp-block-separator has-alpha-channel-opacity is-style-wide\"\/>\n\n<div style=\"height:66px\" aria-hidden=\"true\" class=\"wp-block-spacer\"><\/div>\n\n<h3 class=\"wp-block-heading\" id=\"2-starting-from-perl\">Viagem a partir de Perl<\/h3>\n\n<figure class=\"wp-block-image size-large is-resized\"><img data-recalc-dims=\"1\" loading=\"lazy\" decoding=\"async\" width=\"1024\" height=\"433\" src=\"https:\/\/i0.wp.com\/mosel-kajak.de\/wp-content\/uploads\/2025\/04\/Tour-Map-Perl-Palzem-.png?resize=1024%2C433&#038;ssl=1\" alt=\"\" class=\"wp-image-20536\" style=\"width:1200px;height:auto\" srcset=\"https:\/\/i0.wp.com\/mosel-kajak.de\/wp-content\/uploads\/2025\/04\/Tour-Map-Perl-Palzem-.png?resize=1024%2C433&amp;ssl=1 1024w, https:\/\/i0.wp.com\/mosel-kajak.de\/wp-content\/uploads\/2025\/04\/Tour-Map-Perl-Palzem-.png?resize=300%2C127&amp;ssl=1 300w, https:\/\/i0.wp.com\/mosel-kajak.de\/wp-content\/uploads\/2025\/04\/Tour-Map-Perl-Palzem-.png?resize=768%2C324&amp;ssl=1 768w, https:\/\/i0.wp.com\/mosel-kajak.de\/wp-content\/uploads\/2025\/04\/Tour-Map-Perl-Palzem-.png?resize=600%2C254&amp;ssl=1 600w, https:\/\/i0.wp.com\/mosel-kajak.de\/wp-content\/uploads\/2025\/04\/Tour-Map-Perl-Palzem-.png?w=1342&amp;ssl=1 1342w\" sizes=\"auto, (max-width: 1000px) 100vw, 1000px\" \/><\/figure>\n\n<p>Come\u00e7a a tua aventura em <strong>Perl<\/strong>, remando do <strong>alto da cidade de tr\u00eas fronteiras Schengen<\/strong> em dire\u00e7\u00e3o a <strong>Palzem<\/strong>. Esta <strong>rota de 10 km<\/strong> oferece um passeio suave com a corrente, tornando a viagem agrad\u00e1vel e c\u00e9nica. <br\/>Espera um m\u00ednimo de <strong>2 horas<\/strong> na \u00e1gua, embora a viagem possa demorar at\u00e9 <strong>3 horas<\/strong>, dependendo do ritmo. <strong>Estacionamento dispon\u00edvel<\/strong>. <br\/>Aplica-se uma <strong>taxa de entrega do barco de 15\u20ac<\/strong>. <strong>Recolha poss\u00edvel dentro de 1 hora &#8211; por favor<\/strong> <strong>contacta-nos<\/strong> ou <strong>reserva online<\/strong> com anteced\u00eancia.<\/p>\n\n<p><a href=\"https:\/\/mosel-kajak.de\/pt-pt\/perl-viagem-a-palzem\/\" data-type=\"page\" data-id=\"20518\">Ver descri\u00e7\u00e3o e detalhes completos da localiza\u00e7\u00e3o  <\/a><\/p>\n<div class=\"wp-block-ub-content-toggle wp-block-ub-content-toggle-block\" id=\"ub-content-toggle-block-fb2889eb-6501-44be-8461-040bc6391e50\" data-mobilecollapse=\"false\" data-desktopcollapse=\"true\" data-preventcollapse=\"false\" data-showonlyone=\"false\">\n<div class=\"wp-block-ub-content-toggle-accordion\" style=\"border-color: #f1f1f1; \" id=\"ub-content-toggle-panel-block-\">\n\t\t\t<div class=\"wp-block-ub-content-toggle-accordion-title-wrap\" style=\"background-color: #f1f1f1;\" aria-controls=\"ub-content-toggle-panel-0-fb2889eb-6501-44be-8461-040bc6391e50\" tabindex=\"0\">\n\t\t\t<h3 class=\"wp-block-ub-content-toggle-accordion-title ub-content-toggle-title-fb2889eb-6501-44be-8461-040bc6391e50\" style=\"color: #000000; \">Prices for Perl: (click)<\/h3>\n\t\t\t<div class=\"wp-block-ub-content-toggle-accordion-toggle-wrap left\" style=\"color: #000000;\"><span class=\"wp-block-ub-content-toggle-accordion-state-indicator wp-block-ub-chevron-down\"><\/span><\/div>\n\t\t<\/div>\n\t\t\t<div role=\"region\" aria-expanded=\"false\" class=\"wp-block-ub-content-toggle-accordion-content-wrap ub-hide\" id=\"ub-content-toggle-panel-0-fb2889eb-6501-44be-8461-040bc6391e50\">\n\n<p><strong>(Sacos estanques, remos e coletes de nata\u00e7\u00e3o inclu\u00eddos no pre\u00e7o)  <\/strong><\/p>\n\n\n\n<figure class=\"wp-block-table\"><table class=\"has-fixed-layout\"><tbody><tr><td><strong>Dura\u00e7\u00e3o da viagem<\/strong><\/td><td><strong>Pre\u00e7o (por pessoa)<\/strong><\/td><td><strong>Pre\u00e7o (2x Pessoas)<\/strong><\/td><\/tr><tr><td><strong>3h por defeito Dura\u00e7\u00e3o da viagem inclu\u00edda<\/strong><\/td><td>55\u20ac<\/td><td>110\u20ac<\/td><\/tr><tr><td><strong>+1h (horas adicionais)<\/strong><\/td><td>20\u20ac<\/td><td><\/td><\/tr><\/tbody><\/table><\/figure>\n\n\n\n<p><strong><mark style=\"background-color:rgba(0, 0, 0, 0);color:#ff0000\" class=\"has-inline-color\">Este n\u00e3o \u00e9 o nosso local de trabalho, por isso a entrega dos barcos e equipamentos ser\u00e1 cobrada com 15\u20ac<\/mark><\/strong><mark style=\"background-color:rgba(0, 0, 0, 0);color:#ff0000\" class=\"has-inline-color\"><strong>(inclu\u00eddo no pre\u00e7o)<\/strong>.<\/mark><br><mark style=\"background-color:rgba(0, 0, 0, 0);color:#ff0000\" class=\"has-inline-color\">Tamb\u00e9m o regresso ao teu carro deve ser gerido por ti, os bilhetes de comboio est\u00e3o dispon\u00edveis em <a href=\"https:\/\/www.bahn.de\/\" data-type=\"link\" data-id=\"https:\/\/www.bahn.de\/\">Bahn.de<\/a><\/mark><\/p>\n\n<\/div>\n\t\t<\/div>\n<\/div>\n<hr class=\"wp-block-separator has-alpha-channel-opacity is-style-wide\"\/>\n\n<p><\/p>\n","protected":false},"excerpt":{"rendered":"<p>Viagem a partir de Palzem Come\u00e7a a tua viagem em Palzem, remando contra a corrente suave do rio Mosel em dire\u00e7\u00e3o \u00e0 cidade de tr\u00eas fronteiras de Schengen.Vai t\u00e3o longe quanto quiseres antes de voltares \u00e0 corrente, Estacionamento dispon\u00edvel. Reserva de barco poss\u00edvel 1 hora antes da partida &#8211; por favor, contacta-nos ou reserva online [&hellip;]<\/p>\n","protected":false},"author":1,"featured_media":0,"parent":0,"menu_order":0,"comment_status":"closed","ping_status":"closed","template":"","meta":{"site-sidebar-layout":"default","site-content-layout":"","ast-site-content-layout":"default","site-content-style":"default","site-sidebar-style":"default","ast-global-header-display":"","ast-banner-title-visibility":"","ast-main-header-display":"","ast-hfb-above-header-display":"","ast-hfb-below-header-display":"","ast-hfb-mobile-header-display":"","site-post-title":"","ast-breadcrumbs-content":"","ast-featured-img":"","footer-sml-layout":"","ast-disable-related-posts":"","theme-transparent-header-meta":"","adv-header-id-meta":"","stick-header-meta":"","header-above-stick-meta":"","header-main-stick-meta":"","header-below-stick-meta":"","astra-migrate-meta-layouts":"default","ast-page-background-enabled":"default","ast-page-background-meta":{"desktop":{"background-color":"var(--ast-global-color-4)","background-image":"","background-repeat":"repeat","background-position":"center center","background-size":"auto","background-attachment":"scroll","background-type":"","background-media":"","overlay-type":"","overlay-color":"","overlay-opacity":"","overlay-gradient":""},"tablet":{"background-color":"","background-image":"","background-repeat":"repeat","background-position":"center center","background-size":"auto","background-attachment":"scroll","background-type":"","background-media":"","overlay-type":"","overlay-color":"","overlay-opacity":"","overlay-gradient":""},"mobile":{"background-color":"","background-image":"","background-repeat":"repeat","background-position":"center center","background-size":"auto","background-attachment":"scroll","background-type":"","background-media":"","overlay-type":"","overlay-color":"","overlay-opacity":"","overlay-gradient":""}},"ast-content-background-meta":{"desktop":{"background-color":"var(--ast-global-color-5)","background-image":"","background-repeat":"repeat","background-position":"center center","background-size":"auto","background-attachment":"scroll","background-type":"","background-media":"","overlay-type":"","overlay-color":"","overlay-opacity":"","overlay-gradient":""},"tablet":{"background-color":"var(--ast-global-color-5)","background-image":"","background-repeat":"repeat","background-position":"center center","background-size":"auto","background-attachment":"scroll","background-type":"","background-media":"","overlay-type":"","overlay-color":"","overlay-opacity":"","overlay-gradient":""},"mobile":{"background-color":"var(--ast-global-color-5)","background-image":"","background-repeat":"repeat","background-position":"center center","background-size":"auto","background-attachment":"scroll","background-type":"","background-media":"","overlay-type":"","overlay-color":"","overlay-opacity":"","overlay-gradient":""}},"footnotes":""},"class_list":["post-1283","page","type-page","status-publish","hentry"],"featured_image_src":null,"jetpack_sharing_enabled":true,"_links":{"self":[{"href":"https:\/\/mosel-kajak.de\/pt-pt\/wp-json\/wp\/v2\/pages\/1283","targetHints":{"allow":["GET"]}}],"collection":[{"href":"https:\/\/mosel-kajak.de\/pt-pt\/wp-json\/wp\/v2\/pages"}],"about":[{"href":"https:\/\/mosel-kajak.de\/pt-pt\/wp-json\/wp\/v2\/types\/page"}],"author":[{"embeddable":true,"href":"https:\/\/mosel-kajak.de\/pt-pt\/wp-json\/wp\/v2\/users\/1"}],"replies":[{"embeddable":true,"href":"https:\/\/mosel-kajak.de\/pt-pt\/wp-json\/wp\/v2\/comments?post=1283"}],"version-history":[{"count":7,"href":"https:\/\/mosel-kajak.de\/pt-pt\/wp-json\/wp\/v2\/pages\/1283\/revisions"}],"predecessor-version":[{"id":23678,"href":"https:\/\/mosel-kajak.de\/pt-pt\/wp-json\/wp\/v2\/pages\/1283\/revisions\/23678"}],"wp:attachment":[{"href":"https:\/\/mosel-kajak.de\/pt-pt\/wp-json\/wp\/v2\/media?parent=1283"}],"curies":[{"name":"wp","href":"https:\/\/api.w.org\/{rel}","templated":true}]}}