{"id":1354,"date":"2023-07-07T15:20:42","date_gmt":"2023-07-07T13:20:42","guid":{"rendered":"https:\/\/mosel-kajak.de\/noticias\/"},"modified":"2025-05-29T12:43:52","modified_gmt":"2025-05-29T10:43:52","slug":"noticias","status":"publish","type":"page","link":"https:\/\/mosel-kajak.de\/pt-pt\/noticias\/","title":{"rendered":"Not\u00edcias"},"content":{"rendered":"\n<h1 class=\"wp-block-heading\">Not\u00edcias:<\/h1>\n\n<p>Nesta p\u00e1gina, encontrar\u00e1 todas as not\u00edcias mais recentes sobre o nosso Servi\u00e7o e o que vamos mudar no futuro!<\/p>\n\n<hr class=\"wp-block-separator has-alpha-channel-opacity is-style-wide\"\/>\n\n<ul class=\"wp-block-list\">\n<li><a href=\"https:\/\/mosel-kajak.de\/pt-pt\/o-que-e-que-podemos-fazer-aqui\/\" data-type=\"post\" data-id=\"420\">Como come\u00e7ou \"o que \u00e9 que podemos fazer aqui?\"<\/a><\/li>\n\n\n\n<li><a href=\"https:\/\/mosel-kajak.de\/pt-pt\/reserva-online\/\" data-type=\"post\" data-id=\"486\">Introdu\u00e7\u00e3o \u00e0s reservas online<\/a><\/li>\n<\/ul>\n","protected":false},"excerpt":{"rendered":"<p>Not\u00edcias: Nesta p\u00e1gina, encontrar\u00e1 todas as not\u00edcias mais recentes sobre o nosso Servi\u00e7o e o que vamos mudar no futuro!<\/p>\n","protected":false},"author":3,"featured_media":0,"parent":0,"menu_order":0,"comment_status":"closed","ping_status":"closed","template":"","meta":{"site-sidebar-layout":"default","site-content-layout":"","ast-site-content-layout":"default","site-content-style":"default","site-sidebar-style":"default","ast-global-header-display":"","ast-banner-title-visibility":"","ast-main-header-display":"","ast-hfb-above-header-display":"","ast-hfb-below-header-display":"","ast-hfb-mobile-header-display":"","site-post-title":"disabled","ast-breadcrumbs-content":"","ast-featured-img":"","footer-sml-layout":"","ast-disable-related-posts":"","theme-transparent-header-meta":"","adv-header-id-meta":"","stick-header-meta":"","header-above-stick-meta":"","header-main-stick-meta":"","header-below-stick-meta":"","astra-migrate-meta-layouts":"default","ast-page-background-enabled":"default","ast-page-background-meta":{"desktop":{"background-color":"var(--ast-global-color-4)","background-image":"","background-repeat":"repeat","background-position":"center center","background-size":"auto","background-attachment":"scroll","background-type":"","background-media":"","overlay-type":"","overlay-color":"","overlay-opacity":"","overlay-gradient":""},"tablet":{"background-color":"","background-image":"","background-repeat":"repeat","background-position":"center center","background-size":"auto","background-attachment":"scroll","background-type":"","background-media":"","overlay-type":"","overlay-color":"","overlay-opacity":"","overlay-gradient":""},"mobile":{"background-color":"","background-image":"","background-repeat":"repeat","background-position":"center center","background-size":"auto","background-attachment":"scroll","background-type":"","background-media":"","overlay-type":"","overlay-color":"","overlay-opacity":"","overlay-gradient":""}},"ast-content-background-meta":{"desktop":{"background-color":"var(--ast-global-color-5)","background-image":"","background-repeat":"repeat","background-position":"center center","background-size":"auto","background-attachment":"scroll","background-type":"","background-media":"","overlay-type":"","overlay-color":"","overlay-opacity":"","overlay-gradient":""},"tablet":{"background-color":"var(--ast-global-color-5)","background-image":"","background-repeat":"repeat","background-position":"center center","background-size":"auto","background-attachment":"scroll","background-type":"","background-media":"","overlay-type":"","overlay-color":"","overlay-opacity":"","overlay-gradient":""},"mobile":{"background-color":"var(--ast-global-color-5)","background-image":"","background-repeat":"repeat","background-position":"center center","background-size":"auto","background-attachment":"scroll","background-type":"","background-media":"","overlay-type":"","overlay-color":"","overlay-opacity":"","overlay-gradient":""}},"footnotes":""},"class_list":["post-1354","page","type-page","status-publish","hentry"],"featured_image_src":null,"jetpack_sharing_enabled":true,"_links":{"self":[{"href":"https:\/\/mosel-kajak.de\/pt-pt\/wp-json\/wp\/v2\/pages\/1354","targetHints":{"allow":["GET"]}}],"collection":[{"href":"https:\/\/mosel-kajak.de\/pt-pt\/wp-json\/wp\/v2\/pages"}],"about":[{"href":"https:\/\/mosel-kajak.de\/pt-pt\/wp-json\/wp\/v2\/types\/page"}],"author":[{"embeddable":true,"href":"https:\/\/mosel-kajak.de\/pt-pt\/wp-json\/wp\/v2\/users\/3"}],"replies":[{"embeddable":true,"href":"https:\/\/mosel-kajak.de\/pt-pt\/wp-json\/wp\/v2\/comments?post=1354"}],"version-history":[{"count":6,"href":"https:\/\/mosel-kajak.de\/pt-pt\/wp-json\/wp\/v2\/pages\/1354\/revisions"}],"predecessor-version":[{"id":23611,"href":"https:\/\/mosel-kajak.de\/pt-pt\/wp-json\/wp\/v2\/pages\/1354\/revisions\/23611"}],"wp:attachment":[{"href":"https:\/\/mosel-kajak.de\/pt-pt\/wp-json\/wp\/v2\/media?parent=1354"}],"curies":[{"name":"wp","href":"https:\/\/api.w.org\/{rel}","templated":true}]}}