{"id":1444,"date":"2023-06-02T07:30:20","date_gmt":"2023-06-02T05:30:20","guid":{"rendered":"https:\/\/mosel-kajak.de\/aviso-legal\/"},"modified":"2025-05-29T12:43:41","modified_gmt":"2025-05-29T10:43:41","slug":"aviso-legal","status":"publish","type":"page","link":"https:\/\/mosel-kajak.de\/pt-pt\/aviso-legal\/","title":{"rendered":"Aviso legal"},"content":{"rendered":"\n<p>Propriet\u00e1rio:<br\/>Jos\u00e9 Alexandre Gulyayev Arroteia <br\/>Bahnhofstr. 1, 54439 Palzem<\/p>\n\n<p>Contacto:<br\/>service@mosel-kajak.de<br\/>+491707065408<\/p>\n\n<p>Resolu\u00e7\u00e3o de lit\u00edgios na UE<br\/>A Comiss\u00e3o Europeia disponibiliza uma plataforma para a resolu\u00e7\u00e3o de lit\u00edgios em linha (OS): https:\/\/ec.europa.eu\/consumers\/odr\/.<br\/>Podes encontrar o nosso endere\u00e7o de correio eletr\u00f3nico na advert\u00eancia jur\u00eddica acima.<\/p>\n\n<p>Resolu\u00e7\u00e3o de lit\u00edgios de consumo\/conselho de arbitragem universal<br\/>N\u00e3o estamos dispostos nem somos obrigados a participar num processo de resolu\u00e7\u00e3o de lit\u00edgios perante um conselho de arbitragem de consumidores.<\/p>\n","protected":false},"excerpt":{"rendered":"<p>Propriet\u00e1rio:Jos\u00e9 Alexandre Gulyayev Arroteia Bahnhofstr. 1, 54439 Palzem Contacto:service@mosel-kajak.de+491707065408 Resolu\u00e7\u00e3o de lit\u00edgios na UEA Comiss\u00e3o Europeia disponibiliza uma plataforma para a resolu\u00e7\u00e3o de lit\u00edgios em linha (OS): https:\/\/ec.europa.eu\/consumers\/odr\/.Podes encontrar o nosso endere\u00e7o de correio eletr\u00f3nico na advert\u00eancia jur\u00eddica acima. Resolu\u00e7\u00e3o de lit\u00edgios de consumo\/conselho de arbitragem universalN\u00e3o estamos dispostos nem somos obrigados a participar num [&hellip;]<\/p>\n","protected":false},"author":1,"featured_media":0,"parent":0,"menu_order":0,"comment_status":"closed","ping_status":"closed","template":"","meta":{"site-sidebar-layout":"no-sidebar","site-content-layout":"","ast-site-content-layout":"default","site-content-style":"default","site-sidebar-style":"default","ast-global-header-display":"","ast-banner-title-visibility":"","ast-main-header-display":"","ast-hfb-above-header-display":"","ast-hfb-below-header-display":"","ast-hfb-mobile-header-display":"","site-post-title":"","ast-breadcrumbs-content":"","ast-featured-img":"","footer-sml-layout":"","ast-disable-related-posts":"","theme-transparent-header-meta":"","adv-header-id-meta":"","stick-header-meta":"","header-above-stick-meta":"","header-main-stick-meta":"","header-below-stick-meta":"","astra-migrate-meta-layouts":"default","ast-page-background-enabled":"default","ast-page-background-meta":{"desktop":{"background-color":"var(--ast-global-color-4)","background-image":"","background-repeat":"repeat","background-position":"center center","background-size":"auto","background-attachment":"scroll","background-type":"","background-media":"","overlay-type":"","overlay-color":"","overlay-opacity":"","overlay-gradient":""},"tablet":{"background-color":"","background-image":"","background-repeat":"repeat","background-position":"center center","background-size":"auto","background-attachment":"scroll","background-type":"","background-media":"","overlay-type":"","overlay-color":"","overlay-opacity":"","overlay-gradient":""},"mobile":{"background-color":"","background-image":"","background-repeat":"repeat","background-position":"center center","background-size":"auto","background-attachment":"scroll","background-type":"","background-media":"","overlay-type":"","overlay-color":"","overlay-opacity":"","overlay-gradient":""}},"ast-content-background-meta":{"desktop":{"background-color":"var(--ast-global-color-5)","background-image":"","background-repeat":"repeat","background-position":"center center","background-size":"auto","background-attachment":"scroll","background-type":"","background-media":"","overlay-type":"","overlay-color":"","overlay-opacity":"","overlay-gradient":""},"tablet":{"background-color":"var(--ast-global-color-5)","background-image":"","background-repeat":"repeat","background-position":"center center","background-size":"auto","background-attachment":"scroll","background-type":"","background-media":"","overlay-type":"","overlay-color":"","overlay-opacity":"","overlay-gradient":""},"mobile":{"background-color":"var(--ast-global-color-5)","background-image":"","background-repeat":"repeat","background-position":"center center","background-size":"auto","background-attachment":"scroll","background-type":"","background-media":"","overlay-type":"","overlay-color":"","overlay-opacity":"","overlay-gradient":""}},"footnotes":""},"class_list":["post-1444","page","type-page","status-publish","hentry"],"featured_image_src":null,"jetpack_sharing_enabled":true,"_links":{"self":[{"href":"https:\/\/mosel-kajak.de\/pt-pt\/wp-json\/wp\/v2\/pages\/1444","targetHints":{"allow":["GET"]}}],"collection":[{"href":"https:\/\/mosel-kajak.de\/pt-pt\/wp-json\/wp\/v2\/pages"}],"about":[{"href":"https:\/\/mosel-kajak.de\/pt-pt\/wp-json\/wp\/v2\/types\/page"}],"author":[{"embeddable":true,"href":"https:\/\/mosel-kajak.de\/pt-pt\/wp-json\/wp\/v2\/users\/1"}],"replies":[{"embeddable":true,"href":"https:\/\/mosel-kajak.de\/pt-pt\/wp-json\/wp\/v2\/comments?post=1444"}],"version-history":[{"count":4,"href":"https:\/\/mosel-kajak.de\/pt-pt\/wp-json\/wp\/v2\/pages\/1444\/revisions"}],"predecessor-version":[{"id":21149,"href":"https:\/\/mosel-kajak.de\/pt-pt\/wp-json\/wp\/v2\/pages\/1444\/revisions\/21149"}],"wp:attachment":[{"href":"https:\/\/mosel-kajak.de\/pt-pt\/wp-json\/wp\/v2\/media?parent=1444"}],"curies":[{"name":"wp","href":"https:\/\/api.w.org\/{rel}","templated":true}]}}