{"id":1548,"date":"2023-06-02T12:35:32","date_gmt":"2023-06-02T10:35:32","guid":{"rendered":"https:\/\/mosel-kajak.de\/termos-e-condicoes\/"},"modified":"2025-06-08T23:44:58","modified_gmt":"2025-06-08T21:44:58","slug":"termos-e-condicoes","status":"publish","type":"page","link":"https:\/\/mosel-kajak.de\/pt-pt\/termos-e-condicoes\/","title":{"rendered":"termos e condi\u00e7\u00f5es"},"content":{"rendered":"\n<h2 class=\"wp-block-heading\"><strong>Termos e condi\u00e7\u00f5es gerais<\/strong> <\/h2>\n\n<p><strong>1.<\/strong> O locador fornece ao locat\u00e1rio um im\u00f3vel de aluguer tecnicamente perfeito para uso pessoal.  <\/p>\n\n<p><strong>2.<\/strong> No termo do contrato, o bem alugado deve ser devolvido no mesmo estado em que foi aceite, tendo em conta o seu desgaste normal. Os danos causados sem culpa pr\u00f3pria ou por desgaste normal devem ser comunicados ao senhorio.  <\/p>\n\n<p><strong>3.<\/strong> Se o locat\u00e1rio tiver causado danos culposos ao bem locado, \u00e9 obrigado a pagar uma indemniza\u00e7\u00e3o ao locador. Os custos de uma oficina de repara\u00e7\u00e3o local ou diretamente do fabricante ser\u00e3o cobrados a t\u00edtulo de indemniza\u00e7\u00e3o.  <\/p>\n\n<p><strong>4.<\/strong> O locat\u00e1rio \u00e9 respons\u00e1vel pela perda do objeto alugado, independentemente da culpa, incluindo os danos resultantes de um acidente.  <\/p>\n\n<p><strong>5.<\/strong> Salvo em caso de dolo ou neglig\u00eancia grave, o locador n\u00e3o \u00e9 respons\u00e1vel pelos danos sofridos pelo locat\u00e1rio ou por terceiros em consequ\u00eancia do bem locado ou da sua utiliza\u00e7\u00e3o.  <\/p>\n\n<p><strong>6.<\/strong> O locat\u00e1rio compromete-se a tratar o bem alugado com cuidado e a devolv\u00ea-lo pontualmente e em bom estado de conserva\u00e7\u00e3o na data acordada.  <\/p>\n\n<p><strong>7.<\/strong> O senhorio recorda que o bem arrendado deve ser permanentemente vigiado e, se necess\u00e1rio, guardado ou protegido contra roubo.  <\/p>\n\n<p><strong>8.<\/strong> Em caso de perda ou dano irrepar\u00e1vel do bem alugado, o valor de mercado atual do bem alugado deve ser reembolsado ao locador.  <\/p>\n\n<p><strong>9.<\/strong> A mudan\u00e7a de data ou a anula\u00e7\u00e3o do objeto alugado pelo locat\u00e1rio \u00e9 gratuita se este comunicar a mudan\u00e7a de data ou a anula\u00e7\u00e3o por telefone at\u00e9 1 hora antes da marca\u00e7\u00e3o, no dia da marca\u00e7\u00e3o. No caso de cancelamentos posteriores, ser\u00e1 cobrada uma taxa de EUR 30,00.  <\/p>\n\n<p><strong>10.<\/strong> O locat\u00e1rio confirma que os utilizadores do im\u00f3vel alugado s\u00e3o nadadores. Os coletes salva-vidas s\u00e3o obrigat\u00f3rios para todos os utilizadores das nossas embarca\u00e7\u00f5es. \u00c9 desej\u00e1vel que os coletes sejam pr\u00f3prios, caso contr\u00e1rio podem ser alugados. O senhorio exclui a responsabilidade por danos pessoais. Os utilizadores s\u00e3o sensibilizados para a necessidade de usarem coletes salva-vidas devido ao risco de acidentes. Os coletes salva-vidas s\u00e3o obrigat\u00f3rios.<\/p>\n\n<p>Os coletes salva-vidas s\u00e3o fornecidos gratuitamente pelo locador.  <\/p>\n\n<p>N\u00e3o s\u00e3o permitidos dispositivos de nata\u00e7\u00e3o insufl\u00e1veis. A utiliza\u00e7\u00e3o do im\u00f3vel alugado s\u00f3 \u00e9 permitida em conformidade com as directrizes locais, sendo expressamente proibido o seu desrespeito.  <\/p>\n\n<p><strong>11.<\/strong> Os utilizadores receber\u00e3o gratuitamente um saco resistente \u00e0 \u00e1gua que est\u00e1 inclu\u00eddo na embalagem. O utilizador \u00e9 respons\u00e1vel pela forma como guarda os seus bens a bordo dos barcos e n\u00e3o podemos garantir que os bens n\u00e3o sejam danificados devido a uma utiliza\u00e7\u00e3o incorrecta.<\/p>\n\n<p><strong>12.<\/strong> click my business (www.Mosel-Kajak.de) (Moselstr. 51A, 54439 Palzem, Alemanha) n\u00e3o \u00e9 respons\u00e1vel por danos pessoais, danos materiais ou danos de transporte, uma vez que se trata apenas de um servi\u00e7o de aluguer.  <\/p>\n\n<p>N\u00e3o assumimos qualquer responsabilidade por objectos de valor, bilhetes de identidade, telem\u00f3veis, m\u00e1quinas fotogr\u00e1ficas, etc., perdidos ou danificados. O senhorio n\u00e3o \u00e9 respons\u00e1vel, contratual ou extracontratualmente, por quaisquer danos sofridos pelo utilizador ou por terceiros no \u00e2mbito do aluguer dos objectos alugados. O utilizador assume a responsabilidade e isenta o locador em caso de reclama\u00e7\u00f5es de terceiros devido a acidentes.  <\/p>\n\n<p>O utilizador isenta o locador de todas as reclama\u00e7\u00f5es decorrentes da viola\u00e7\u00e3o de leis, regulamentos ou outras regulamenta\u00e7\u00f5es relacionadas com a utiliza\u00e7\u00e3o dos artigos alugados por si ou por terceiros.  <\/p>\n\n<p><strong>13.<\/strong> Se ocorrerem circunst\u00e2ncias imprevistas que impossibilitem a devolu\u00e7\u00e3o atempada do equipamento alugado ou exijam uma rescis\u00e3o antecipada, o cliente \u00e9 obrigado a informar imediatamente a empresa de aluguer para que possa ser acordada uma solu\u00e7\u00e3o simples e econ\u00f3mica. Se, para salvaguardar os seus interesses e\/ou para evitar eventuais danos\/perdas de material, o mutuante se sentir obrigado a retomar o material alugado, no todo ou em parte &#8211; contrariamente ao acordado &#8211; o locat\u00e1rio indicado no contrato de aluguer suportar\u00e1 os custos. Para a recupera\u00e7\u00e3o, etc., do(s) bem(ns), ser\u00e3o cobrados 50,00 euros* por hora e 1,50 euros* por quil\u00f3metro para o ve\u00edculo, acrescidos dos custos de transporte habituais (* acrescidos do IVA legal). Qualquer dano material causado pelo comportamento do locat\u00e1rio ou de um dos seus participantes deve ser suportado pelo locat\u00e1rio\/cliente.  <\/p>\n","protected":false},"excerpt":{"rendered":"<p>Termos e condi\u00e7\u00f5es gerais 1. O locador fornece ao locat\u00e1rio um im\u00f3vel de aluguer tecnicamente perfeito para uso pessoal. 2. No termo do contrato, o bem alugado deve ser devolvido no mesmo estado em que foi aceite, tendo em conta o seu desgaste normal. Os danos causados sem culpa pr\u00f3pria ou por desgaste normal devem [&hellip;]<\/p>\n","protected":false},"author":1,"featured_media":0,"parent":0,"menu_order":0,"comment_status":"closed","ping_status":"closed","template":"","meta":{"site-sidebar-layout":"default","site-content-layout":"","ast-site-content-layout":"default","site-content-style":"default","site-sidebar-style":"default","ast-global-header-display":"","ast-banner-title-visibility":"","ast-main-header-display":"","ast-hfb-above-header-display":"","ast-hfb-below-header-display":"","ast-hfb-mobile-header-display":"","site-post-title":"disabled","ast-breadcrumbs-content":"","ast-featured-img":"","footer-sml-layout":"","ast-disable-related-posts":"","theme-transparent-header-meta":"","adv-header-id-meta":"","stick-header-meta":"","header-above-stick-meta":"","header-main-stick-meta":"","header-below-stick-meta":"","astra-migrate-meta-layouts":"default","ast-page-background-enabled":"default","ast-page-background-meta":{"desktop":{"background-color":"var(--ast-global-color-4)","background-image":"","background-repeat":"repeat","background-position":"center center","background-size":"auto","background-attachment":"scroll","background-type":"","background-media":"","overlay-type":"","overlay-color":"","overlay-opacity":"","overlay-gradient":""},"tablet":{"background-color":"","background-image":"","background-repeat":"repeat","background-position":"center center","background-size":"auto","background-attachment":"scroll","background-type":"","background-media":"","overlay-type":"","overlay-color":"","overlay-opacity":"","overlay-gradient":""},"mobile":{"background-color":"","background-image":"","background-repeat":"repeat","background-position":"center center","background-size":"auto","background-attachment":"scroll","background-type":"","background-media":"","overlay-type":"","overlay-color":"","overlay-opacity":"","overlay-gradient":""}},"ast-content-background-meta":{"desktop":{"background-color":"var(--ast-global-color-5)","background-image":"","background-repeat":"repeat","background-position":"center center","background-size":"auto","background-attachment":"scroll","background-type":"","background-media":"","overlay-type":"","overlay-color":"","overlay-opacity":"","overlay-gradient":""},"tablet":{"background-color":"var(--ast-global-color-5)","background-image":"","background-repeat":"repeat","background-position":"center center","background-size":"auto","background-attachment":"scroll","background-type":"","background-media":"","overlay-type":"","overlay-color":"","overlay-opacity":"","overlay-gradient":""},"mobile":{"background-color":"var(--ast-global-color-5)","background-image":"","background-repeat":"repeat","background-position":"center center","background-size":"auto","background-attachment":"scroll","background-type":"","background-media":"","overlay-type":"","overlay-color":"","overlay-opacity":"","overlay-gradient":""}},"footnotes":""},"class_list":["post-1548","page","type-page","status-publish","hentry"],"featured_image_src":null,"jetpack_sharing_enabled":true,"_links":{"self":[{"href":"https:\/\/mosel-kajak.de\/pt-pt\/wp-json\/wp\/v2\/pages\/1548","targetHints":{"allow":["GET"]}}],"collection":[{"href":"https:\/\/mosel-kajak.de\/pt-pt\/wp-json\/wp\/v2\/pages"}],"about":[{"href":"https:\/\/mosel-kajak.de\/pt-pt\/wp-json\/wp\/v2\/types\/page"}],"author":[{"embeddable":true,"href":"https:\/\/mosel-kajak.de\/pt-pt\/wp-json\/wp\/v2\/users\/1"}],"replies":[{"embeddable":true,"href":"https:\/\/mosel-kajak.de\/pt-pt\/wp-json\/wp\/v2\/comments?post=1548"}],"version-history":[{"count":4,"href":"https:\/\/mosel-kajak.de\/pt-pt\/wp-json\/wp\/v2\/pages\/1548\/revisions"}],"predecessor-version":[{"id":23748,"href":"https:\/\/mosel-kajak.de\/pt-pt\/wp-json\/wp\/v2\/pages\/1548\/revisions\/23748"}],"wp:attachment":[{"href":"https:\/\/mosel-kajak.de\/pt-pt\/wp-json\/wp\/v2\/media?parent=1548"}],"curies":[{"name":"wp","href":"https:\/\/api.w.org\/{rel}","templated":true}]}}