{"id":1602,"date":"2023-05-31T09:13:14","date_gmt":"2023-05-31T07:13:14","guid":{"rendered":"https:\/\/mosel-kajak.de\/localizacoes\/"},"modified":"2025-06-04T19:07:57","modified_gmt":"2025-06-04T17:07:57","slug":"localizacoes","status":"publish","type":"page","link":"https:\/\/mosel-kajak.de\/pt-pt\/localizacoes\/","title":{"rendered":"Localiza\u00e7\u00e3o"},"content":{"rendered":"\n<h1 class=\"wp-block-heading\">Onde nos podes encontrar:<\/h1>\n\n<div style=\"height:42px\" aria-hidden=\"true\" class=\"wp-block-spacer\"><\/div>\n\n<h2 class=\"wp-block-heading\">Onde ir quando come\u00e7ar em Palzem: (Localiza\u00e7\u00e3o do im\u00f3vel)<\/h2>\n\n<iframe src=\"https:\/\/www.google.com\/maps\/embed?pb=!1m18!1m12!1m3!1d165689.7144557369!2d6.191608557451207!3d49.54300567757025!2m3!1f0!2f0!3f0!3m2!1i1024!2i768!4f13.1!3m3!1m2!1s0x47956bf425e6f681%3A0xdab4f4d8c35474ed!2sMosel%20Kajak!5e0!3m2!1sde!2sde!4v1685569288400!5m2!1sde!2sde\" width=\"600\" height=\"450\" style=\"border:0;\" allowfullscreen=\"\" loading=\"lazy\" referrerpolicy=\"no-referrer-when-downgrade\"><\/iframe>\n\n<p>Quando reservas um caiaque a partir de Palzem, o local de recolha e entrega por defeito ser\u00e1 no seguinte endere\u00e7o: \u201cBahnhofstr. 1, 54439 Palzem\u201d, segue as indica\u00e7\u00f5es \u201cCamping Platz Opa Schuler\u201d que deves ver no centro de Palzem apontando para o rio Mosel e deves encontrar-nos mesmo junto ao rio depois de passares a pequena ponte \u00e0 esquerda, descendo a colina.<\/p>\n\n<p>Estaciona junto ao rio.<\/p>\n\n<p><strong>ESTE SERVI\u00c7O \u00c9 GRATUITO E EST\u00c1 INCLU\u00cdDO NA RESERVA.<\/strong><\/p>\n\n<h2 class=\"wp-block-heading\">Para onde ir quando come\u00e7as em Perl: (Drop off Location)<\/h2>\n\n<p>Se reservares uma excurs\u00e3o de caiaque com in\u00edcio em Perl e fim em Palzem, o local de encontro pode ser encontrado aqui:<br\/><a href=\"https:\/\/mosel-kajak.de\/pt-pt\/perl-viagem-a-palzem\/\">Perl &#8211; Palzem Trip &#8211; Mosel Kajak<\/a><\/p>\n\n<p>Estaciona junto ao rio.<\/p>\n\n<p><mark style=\"background-color:rgba(0, 0, 0, 0);color:#ff0000\" class=\"has-inline-color\">*TEM EM ATEN\u00c7\u00c3O QUE O PONTO DE ENTRADA PARA DEIXAR OS CAIAQUES NA \u00c1GUA N\u00c3O EST\u00c1 DEFINIDO DE FORMA ALGUMA E QUE O LOCAT\u00c1RIO DEVE DECIDIR POR SI PR\u00d3PRIO E POR SUA CONTA E RISCO ONDE ENTRAR NO RIO*.<\/mark><\/p>\n\n<p><\/p>\n","protected":false},"excerpt":{"rendered":"<p>Onde nos podes encontrar: Onde ir quando come\u00e7ar em Palzem: (Localiza\u00e7\u00e3o do im\u00f3vel) Quando reservas um caiaque a partir de Palzem, o local de recolha e entrega por defeito ser\u00e1 no seguinte endere\u00e7o: \u201cBahnhofstr. 1, 54439 Palzem\u201d, segue as indica\u00e7\u00f5es \u201cCamping Platz Opa Schuler\u201d que deves ver no centro de Palzem apontando para o rio [&hellip;]<\/p>\n","protected":false},"author":1,"featured_media":0,"parent":0,"menu_order":0,"comment_status":"closed","ping_status":"closed","template":"","meta":{"site-sidebar-layout":"default","site-content-layout":"","ast-site-content-layout":"default","site-content-style":"default","site-sidebar-style":"default","ast-global-header-display":"","ast-banner-title-visibility":"","ast-main-header-display":"","ast-hfb-above-header-display":"","ast-hfb-below-header-display":"","ast-hfb-mobile-header-display":"","site-post-title":"disabled","ast-breadcrumbs-content":"","ast-featured-img":"","footer-sml-layout":"","ast-disable-related-posts":"","theme-transparent-header-meta":"","adv-header-id-meta":"","stick-header-meta":"","header-above-stick-meta":"","header-main-stick-meta":"","header-below-stick-meta":"","astra-migrate-meta-layouts":"default","ast-page-background-enabled":"default","ast-page-background-meta":{"desktop":{"background-color":"var(--ast-global-color-4)","background-image":"","background-repeat":"repeat","background-position":"center center","background-size":"auto","background-attachment":"scroll","background-type":"","background-media":"","overlay-type":"","overlay-color":"","overlay-opacity":"","overlay-gradient":""},"tablet":{"background-color":"","background-image":"","background-repeat":"repeat","background-position":"center center","background-size":"auto","background-attachment":"scroll","background-type":"","background-media":"","overlay-type":"","overlay-color":"","overlay-opacity":"","overlay-gradient":""},"mobile":{"background-color":"","background-image":"","background-repeat":"repeat","background-position":"center center","background-size":"auto","background-attachment":"scroll","background-type":"","background-media":"","overlay-type":"","overlay-color":"","overlay-opacity":"","overlay-gradient":""}},"ast-content-background-meta":{"desktop":{"background-color":"var(--ast-global-color-5)","background-image":"","background-repeat":"repeat","background-position":"center center","background-size":"auto","background-attachment":"scroll","background-type":"","background-media":"","overlay-type":"","overlay-color":"","overlay-opacity":"","overlay-gradient":""},"tablet":{"background-color":"var(--ast-global-color-5)","background-image":"","background-repeat":"repeat","background-position":"center center","background-size":"auto","background-attachment":"scroll","background-type":"","background-media":"","overlay-type":"","overlay-color":"","overlay-opacity":"","overlay-gradient":""},"mobile":{"background-color":"var(--ast-global-color-5)","background-image":"","background-repeat":"repeat","background-position":"center center","background-size":"auto","background-attachment":"scroll","background-type":"","background-media":"","overlay-type":"","overlay-color":"","overlay-opacity":"","overlay-gradient":""}},"footnotes":""},"class_list":["post-1602","page","type-page","status-publish","hentry"],"featured_image_src":null,"jetpack_sharing_enabled":true,"_links":{"self":[{"href":"https:\/\/mosel-kajak.de\/pt-pt\/wp-json\/wp\/v2\/pages\/1602","targetHints":{"allow":["GET"]}}],"collection":[{"href":"https:\/\/mosel-kajak.de\/pt-pt\/wp-json\/wp\/v2\/pages"}],"about":[{"href":"https:\/\/mosel-kajak.de\/pt-pt\/wp-json\/wp\/v2\/types\/page"}],"author":[{"embeddable":true,"href":"https:\/\/mosel-kajak.de\/pt-pt\/wp-json\/wp\/v2\/users\/1"}],"replies":[{"embeddable":true,"href":"https:\/\/mosel-kajak.de\/pt-pt\/wp-json\/wp\/v2\/comments?post=1602"}],"version-history":[{"count":7,"href":"https:\/\/mosel-kajak.de\/pt-pt\/wp-json\/wp\/v2\/pages\/1602\/revisions"}],"predecessor-version":[{"id":23732,"href":"https:\/\/mosel-kajak.de\/pt-pt\/wp-json\/wp\/v2\/pages\/1602\/revisions\/23732"}],"wp:attachment":[{"href":"https:\/\/mosel-kajak.de\/pt-pt\/wp-json\/wp\/v2\/media?parent=1602"}],"curies":[{"name":"wp","href":"https:\/\/api.w.org\/{rel}","templated":true}]}}