{"id":20842,"date":"2025-04-25T16:47:07","date_gmt":"2025-04-25T14:47:07","guid":{"rendered":"https:\/\/mosel-kajak.de\/perl-viagem-a-palzem\/"},"modified":"2025-06-04T19:01:16","modified_gmt":"2025-06-04T17:01:16","slug":"perl-viagem-a-palzem","status":"publish","type":"page","link":"https:\/\/mosel-kajak.de\/pt-pt\/perl-viagem-a-palzem\/","title":{"rendered":"Perl &#8211; Viagem a Palzem"},"content":{"rendered":"\n<h1 class=\"wp-block-heading has-text-align-left\">Perl &#8211; Palzem Tour em Kayak (10Km sem guia)<\/h1>\n\n<figure class=\"wp-block-image size-large\"><img data-recalc-dims=\"1\" loading=\"lazy\" decoding=\"async\" width=\"1024\" height=\"433\" src=\"https:\/\/i0.wp.com\/mosel-kajak.de\/wp-content\/uploads\/2025\/04\/Tour-Map-Perl-Palzem-.png?resize=1024%2C433&#038;ssl=1\" alt=\"\" class=\"wp-image-20536\" srcset=\"https:\/\/i0.wp.com\/mosel-kajak.de\/wp-content\/uploads\/2025\/04\/Tour-Map-Perl-Palzem-.png?resize=1024%2C433&amp;ssl=1 1024w, https:\/\/i0.wp.com\/mosel-kajak.de\/wp-content\/uploads\/2025\/04\/Tour-Map-Perl-Palzem-.png?resize=300%2C127&amp;ssl=1 300w, https:\/\/i0.wp.com\/mosel-kajak.de\/wp-content\/uploads\/2025\/04\/Tour-Map-Perl-Palzem-.png?resize=768%2C324&amp;ssl=1 768w, https:\/\/i0.wp.com\/mosel-kajak.de\/wp-content\/uploads\/2025\/04\/Tour-Map-Perl-Palzem-.png?resize=600%2C254&amp;ssl=1 600w, https:\/\/i0.wp.com\/mosel-kajak.de\/wp-content\/uploads\/2025\/04\/Tour-Map-Perl-Palzem-.png?w=1342&amp;ssl=1 1342w\" sizes=\"auto, (max-width: 1000px) 100vw, 1000px\" \/><\/figure>\n\n<h2 class=\"wp-block-heading\">Descri\u00e7\u00e3o:<\/h2>\n\n<p>Desfruta de uma relaxante viagem de caiaque de 10 km ao longo do rio Mosela com um m\u00e1ximo de 10 pessoas, come\u00e7ando em Perl, Alemanha.<\/p>\n\n<p>Os participantes devem dirigir-se \u00e0 <a href=\"https:\/\/maps.app.goo.gl\/MDroyfLVWbfHQUWu5\" data-type=\"link\" data-id=\"https:\/\/maps.app.goo.gl\/MDroyfLVWbfHQUWu5\">esta\u00e7\u00e3o de comboios de<\/a> Perl (para uso do GPS: Maim\u00fchle 1, 66706 Perl) e seguir a estrada que passa pela esta\u00e7\u00e3o de comboios e que leva a um t\u00fanel, aproximando-te do leito do rio, onde h\u00e1 estacionamento gratuito e um membro da equipa estar\u00e1 \u00e0 espera.<br\/>Ser\u00e3o fornecidos detalhes precisos no momento da reserva.<\/p>\n\n<div class=\"wp-block-jetpack-slideshow aligncenter\" data-effect=\"slide\"><div class=\"wp-block-jetpack-slideshow_container swiper-container\"><ul class=\"wp-block-jetpack-slideshow_swiper-wrapper swiper-wrapper\"><li class=\"wp-block-jetpack-slideshow_slide swiper-slide\"><figure><img data-recalc-dims=\"1\" loading=\"lazy\" decoding=\"async\" width=\"2048\" height=\"1536\" alt=\"\" class=\"wp-block-jetpack-slideshow_image wp-image-23679\" data-id=\"23679\" src=\"https:\/\/i0.wp.com\/mosel-kajak.de\/wp-content\/uploads\/2025\/06\/IMG_5074.jpeg?resize=2048%2C1536&#038;ssl=1\" srcset=\"https:\/\/i0.wp.com\/mosel-kajak.de\/wp-content\/uploads\/2025\/06\/IMG_5074.jpeg?w=2048&amp;ssl=1 2048w, https:\/\/i0.wp.com\/mosel-kajak.de\/wp-content\/uploads\/2025\/06\/IMG_5074.jpeg?resize=300%2C225&amp;ssl=1 300w, https:\/\/i0.wp.com\/mosel-kajak.de\/wp-content\/uploads\/2025\/06\/IMG_5074.jpeg?resize=1024%2C768&amp;ssl=1 1024w, https:\/\/i0.wp.com\/mosel-kajak.de\/wp-content\/uploads\/2025\/06\/IMG_5074.jpeg?resize=768%2C576&amp;ssl=1 768w, https:\/\/i0.wp.com\/mosel-kajak.de\/wp-content\/uploads\/2025\/06\/IMG_5074.jpeg?resize=1536%2C1152&amp;ssl=1 1536w, https:\/\/i0.wp.com\/mosel-kajak.de\/wp-content\/uploads\/2025\/06\/IMG_5074.jpeg?resize=600%2C450&amp;ssl=1 600w\" sizes=\"(max-width: 1000px) 100vw, 1000px\" \/><\/figure><\/li><li class=\"wp-block-jetpack-slideshow_slide swiper-slide\"><figure><img data-recalc-dims=\"1\" loading=\"lazy\" decoding=\"async\" width=\"2048\" height=\"1536\" alt=\"\" class=\"wp-block-jetpack-slideshow_image wp-image-23684\" data-id=\"23684\" src=\"https:\/\/i0.wp.com\/mosel-kajak.de\/wp-content\/uploads\/2025\/06\/IMG_5075.jpeg?resize=2048%2C1536&#038;ssl=1\" srcset=\"https:\/\/i0.wp.com\/mosel-kajak.de\/wp-content\/uploads\/2025\/06\/IMG_5075.jpeg?w=2048&amp;ssl=1 2048w, https:\/\/i0.wp.com\/mosel-kajak.de\/wp-content\/uploads\/2025\/06\/IMG_5075.jpeg?resize=300%2C225&amp;ssl=1 300w, https:\/\/i0.wp.com\/mosel-kajak.de\/wp-content\/uploads\/2025\/06\/IMG_5075.jpeg?resize=1024%2C768&amp;ssl=1 1024w, https:\/\/i0.wp.com\/mosel-kajak.de\/wp-content\/uploads\/2025\/06\/IMG_5075.jpeg?resize=768%2C576&amp;ssl=1 768w, https:\/\/i0.wp.com\/mosel-kajak.de\/wp-content\/uploads\/2025\/06\/IMG_5075.jpeg?resize=1536%2C1152&amp;ssl=1 1536w, https:\/\/i0.wp.com\/mosel-kajak.de\/wp-content\/uploads\/2025\/06\/IMG_5075.jpeg?resize=600%2C450&amp;ssl=1 600w\" sizes=\"(max-width: 1000px) 100vw, 1000px\" \/><\/figure><\/li><li class=\"wp-block-jetpack-slideshow_slide swiper-slide\"><figure><img data-recalc-dims=\"1\" loading=\"lazy\" decoding=\"async\" width=\"2048\" height=\"1536\" alt=\"\" class=\"wp-block-jetpack-slideshow_image wp-image-23689\" data-id=\"23689\" src=\"https:\/\/i0.wp.com\/mosel-kajak.de\/wp-content\/uploads\/2025\/06\/IMG_5077.jpeg?resize=2048%2C1536&#038;ssl=1\" srcset=\"https:\/\/i0.wp.com\/mosel-kajak.de\/wp-content\/uploads\/2025\/06\/IMG_5077.jpeg?w=2048&amp;ssl=1 2048w, https:\/\/i0.wp.com\/mosel-kajak.de\/wp-content\/uploads\/2025\/06\/IMG_5077.jpeg?resize=300%2C225&amp;ssl=1 300w, https:\/\/i0.wp.com\/mosel-kajak.de\/wp-content\/uploads\/2025\/06\/IMG_5077.jpeg?resize=1024%2C768&amp;ssl=1 1024w, https:\/\/i0.wp.com\/mosel-kajak.de\/wp-content\/uploads\/2025\/06\/IMG_5077.jpeg?resize=768%2C576&amp;ssl=1 768w, https:\/\/i0.wp.com\/mosel-kajak.de\/wp-content\/uploads\/2025\/06\/IMG_5077.jpeg?resize=1536%2C1152&amp;ssl=1 1536w, https:\/\/i0.wp.com\/mosel-kajak.de\/wp-content\/uploads\/2025\/06\/IMG_5077.jpeg?resize=600%2C450&amp;ssl=1 600w\" sizes=\"(max-width: 1000px) 100vw, 1000px\" \/><\/figure><\/li><li class=\"wp-block-jetpack-slideshow_slide swiper-slide\"><figure><img data-recalc-dims=\"1\" loading=\"lazy\" decoding=\"async\" width=\"2048\" height=\"1536\" alt=\"\" class=\"wp-block-jetpack-slideshow_image wp-image-23694\" data-id=\"23694\" src=\"https:\/\/i0.wp.com\/mosel-kajak.de\/wp-content\/uploads\/2025\/06\/IMG_5078.jpeg?resize=2048%2C1536&#038;ssl=1\" srcset=\"https:\/\/i0.wp.com\/mosel-kajak.de\/wp-content\/uploads\/2025\/06\/IMG_5078.jpeg?w=2048&amp;ssl=1 2048w, https:\/\/i0.wp.com\/mosel-kajak.de\/wp-content\/uploads\/2025\/06\/IMG_5078.jpeg?resize=300%2C225&amp;ssl=1 300w, https:\/\/i0.wp.com\/mosel-kajak.de\/wp-content\/uploads\/2025\/06\/IMG_5078.jpeg?resize=1024%2C768&amp;ssl=1 1024w, https:\/\/i0.wp.com\/mosel-kajak.de\/wp-content\/uploads\/2025\/06\/IMG_5078.jpeg?resize=768%2C576&amp;ssl=1 768w, https:\/\/i0.wp.com\/mosel-kajak.de\/wp-content\/uploads\/2025\/06\/IMG_5078.jpeg?resize=1536%2C1152&amp;ssl=1 1536w, https:\/\/i0.wp.com\/mosel-kajak.de\/wp-content\/uploads\/2025\/06\/IMG_5078.jpeg?resize=600%2C450&amp;ssl=1 600w\" sizes=\"(max-width: 1000px) 100vw, 1000px\" \/><\/figure><\/li><li class=\"wp-block-jetpack-slideshow_slide swiper-slide\"><figure><img data-recalc-dims=\"1\" loading=\"lazy\" decoding=\"async\" width=\"2048\" height=\"1536\" alt=\"\" class=\"wp-block-jetpack-slideshow_image wp-image-23699\" data-id=\"23699\" src=\"https:\/\/i0.wp.com\/mosel-kajak.de\/wp-content\/uploads\/2025\/06\/IMG_5081.jpeg?resize=2048%2C1536&#038;ssl=1\" srcset=\"https:\/\/i0.wp.com\/mosel-kajak.de\/wp-content\/uploads\/2025\/06\/IMG_5081.jpeg?w=2048&amp;ssl=1 2048w, https:\/\/i0.wp.com\/mosel-kajak.de\/wp-content\/uploads\/2025\/06\/IMG_5081.jpeg?resize=300%2C225&amp;ssl=1 300w, https:\/\/i0.wp.com\/mosel-kajak.de\/wp-content\/uploads\/2025\/06\/IMG_5081.jpeg?resize=1024%2C768&amp;ssl=1 1024w, https:\/\/i0.wp.com\/mosel-kajak.de\/wp-content\/uploads\/2025\/06\/IMG_5081.jpeg?resize=768%2C576&amp;ssl=1 768w, https:\/\/i0.wp.com\/mosel-kajak.de\/wp-content\/uploads\/2025\/06\/IMG_5081.jpeg?resize=1536%2C1152&amp;ssl=1 1536w, https:\/\/i0.wp.com\/mosel-kajak.de\/wp-content\/uploads\/2025\/06\/IMG_5081.jpeg?resize=600%2C450&amp;ssl=1 600w\" sizes=\"(max-width: 1000px) 100vw, 1000px\" \/><\/figure><\/li><\/ul><a class=\"wp-block-jetpack-slideshow_button-prev swiper-button-prev swiper-button-white\" role=\"button\"><\/a><a class=\"wp-block-jetpack-slideshow_button-next swiper-button-next swiper-button-white\" role=\"button\"><\/a><a aria-label=\"Pause Slideshow\" class=\"wp-block-jetpack-slideshow_button-pause\" role=\"button\"><\/a><div class=\"wp-block-jetpack-slideshow_pagination swiper-pagination swiper-pagination-white\"><\/div><\/div><\/div>\n\n<p>O transporte de Palzem de volta a Perl \u00e9 convenientemente organizado por comboio, mas tem em aten\u00e7\u00e3o que os bilhetes de comboio <strong><mark style=\"background-color:rgba(0, 0, 0, 0);color:#cf2e2e\" class=\"has-inline-color\">N\u00c3O<\/mark><\/strong> inclu\u00eddos e devem ser reservados de forma independente, por favor informa-te no <a href=\"https:\/\/www.bahn.de\/\" data-type=\"link\" data-id=\"https:\/\/www.bahn.de\/\">site oficial da Deutsche Bahn.<\/a><\/p>\n\n<p>Durante o passeio, passar\u00e1s por v\u00e1rios pontos de interesse, incluindo reservat\u00f3rios semelhantes a lagos com vida selvagem e v\u00e1rias cidades encantadoras, como Besch, Schwebsange (com a sua Marina), Bech Kleinmacher, Nennig e Remich.<\/p>\n\n<p>A viagem de caiaque de Perl a Palzem demora normalmente at\u00e9 2 horas e 30 minutos, dependendo do n\u00edvel de desportivismo do remador. <br\/>O custo do passeio \u00e9 de 55 \u20ac por pessoa e inclui instru\u00e7\u00f5es e orienta\u00e7\u00f5es detalhadas para garantir uma experi\u00eancia tranquila e agrad\u00e1vel.<br\/><br\/>A entrega do caiaque no ponto de partida est\u00e1 inclu\u00edda, e podes reservar um cadeado de arame de a\u00e7o para prender os caiaques de forma segura ao sair da \u00e1gua. <br\/><br\/>Isto garante-te tranquilidade durante as pausas ou paragens ao longo do percurso.<\/p>\n\n<figure class=\"wp-block-image size-large\"><img data-recalc-dims=\"1\" loading=\"lazy\" decoding=\"async\" width=\"1024\" height=\"768\" src=\"https:\/\/i0.wp.com\/mosel-kajak.de\/wp-content\/uploads\/2025\/04\/IMG_7500.jpeg?resize=1024%2C768&#038;ssl=1\" alt=\"Doca de barcos Palzem  \" class=\"wp-image-20561\" srcset=\"https:\/\/i0.wp.com\/mosel-kajak.de\/wp-content\/uploads\/2025\/04\/IMG_7500.jpeg?resize=1024%2C768&amp;ssl=1 1024w, https:\/\/i0.wp.com\/mosel-kajak.de\/wp-content\/uploads\/2025\/04\/IMG_7500.jpeg?resize=300%2C225&amp;ssl=1 300w, https:\/\/i0.wp.com\/mosel-kajak.de\/wp-content\/uploads\/2025\/04\/IMG_7500.jpeg?resize=768%2C576&amp;ssl=1 768w, https:\/\/i0.wp.com\/mosel-kajak.de\/wp-content\/uploads\/2025\/04\/IMG_7500.jpeg?resize=1536%2C1152&amp;ssl=1 1536w, https:\/\/i0.wp.com\/mosel-kajak.de\/wp-content\/uploads\/2025\/04\/IMG_7500.jpeg?resize=600%2C450&amp;ssl=1 600w, https:\/\/i0.wp.com\/mosel-kajak.de\/wp-content\/uploads\/2025\/04\/IMG_7500.jpeg?w=2048&amp;ssl=1 2048w\" sizes=\"auto, (max-width: 1000px) 100vw, 1000px\" \/><\/figure>\n\n<p>A visita termina na Pizzeria L&#8217;italiano em Palzem, mesmo junto ao leito do rio, com uma plataforma de pedra a servir de cais.  <br\/>Quando chegares, podes telefonar-nos para combinar o levantamento do barco.  <br\/><br\/>Entretanto, desfruta de uma bebida ou de uma boa refei\u00e7\u00e3o na pizzaria l&#8217;Italiano, enquanto apreendes a tranquila vista do Mosel.<br\/>A zona \u00e9 conhecida pelos seus numerosos produtores de vinho, como os Sauerweins, oferecendo a oportunidade de descobrir os vinhos locais.  <br\/><br\/>Al\u00e9m disso, Palzem disp\u00f5e de v\u00e1rios restaurantes, perfeitos para desfrutares de uma refei\u00e7\u00e3o ap\u00f3s o passeio de caiaque.  <br\/>Para aqueles que pretendem prolongar a sua estadia, a cidade oferece op\u00e7\u00f5es de hot\u00e9is e outros alojamentos para pernoitar.<\/p>\n\n<p>Esta excurs\u00e3o \u00e9 adequada para todos os n\u00edveis de aptid\u00e3o e oferece uma oportunidade de conhecer o calmo e c\u00e9nico rio Mosela com conforto.<\/p>\n\n<div class=\"wp-block-buttons is-content-justification-left is-layout-flex wp-container-core-buttons-is-layout-fc4fd283 wp-block-buttons-is-layout-flex\">\n<div class=\"wp-block-button\"><a class=\"wp-block-button__link has-text-align-center wp-element-button\" href=\"https:\/\/mosel-kajak.de\/pt-pt\/contacto\/\">Visita ao livro<\/a><\/div>\n<\/div>\n\n<p><\/p>\n","protected":false},"excerpt":{"rendered":"<p>Perl &#8211; Palzem Tour em Kayak (10Km sem guia) Descri\u00e7\u00e3o: Desfruta de uma relaxante viagem de caiaque de 10 km ao longo do rio Mosela com um m\u00e1ximo de 10 pessoas, come\u00e7ando em Perl, Alemanha. Os participantes devem dirigir-se \u00e0 esta\u00e7\u00e3o de comboios de Perl (para uso do GPS: Maim\u00fchle 1, 66706 Perl) e seguir [&hellip;]<\/p>\n","protected":false},"author":3,"featured_media":0,"parent":0,"menu_order":0,"comment_status":"closed","ping_status":"closed","template":"","meta":{"site-sidebar-layout":"default","site-content-layout":"","ast-site-content-layout":"default","site-content-style":"default","site-sidebar-style":"default","ast-global-header-display":"","ast-banner-title-visibility":"","ast-main-header-display":"","ast-hfb-above-header-display":"","ast-hfb-below-header-display":"","ast-hfb-mobile-header-display":"","site-post-title":"disabled","ast-breadcrumbs-content":"","ast-featured-img":"","footer-sml-layout":"","ast-disable-related-posts":"","theme-transparent-header-meta":"","adv-header-id-meta":"","stick-header-meta":"","header-above-stick-meta":"","header-main-stick-meta":"","header-below-stick-meta":"","astra-migrate-meta-layouts":"default","ast-page-background-enabled":"default","ast-page-background-meta":{"desktop":{"background-color":"var(--ast-global-color-4)","background-image":"","background-repeat":"repeat","background-position":"center center","background-size":"auto","background-attachment":"scroll","background-type":"","background-media":"","overlay-type":"","overlay-color":"","overlay-opacity":"","overlay-gradient":""},"tablet":{"background-color":"","background-image":"","background-repeat":"repeat","background-position":"center center","background-size":"auto","background-attachment":"scroll","background-type":"","background-media":"","overlay-type":"","overlay-color":"","overlay-opacity":"","overlay-gradient":""},"mobile":{"background-color":"","background-image":"","background-repeat":"repeat","background-position":"center center","background-size":"auto","background-attachment":"scroll","background-type":"","background-media":"","overlay-type":"","overlay-color":"","overlay-opacity":"","overlay-gradient":""}},"ast-content-background-meta":{"desktop":{"background-color":"var(--ast-global-color-5)","background-image":"","background-repeat":"repeat","background-position":"center center","background-size":"auto","background-attachment":"scroll","background-type":"","background-media":"","overlay-type":"","overlay-color":"","overlay-opacity":"","overlay-gradient":""},"tablet":{"background-color":"var(--ast-global-color-5)","background-image":"","background-repeat":"repeat","background-position":"center center","background-size":"auto","background-attachment":"scroll","background-type":"","background-media":"","overlay-type":"","overlay-color":"","overlay-opacity":"","overlay-gradient":""},"mobile":{"background-color":"var(--ast-global-color-5)","background-image":"","background-repeat":"repeat","background-position":"center center","background-size":"auto","background-attachment":"scroll","background-type":"","background-media":"","overlay-type":"","overlay-color":"","overlay-opacity":"","overlay-gradient":""}},"footnotes":""},"class_list":["post-20842","page","type-page","status-publish","hentry"],"featured_image_src":null,"jetpack_sharing_enabled":true,"_links":{"self":[{"href":"https:\/\/mosel-kajak.de\/pt-pt\/wp-json\/wp\/v2\/pages\/20842","targetHints":{"allow":["GET"]}}],"collection":[{"href":"https:\/\/mosel-kajak.de\/pt-pt\/wp-json\/wp\/v2\/pages"}],"about":[{"href":"https:\/\/mosel-kajak.de\/pt-pt\/wp-json\/wp\/v2\/types\/page"}],"author":[{"embeddable":true,"href":"https:\/\/mosel-kajak.de\/pt-pt\/wp-json\/wp\/v2\/users\/3"}],"replies":[{"embeddable":true,"href":"https:\/\/mosel-kajak.de\/pt-pt\/wp-json\/wp\/v2\/comments?post=20842"}],"version-history":[{"count":4,"href":"https:\/\/mosel-kajak.de\/pt-pt\/wp-json\/wp\/v2\/pages\/20842\/revisions"}],"predecessor-version":[{"id":23718,"href":"https:\/\/mosel-kajak.de\/pt-pt\/wp-json\/wp\/v2\/pages\/20842\/revisions\/23718"}],"wp:attachment":[{"href":"https:\/\/mosel-kajak.de\/pt-pt\/wp-json\/wp\/v2\/media?parent=20842"}],"curies":[{"name":"wp","href":"https:\/\/api.w.org\/{rel}","templated":true}]}}