{"id":3160,"date":"2023-05-31T09:09:52","date_gmt":"2023-05-31T07:09:52","guid":{"rendered":"https:\/\/mosel-kajak.de\/?page_id=3160"},"modified":"2023-08-05T20:45:38","modified_gmt":"2023-08-05T18:45:38","slug":"reservar-um-kajak","status":"publish","type":"page","link":"https:\/\/mosel-kajak.de\/pt-pt\/reservar-um-kajak\/","title":{"rendered":"Reservar um Kajak"},"content":{"rendered":"\n<div style=\"height:83px\" aria-hidden=\"true\" class=\"wp-block-spacer\"><\/div>\n\n<div class=\"wp-block-columns is-layout-flex wp-container-core-columns-is-layout-d7d455e7 wp-block-columns-is-layout-flex\" style=\"padding-top:0;padding-right:0;padding-bottom:0;padding-left:0\">\n<div class=\"wp-block-column is-layout-flow wp-block-column-is-layout-flow\">\n<h1 class=\"wp-block-heading has-text-align-center\">Reserve um caiaque hoje!<\/h1>\n\n\n\n<div style=\"height:19px\" aria-hidden=\"true\" class=\"wp-block-spacer\"><\/div>\n<\/div>\n<\/div>\n\n<div class=\"wp-block-columns is-layout-flex wp-container-core-columns-is-layout-28f84493 wp-block-columns-is-layout-flex\">\n<div class=\"wp-block-column is-layout-flow wp-block-column-is-layout-flow\">\n<div class=\"wp-block-columns alignwide is-layout-flex wp-container-core-columns-is-layout-28f84493 wp-block-columns-is-layout-flex\">\n<div class=\"wp-block-column is-layout-flow wp-block-column-is-layout-flow\" style=\"flex-basis:25%\">\n<div class=\"wp-block-cover is-light has-custom-content-position is-position-top-left has-background-color has-text-color wp-duotone-unset-2\" style=\"padding-top:0.8em;min-height:130px;aspect-ratio:unset;\"><span aria-hidden=\"true\" class=\"wp-block-cover__background has-background-dim-100 has-background-dim\" style=\"background-color:#fcd700\"><\/span><div class=\"wp-block-cover__inner-container is-layout-flow wp-container-core-cover-is-layout-f76720b3 wp-block-cover-is-layout-flow\">\n<p class=\"has-base-color has-text-color has-large-font-size\" style=\"margin-top:4px;margin-right:0px;margin-bottom:0px;margin-left:0px;line-height:1\"><strong><sup><span style=\"text-decoration: underline\">Meio dia  <\/span><\/sup><\/strong><\/p>\n\n\n\n<p class=\"has-base-color has-text-color has-large-font-size\" style=\"margin-top:4px;margin-right:0px;margin-bottom:0px;margin-left:0px;line-height:1\"><strong>45\u20ac  <\/strong><\/p>\n<\/div><\/div>\n\n\n\n<p class=\"has-text-align-left has-contrast-color has-text-color has-small-font-size\" style=\"margin-top:10px;margin-right:10px;margin-bottom:10px;margin-left:10px\">*35 euros para o Speedo-Kayak<\/p>\n<\/div>\n\n\n\n<div class=\"wp-block-column is-layout-flow wp-block-column-is-layout-flow\" style=\"flex-basis:25%\">\n<div class=\"wp-block-cover has-custom-content-position is-position-top-left has-background-color has-text-color\" style=\"padding-top:0.8em;min-height:130px;aspect-ratio:unset;\"><span aria-hidden=\"true\" class=\"wp-block-cover__background has-background-dim-100 has-background-dim\" style=\"background-color:#00d126\"><\/span><div class=\"wp-block-cover__inner-container is-layout-flow wp-container-core-cover-is-layout-f76720b3 wp-block-cover-is-layout-flow\">\n<p class=\"has-base-color has-text-color has-large-font-size\" style=\"margin-top:4px;margin-right:0px;margin-bottom:0px;margin-left:0px;line-height:1\"><strong><sup><span style=\"text-decoration: underline\">Dia inteiro<\/span><\/sup><\/strong><\/p>\n\n\n\n<p class=\"has-base-color has-text-color has-large-font-size\" style=\"margin-top:4px;margin-right:0px;margin-bottom:0px;margin-left:0px;line-height:1\"><strong>75\u20ac<\/strong><\/p>\n<\/div><\/div>\n\n\n\n<p class=\"has-text-align-left has-contrast-color has-text-color has-small-font-size\" style=\"margin-top:10px;margin-right:10px;margin-bottom:10px;margin-left:10px\">*65 euros para o Speedo-Kayak<\/p>\n<\/div>\n\n\n\n<div class=\"wp-block-column is-layout-flow wp-block-column-is-layout-flow\" style=\"flex-basis:25%\">\n<div class=\"wp-block-cover has-custom-content-position is-position-top-left has-background-color has-text-color wp-duotone-unset-3\" style=\"padding-top:0.8em;min-height:130px;aspect-ratio:unset;\"><span aria-hidden=\"true\" class=\"wp-block-cover__background has-ast-global-color-0-background-color has-background-dim-100 has-background-dim\"><\/span><div class=\"wp-block-cover__inner-container is-layout-flow wp-container-core-cover-is-layout-f76720b3 wp-block-cover-is-layout-flow\">\n<p class=\"has-base-color has-text-color has-large-font-size\" style=\"margin-top:4px;margin-right:0px;margin-bottom:0px;margin-left:0px;line-height:1\"><strong><sup><span style=\"text-decoration: underline\">dep\u00f3sito<\/span><\/sup><\/strong><\/p>\n\n\n\n<p class=\"has-base-color has-text-color has-large-font-size\" style=\"margin-top:4px;margin-right:0px;margin-bottom:0px;margin-left:0px;line-height:1\"><strong>100\u20ac  <\/strong><\/p>\n<\/div><\/div>\n\n\n\n<p class=\"has-text-align-left has-contrast-color has-text-color has-small-font-size\" style=\"margin-top:10px;margin-right:10px;margin-bottom:10px;margin-left:10px\">*por barco<\/p>\n<\/div>\n\n\n\n<div class=\"wp-block-column is-layout-flow wp-block-column-is-layout-flow\" style=\"flex-basis:25%\">\n<div class=\"wp-block-cover is-light has-custom-content-position is-position-top-left has-background-color has-text-color\" style=\"padding-top:0.8em;min-height:130px;aspect-ratio:unset;\"><span aria-hidden=\"true\" class=\"wp-block-cover__background has-background-dim-100 has-background-dim\" style=\"background-color:#04c3d1\"><\/span><div class=\"wp-block-cover__inner-container is-layout-flow wp-container-core-cover-is-layout-f76720b3 wp-block-cover-is-layout-flow\">\n<p class=\"has-base-color has-text-color has-large-font-size\" style=\"margin-top:4px;margin-right:0px;margin-bottom:0px;margin-left:0px;line-height:1\"><strong><sup>P\u00e1s<\/sup><\/strong><\/p>\n\n\n\n<p class=\"has-base-color has-text-color has-large-font-size\" style=\"margin-top:4px;margin-right:0px;margin-bottom:0px;margin-left:0px;line-height:1\"><strong><sup>inclu\u00eddo<\/sup><\/strong><\/p>\n<\/div><\/div>\n<\/div>\n\n\n\n<div class=\"wp-block-column is-layout-flow wp-block-column-is-layout-flow\" style=\"flex-basis:25%\">\n<div class=\"wp-block-cover is-light has-custom-content-position is-position-top-left has-background-color has-text-color\" style=\"padding-top:0.8em;min-height:130px;aspect-ratio:unset;\"><span aria-hidden=\"true\" class=\"wp-block-cover__background has-background-dim-100 has-background-dim\" style=\"background-color:#04c3d1\"><\/span><div class=\"wp-block-cover__inner-container is-layout-flow wp-container-core-cover-is-layout-f76720b3 wp-block-cover-is-layout-flow\">\n<p class=\"has-base-color has-text-color has-large-font-size\" style=\"margin-top:4px;margin-right:0px;margin-bottom:0px;margin-left:0px;line-height:1\"><strong><sup>Sacos<\/sup><\/strong><\/p>\n\n\n\n<p class=\"has-base-color has-text-color has-large-font-size\" style=\"margin-top:4px;margin-right:0px;margin-bottom:0px;margin-left:0px;line-height:1\"><strong><sup>inclu\u00eddo<\/sup><\/strong><\/p>\n<\/div><\/div>\n<\/div>\n<\/div>\n<\/div>\n<\/div>\n\n<p class=\"has-text-align-center\" style=\"font-size:28px\"><sub><mark style=\"color:#ff0000\" class=\"has-inline-color\"><span style=\"text-decoration: underline\">Atualmente, s\u00f3 s\u00e3o aceites pagamentos em numer\u00e1rio  <\/span><\/mark><\/sub><\/p>\n\n<div class=\"wp-block-columns is-layout-flex wp-container-core-columns-is-layout-d7d455e7 wp-block-columns-is-layout-flex\" style=\"padding-top:0;padding-right:0;padding-bottom:0;padding-left:0\">\n<div class=\"wp-block-column is-layout-flow wp-block-column-is-layout-flow\">\n<h2 class=\"wp-block-heading has-text-align-center\">Tipos de caiaques dispon\u00edveis:<\/h2>\n\n\n\n<div style=\"height:17px\" aria-hidden=\"true\" class=\"wp-block-spacer\"><\/div>\n<\/div>\n<\/div>\n\n<div class=\"wp-block-columns alignwide is-layout-flex wp-container-core-columns-is-layout-28f84493 wp-block-columns-is-layout-flex\">\n<div class=\"wp-block-column is-layout-flow wp-block-column-is-layout-flow\">\n<figure class=\"wp-block-gallery has-nested-images columns-default is-cropped wp-block-gallery-4 is-layout-flex wp-block-gallery-is-layout-flex\">\n<figure class=\"wp-block-image size-large\"><img data-recalc-dims=\"1\" height=\"768\" width=\"1024\" decoding=\"async\" data-id=\"271\" src=\"https:\/\/i0.wp.com\/mosel-kajak.de\/wp-content\/uploads\/2023\/06\/IMG_7021.jpeg?resize=1024%2C768&#038;ssl=1\" alt=\"\" class=\"wp-image-271\" \/><\/figure><\/figure>\n<\/div>\n\n\n\n<div class=\"wp-block-column is-layout-flow wp-block-column-is-layout-flow\">\n<h2 class=\"wp-block-heading\">O <span class=\"notranslate\"> Skipper<\/span><\/h2>\n\n\n\n<p>Este \u00e9 um confort\u00e1vel caiaque de assento \u00fanico que combina seguran\u00e7a com conforto e divers\u00e3o!<br \/>Perfeito para todos, oferece um grande espa\u00e7o para as pernas e mant\u00e9m-se est\u00e1vel na \u00e1gua.<\/p>\n\n\n\n<p><strong>Caracter\u00edsticas:<\/strong><br \/>&#8211; Pedais de perna (ajust\u00e1veis)<br \/>&#8211; espa\u00e7o de arruma\u00e7\u00e3o  <br \/>&#8211; suporte para copos  <\/p>\n\n\n\n<p>O polivalente perfeito!<\/p>\n\n\n\n<a href=\"tel:+491707065408\">Ligue-nos para o +491707065408<\/a>\n<\/div>\n<\/div>\n\n<div class=\"wp-block-columns alignwide is-layout-flex wp-container-core-columns-is-layout-28f84493 wp-block-columns-is-layout-flex\">\n<div class=\"wp-block-column is-layout-flow wp-block-column-is-layout-flow\">\n<figure class=\"wp-block-gallery has-nested-images columns-default is-cropped wp-block-gallery-5 is-layout-flex wp-block-gallery-is-layout-flex\">\n<figure class=\"wp-block-image size-large\"><img data-recalc-dims=\"1\" loading=\"lazy\" decoding=\"async\" width=\"1024\" height=\"768\" data-id=\"265\" src=\"https:\/\/i0.wp.com\/mosel-kajak.de\/wp-content\/uploads\/2023\/06\/IMG_6849.jpeg?resize=1024%2C768&#038;ssl=1\" alt=\"\" class=\"wp-image-265\" srcset=\"https:\/\/i0.wp.com\/mosel-kajak.de\/wp-content\/uploads\/2023\/06\/IMG_6849.jpeg?resize=1024%2C768&amp;ssl=1 1024w, https:\/\/i0.wp.com\/mosel-kajak.de\/wp-content\/uploads\/2023\/06\/IMG_6849.jpeg?resize=300%2C225&amp;ssl=1 300w, https:\/\/i0.wp.com\/mosel-kajak.de\/wp-content\/uploads\/2023\/06\/IMG_6849.jpeg?resize=768%2C576&amp;ssl=1 768w, https:\/\/i0.wp.com\/mosel-kajak.de\/wp-content\/uploads\/2023\/06\/IMG_6849.jpeg?resize=1536%2C1152&amp;ssl=1 1536w, https:\/\/i0.wp.com\/mosel-kajak.de\/wp-content\/uploads\/2023\/06\/IMG_6849.jpeg?resize=600%2C450&amp;ssl=1 600w, https:\/\/i0.wp.com\/mosel-kajak.de\/wp-content\/uploads\/2023\/06\/IMG_6849.jpeg?w=2048&amp;ssl=1 2048w\" sizes=\"auto, (max-width: 1000px) 100vw, 1000px\" \/><\/figure><\/figure>\n<\/div>\n\n\n\n<div class=\"wp-block-column is-layout-flow wp-block-column-is-layout-flow\">\n<h2 class=\"wp-block-heading\">O tubar\u00e3o<\/h2>\n\n\n\n<p>O tubar\u00e3o \u00e9 o mesmo modelo confort\u00e1vel que alia a seguran\u00e7a ao conforto e \u00e0 divers\u00e3o!<br \/>Perfeito para todos, oferece um grande espa\u00e7o para as pernas e mant\u00e9m-se est\u00e1vel na \u00e1gua.<\/p>\n\n\n\n<p><strong>Caracter\u00edsticas:<\/strong><br \/>&#8211; Pedais de perna (ajust\u00e1veis)<br \/>&#8211; espa\u00e7o de arruma\u00e7\u00e3o  <br \/>&#8211; suporte para copos  <\/p>\n\n\n\n<p>O polivalente perfeito!<\/p>\n\n\n\n<a href=\"tel:+491707065408\">Ligue-nos para o +491707065408<\/a>\n<\/div>\n<\/div>\n\n<div class=\"wp-block-columns alignwide is-layout-flex wp-container-core-columns-is-layout-28f84493 wp-block-columns-is-layout-flex\">\n<div class=\"wp-block-column is-layout-flow wp-block-column-is-layout-flow\">\n<figure class=\"wp-block-gallery has-nested-images columns-default is-cropped wp-block-gallery-6 is-layout-flex wp-block-gallery-is-layout-flex\">\n<figure class=\"wp-block-image size-large\"><img data-recalc-dims=\"1\" loading=\"lazy\" decoding=\"async\" width=\"1024\" height=\"768\" data-id=\"267\" src=\"https:\/\/i0.wp.com\/mosel-kajak.de\/wp-content\/uploads\/2023\/06\/IMG_6856.jpeg?resize=1024%2C768&#038;ssl=1\" alt=\"\" class=\"wp-image-267\" srcset=\"https:\/\/i0.wp.com\/mosel-kajak.de\/wp-content\/uploads\/2023\/06\/IMG_6856.jpeg?resize=1024%2C768&amp;ssl=1 1024w, https:\/\/i0.wp.com\/mosel-kajak.de\/wp-content\/uploads\/2023\/06\/IMG_6856.jpeg?resize=300%2C225&amp;ssl=1 300w, https:\/\/i0.wp.com\/mosel-kajak.de\/wp-content\/uploads\/2023\/06\/IMG_6856.jpeg?resize=768%2C576&amp;ssl=1 768w, https:\/\/i0.wp.com\/mosel-kajak.de\/wp-content\/uploads\/2023\/06\/IMG_6856.jpeg?resize=1536%2C1152&amp;ssl=1 1536w, https:\/\/i0.wp.com\/mosel-kajak.de\/wp-content\/uploads\/2023\/06\/IMG_6856.jpeg?resize=600%2C450&amp;ssl=1 600w, https:\/\/i0.wp.com\/mosel-kajak.de\/wp-content\/uploads\/2023\/06\/IMG_6856.jpeg?w=2048&amp;ssl=1 2048w\" sizes=\"auto, (max-width: 1000px) 100vw, 1000px\" \/><\/figure><\/figure>\n<\/div>\n\n\n\n<div class=\"wp-block-column is-layout-flow wp-block-column-is-layout-flow\">\n<h2 class=\"wp-block-heading\">O <span class=\"notranslate\">veloc\u00edpede<\/span><\/h2>\n\n\n\n<p>Um modelo mais antigo que oferece velocidades de cruzeiro mais r\u00e1pidas, mas n\u00e3o \u00e9 t\u00e3o confort\u00e1vel para pessoas maiores, \u00e9 mais dif\u00edcil de dirigir e de manter a dire\u00e7\u00e3o.<br \/>S\u00f3 consideramos utilizadores avan\u00e7ados para esta embarca\u00e7\u00e3o de recreio.<\/p>\n\n\n\n<p>Perfeito para todos os amantes da competi\u00e7\u00e3o!<\/p>\n\n\n\n<a href=\"tel:+491707065408\">Ligue-nos para o +491707065408<\/a>\n<\/div>\n<\/div>\n\n<h1 class=\"wp-block-heading has-text-align-center\">Ainda tem d\u00favidas?<\/h1>\n\n<h3 class=\"wp-block-heading\">Com quanto tempo de anteced\u00eancia devo reservar?<\/h3>\n\n<p class=\"has-medium-font-size\">Precisamos de pelo menos <strong>24 horas<\/strong> antes do dia da reserva, mas pode telefonar-nos e pedir uma <strong>reserva para o mesmo dia<\/strong>.<\/p>\n\n<h3 class=\"wp-block-heading\">Onde posso ir buscar os barcos?<\/h3>\n\n<p class=\"has-medium-font-size\">Pode levantar os barcos no nosso <a href=\"https:\/\/mosel-kajak.de\/localizacoes\/?lang=pt-pt\" data-type=\"page\" data-id=\"76\">\n  <strong>\n    <span style=\"text-decoration: underline\">local de recolha<\/span>\n  <\/strong>\n<\/a> ou solicitar um local espec\u00edfico.<\/p>\n\n<h3 class=\"wp-block-heading\">E se eu precisar de cancelar a minha reserva?<\/h3>\n\n<p class=\"has-medium-font-size\">Se precisar de cancelar a sua reserva, pode <a href=\"https:\/\/mosel-kajak.de\/contacto\/?lang=pt-pt\" data-type=\"page\" data-id=\"75\">\n  <strong>\n    <span style=\"text-decoration: underline\">telefonar-nos<\/span>\n  <\/strong>\n<\/a> e n\u00f3s cancel\u00e1-la-emos gratuitamente, o cancelamento \u00e9 poss\u00edvel <strong>24 horas antes do levantamento<\/strong>.<\/p>\n\n<h3 class=\"wp-block-heading\">E se chover?<\/h3>\n\n<p class=\"has-medium-font-size\">Se chover, podemos transferir a reserva para outro dia dispon\u00edvel gratuitamente.<\/p>\n\n<p><\/p>\n","protected":false},"excerpt":{"rendered":"<p>Reserve um caiaque hoje! *35 euros para o Speedo-Kayak *65 euros para o Speedo-Kayak *por barco Atualmente, s\u00f3 s\u00e3o aceites pagamentos em numer\u00e1rio Tipos de caiaques dispon\u00edveis: O Skipper Este \u00e9 um confort\u00e1vel caiaque de assento \u00fanico que combina seguran\u00e7a com conforto e divers\u00e3o!Perfeito para todos, oferece um grande espa\u00e7o para as pernas e mant\u00e9m-se [&hellip;]<\/p>\n","protected":false},"author":1,"featured_media":0,"parent":0,"menu_order":0,"comment_status":"closed","ping_status":"closed","template":"","meta":{"site-sidebar-layout":"default","site-content-layout":"","ast-site-content-layout":"default","site-content-style":"default","site-sidebar-style":"default","ast-global-header-display":"","ast-banner-title-visibility":"","ast-main-header-display":"","ast-hfb-above-header-display":"","ast-hfb-below-header-display":"","ast-hfb-mobile-header-display":"","site-post-title":"disabled","ast-breadcrumbs-content":"","ast-featured-img":"","footer-sml-layout":"","ast-disable-related-posts":"","theme-transparent-header-meta":"","adv-header-id-meta":"","stick-header-meta":"","header-above-stick-meta":"","header-main-stick-meta":"","header-below-stick-meta":"","astra-migrate-meta-layouts":"default","ast-page-background-enabled":"default","ast-page-background-meta":{"desktop":{"background-color":"var(--ast-global-color-4)","background-image":"","background-repeat":"repeat","background-position":"center center","background-size":"auto","background-attachment":"scroll","background-type":"","background-media":"","overlay-type":"","overlay-color":"","overlay-opacity":"","overlay-gradient":""},"tablet":{"background-color":"","background-image":"","background-repeat":"repeat","background-position":"center center","background-size":"auto","background-attachment":"scroll","background-type":"","background-media":"","overlay-type":"","overlay-color":"","overlay-opacity":"","overlay-gradient":""},"mobile":{"background-color":"","background-image":"","background-repeat":"repeat","background-position":"center center","background-size":"auto","background-attachment":"scroll","background-type":"","background-media":"","overlay-type":"","overlay-color":"","overlay-opacity":"","overlay-gradient":""}},"ast-content-background-meta":{"desktop":{"background-color":"var(--ast-global-color-5)","background-image":"","background-repeat":"repeat","background-position":"center center","background-size":"auto","background-attachment":"scroll","background-type":"","background-media":"","overlay-type":"","overlay-color":"","overlay-opacity":"","overlay-gradient":""},"tablet":{"background-color":"var(--ast-global-color-5)","background-image":"","background-repeat":"repeat","background-position":"center center","background-size":"auto","background-attachment":"scroll","background-type":"","background-media":"","overlay-type":"","overlay-color":"","overlay-opacity":"","overlay-gradient":""},"mobile":{"background-color":"var(--ast-global-color-5)","background-image":"","background-repeat":"repeat","background-position":"center center","background-size":"auto","background-attachment":"scroll","background-type":"","background-media":"","overlay-type":"","overlay-color":"","overlay-opacity":"","overlay-gradient":""}},"footnotes":""},"class_list":["post-3160","page","type-page","status-publish","hentry"],"featured_image_src":null,"jetpack_sharing_enabled":true,"_links":{"self":[{"href":"https:\/\/mosel-kajak.de\/pt-pt\/wp-json\/wp\/v2\/pages\/3160","targetHints":{"allow":["GET"]}}],"collection":[{"href":"https:\/\/mosel-kajak.de\/pt-pt\/wp-json\/wp\/v2\/pages"}],"about":[{"href":"https:\/\/mosel-kajak.de\/pt-pt\/wp-json\/wp\/v2\/types\/page"}],"author":[{"embeddable":true,"href":"https:\/\/mosel-kajak.de\/pt-pt\/wp-json\/wp\/v2\/users\/1"}],"replies":[{"embeddable":true,"href":"https:\/\/mosel-kajak.de\/pt-pt\/wp-json\/wp\/v2\/comments?post=3160"}],"version-history":[{"count":6,"href":"https:\/\/mosel-kajak.de\/pt-pt\/wp-json\/wp\/v2\/pages\/3160\/revisions"}],"predecessor-version":[{"id":3193,"href":"https:\/\/mosel-kajak.de\/pt-pt\/wp-json\/wp\/v2\/pages\/3160\/revisions\/3193"}],"wp:attachment":[{"href":"https:\/\/mosel-kajak.de\/pt-pt\/wp-json\/wp\/v2\/media?parent=3160"}],"curies":[{"name":"wp","href":"https:\/\/api.w.org\/{rel}","templated":true}]}}